{"id":19309,"date":"2026-04-12T00:27:49","date_gmt":"2026-04-11T22:27:49","guid":{"rendered":"https:\/\/parapharmacieenligne.ma\/?post_type=product&#038;p=19309"},"modified":"2026-04-12T00:27:55","modified_gmt":"2026-04-11T22:27:55","slug":"gum-manche-par-6-unites-abec-brossette-micro-fine-0-9mm-ref-2314","status":"publish","type":"product","link":"https:\/\/parapharmacieenligne.ma\/en\/product\/gum-manche-par-6-unites-abec-brossette-micro-fine-0-9mm-ref-2314\/","title":{"rendered":"GUM MANCHE PAR 6 UNITES ABEC BROSSETTE MICRO FINE 0.9MM REF 2314"},"content":{"rendered":"<p>Brossettes Interdentaires Bi Direction 0.9 mm r\u00e9f 2314<\/p>\n<p>Un m\u00e9canisme original et simple \u00e0 utiliser.<\/p>\n<p>Orientation de la t\u00eate de la brossettes en 2 positions par simple mouvement du pouce.<\/p>\n<p>Longueur du manche permettant un acc\u00e8s facile quel que soit l\u00a0\u00bbespace \u00e0 nettoyer.<\/p>\n<p>Forme incurv\u00e9e : bonne prise en main.<\/p>","protected":false},"excerpt":{"rendered":"<p>Brossettes Interdentaires Bi Direction 0.9 mm r\u00e9f 2314 Un m\u00e9canisme original et simple \u00e0 utiliser. Orientation de la t\u00eate de la brossettes&hellip;<\/p>","protected":false},"featured_media":19308,"comment_status":"open","ping_status":"closed","template":"","meta":[],"product_cat":[88],"product_tag":[],"yith_product_brand":[215],"class_list":{"0":"post-19309","1":"product","2":"type-product","3":"status-publish","4":"has-post-thumbnail","6":"product_cat-soins-bucco-dentaires","7":"yith_product_brand-g-u-m","9":"first","10":"instock","11":"sale","12":"shipping-taxable","13":"purchasable","14":"product-type-simple"},"_links":{"self":[{"href":"https:\/\/parapharmacieenligne.ma\/en\/wp-json\/wp\/v2\/product\/19309","targetHints":{"allow":["GET"]}}],"collection":[{"href":"https:\/\/parapharmacieenligne.ma\/en\/wp-json\/wp\/v2\/product"}],"about":[{"href":"https:\/\/parapharmacieenligne.ma\/en\/wp-json\/wp\/v2\/types\/product"}],"replies":[{"embeddable":true,"href":"https:\/\/parapharmacieenligne.ma\/en\/wp-json\/wp\/v2\/comments?post=19309"}],"version-history":[{"count":1,"href":"https:\/\/parapharmacieenligne.ma\/en\/wp-json\/wp\/v2\/product\/19309\/revisions"}],"predecessor-version":[{"id":19310,"href":"https:\/\/parapharmacieenligne.ma\/en\/wp-json\/wp\/v2\/product\/19309\/revisions\/19310"}],"wp:featuredmedia":[{"embeddable":true,"href":"https:\/\/parapharmacieenligne.ma\/en\/wp-json\/wp\/v2\/media\/19308"}],"wp:attachment":[{"href":"https:\/\/parapharmacieenligne.ma\/en\/wp-json\/wp\/v2\/media?parent=19309"}],"wp:term":[{"taxonomy":"product_cat","embeddable":true,"href":"https:\/\/parapharmacieenligne.ma\/en\/wp-json\/wp\/v2\/product_cat?post=19309"},{"taxonomy":"product_tag","embeddable":true,"href":"https:\/\/parapharmacieenligne.ma\/en\/wp-json\/wp\/v2\/product_tag?post=19309"},{"taxonomy":"yith_product_brand","embeddable":true,"href":"https:\/\/parapharmacieenligne.ma\/en\/wp-json\/wp\/v2\/yith_product_brand?post=19309"}],"curies":[{"name":"wp","href":"https:\/\/api.w.org\/{rel}","templated":true}]}}