{"id":19312,"date":"2026-04-12T00:28:04","date_gmt":"2026-04-11T22:28:04","guid":{"rendered":"https:\/\/parapharmacieenligne.ma\/?post_type=product&#038;p=19312"},"modified":"2026-04-12T00:28:10","modified_gmt":"2026-04-11T22:28:10","slug":"gum-brosse-a-dents-orthodontie-ref-124","status":"publish","type":"product","link":"https:\/\/parapharmacieenligne.ma\/en\/product\/gum-brosse-a-dents-orthodontie-ref-124\/","title":{"rendered":"GUM BROSSE A DENTS ORTHODONTIE REF 124"},"content":{"rendered":"<p>Le port d&rsquo;appareil orthodontique n\u00e9cessite une hygi\u00e8ne bucco-dentaire rigoureuse. Un brossage minutieux des dents, de l&rsquo;appareil et des gencives permettra d&rsquo;\u00e9viter les taches blanches de d\u00e9calcification, les caries et les inflammations gingivales.<\/p>\n<p>La brosse \u00e0 dents GUM Brosse \u00e0 Dents Orthodontique 124 avec sa forme Coupe en \u00ab V \u00bb optimise le brossage lors des traitements d&rsquo;orthodontie.<\/p>\n<p>Texture souple.<\/p>\n<p>Placer la brosse \u00e0 dents le long de la gencive de fa\u00e7on \u00e0 former un angle de 45\u00b0. Les brins s&rsquo;ins\u00e9reront dans le sillon gingivo-dentaire et pourront r\u00e9colter la plaque qui s&rsquo;y est form\u00e9e.<br \/>\nBrosser doucement la face externe d&rsquo;un groupe de 2 ou 3 dents en effectuant un mouvement rotatif allant des gencives vers les dents. R\u00e9p\u00e9ter ce mouvement sur le groupe suivant de 2 ou 3 dents et ainsi de suite pour toutes les dents des arcades.<br \/>\nBrosser les faces internes des dents de la m\u00eame mani\u00e8re que les faces externes en maintenant l&rsquo;angle de 45\u00b0 entre la brosse et le sillon gingivo-dentaire.<br \/>\nAu niveau des incisives sup\u00e9rieures et inf\u00e9rieures, effectuer un mouvement de va-et-vient en utilisant l&rsquo;extr\u00e9mit\u00e9 de la t\u00eate de la brosse \u00e0 dents.<br \/>\nEn dernier lieu, brosser les faces occlusales &#8211; celles qui servent \u00e0 mastiquer &#8211; des molaires en un mouvement horizontal.<br \/>\nIndication : Hygi\u00e8ne dentaire. Adultes.<\/p>","protected":false},"excerpt":{"rendered":"<p>Le port d&rsquo;appareil orthodontique n\u00e9cessite une hygi\u00e8ne bucco-dentaire rigoureuse. Un brossage minutieux des dents, de l&rsquo;appareil et des gencives permettra d&rsquo;\u00e9viter les&hellip;<\/p>","protected":false},"featured_media":19311,"comment_status":"open","ping_status":"closed","template":"","meta":[],"product_cat":[88],"product_tag":[],"yith_product_brand":[215],"class_list":{"0":"post-19312","1":"product","2":"type-product","3":"status-publish","4":"has-post-thumbnail","6":"product_cat-soins-bucco-dentaires","7":"yith_product_brand-g-u-m","9":"first","10":"instock","11":"sale","12":"shipping-taxable","13":"purchasable","14":"product-type-simple"},"_links":{"self":[{"href":"https:\/\/parapharmacieenligne.ma\/en\/wp-json\/wp\/v2\/product\/19312","targetHints":{"allow":["GET"]}}],"collection":[{"href":"https:\/\/parapharmacieenligne.ma\/en\/wp-json\/wp\/v2\/product"}],"about":[{"href":"https:\/\/parapharmacieenligne.ma\/en\/wp-json\/wp\/v2\/types\/product"}],"replies":[{"embeddable":true,"href":"https:\/\/parapharmacieenligne.ma\/en\/wp-json\/wp\/v2\/comments?post=19312"}],"version-history":[{"count":1,"href":"https:\/\/parapharmacieenligne.ma\/en\/wp-json\/wp\/v2\/product\/19312\/revisions"}],"predecessor-version":[{"id":19313,"href":"https:\/\/parapharmacieenligne.ma\/en\/wp-json\/wp\/v2\/product\/19312\/revisions\/19313"}],"wp:featuredmedia":[{"embeddable":true,"href":"https:\/\/parapharmacieenligne.ma\/en\/wp-json\/wp\/v2\/media\/19311"}],"wp:attachment":[{"href":"https:\/\/parapharmacieenligne.ma\/en\/wp-json\/wp\/v2\/media?parent=19312"}],"wp:term":[{"taxonomy":"product_cat","embeddable":true,"href":"https:\/\/parapharmacieenligne.ma\/en\/wp-json\/wp\/v2\/product_cat?post=19312"},{"taxonomy":"product_tag","embeddable":true,"href":"https:\/\/parapharmacieenligne.ma\/en\/wp-json\/wp\/v2\/product_tag?post=19312"},{"taxonomy":"yith_product_brand","embeddable":true,"href":"https:\/\/parapharmacieenligne.ma\/en\/wp-json\/wp\/v2\/yith_product_brand?post=19312"}],"curies":[{"name":"wp","href":"https:\/\/api.w.org\/{rel}","templated":true}]}}