{"id":19315,"date":"2026-04-12T00:28:18","date_gmt":"2026-04-11T22:28:18","guid":{"rendered":"https:\/\/parapharmacieenligne.ma\/?post_type=product&#038;p=19315"},"modified":"2026-04-12T00:28:26","modified_gmt":"2026-04-11T22:28:26","slug":"gum-brosse-a-dents-technique-souple-normal-ref-490","status":"publish","type":"product","link":"https:\/\/parapharmacieenligne.ma\/en\/product\/gum-brosse-a-dents-technique-souple-normal-ref-490\/","title":{"rendered":"GUM BROSSE A DENTS TECHNIQUE SOUPLE NORMAL REF 490"},"content":{"rendered":"<p>Brosse \u00e0 Dents Gum Technique Souple Normale r\u00e9f 490<\/p>\n<p>Manche Quad-Grip\u2122 : la conception de ce manche (en losange) oriente tout naturellement les brins selon l&rsquo;angle id\u00e9al de brossage : 45\u00b0.<\/p>\n<p>Pour apprendre et adopter le geste parfait du brossage \u00e0 45\u00b0. Coupe en d\u00f4me : les 2 rang\u00e9es centrales surelev\u00e9es permettent d&rsquo;\u00e9liminer efficacement la plaque dentaire, en particulier au niveau du sillon gingivo-dentaire.<\/p>\n<p>Manche ergonomique : bi-mati\u00e8re (polypropyl\u00e8ne\/\u00e9lastom\u00e8re).<\/p>\n<p>Assure une excellente prise en main et procure un confort d&rsquo;utilisation pour un brossage plus efficace.<\/p>","protected":false},"excerpt":{"rendered":"<p>Brosse \u00e0 Dents Gum Technique Souple Normale r\u00e9f 490 Manche Quad-Grip\u2122 : la conception de ce manche (en losange) oriente tout naturellement&hellip;<\/p>","protected":false},"featured_media":19314,"comment_status":"open","ping_status":"closed","template":"","meta":[],"product_cat":[88],"product_tag":[],"yith_product_brand":[215],"class_list":{"0":"post-19315","1":"product","2":"type-product","3":"status-publish","4":"has-post-thumbnail","6":"product_cat-soins-bucco-dentaires","7":"yith_product_brand-g-u-m","9":"first","10":"instock","11":"sale","12":"shipping-taxable","13":"purchasable","14":"product-type-simple"},"_links":{"self":[{"href":"https:\/\/parapharmacieenligne.ma\/en\/wp-json\/wp\/v2\/product\/19315","targetHints":{"allow":["GET"]}}],"collection":[{"href":"https:\/\/parapharmacieenligne.ma\/en\/wp-json\/wp\/v2\/product"}],"about":[{"href":"https:\/\/parapharmacieenligne.ma\/en\/wp-json\/wp\/v2\/types\/product"}],"replies":[{"embeddable":true,"href":"https:\/\/parapharmacieenligne.ma\/en\/wp-json\/wp\/v2\/comments?post=19315"}],"version-history":[{"count":1,"href":"https:\/\/parapharmacieenligne.ma\/en\/wp-json\/wp\/v2\/product\/19315\/revisions"}],"predecessor-version":[{"id":19316,"href":"https:\/\/parapharmacieenligne.ma\/en\/wp-json\/wp\/v2\/product\/19315\/revisions\/19316"}],"wp:featuredmedia":[{"embeddable":true,"href":"https:\/\/parapharmacieenligne.ma\/en\/wp-json\/wp\/v2\/media\/19314"}],"wp:attachment":[{"href":"https:\/\/parapharmacieenligne.ma\/en\/wp-json\/wp\/v2\/media?parent=19315"}],"wp:term":[{"taxonomy":"product_cat","embeddable":true,"href":"https:\/\/parapharmacieenligne.ma\/en\/wp-json\/wp\/v2\/product_cat?post=19315"},{"taxonomy":"product_tag","embeddable":true,"href":"https:\/\/parapharmacieenligne.ma\/en\/wp-json\/wp\/v2\/product_tag?post=19315"},{"taxonomy":"yith_product_brand","embeddable":true,"href":"https:\/\/parapharmacieenligne.ma\/en\/wp-json\/wp\/v2\/yith_product_brand?post=19315"}],"curies":[{"name":"wp","href":"https:\/\/api.w.org\/{rel}","templated":true}]}}