{"id":19324,"date":"2026-04-12T00:29:03","date_gmt":"2026-04-11T22:29:03","guid":{"rendered":"https:\/\/parapharmacieenligne.ma\/?post_type=product&#038;p=19324"},"modified":"2026-04-12T00:29:10","modified_gmt":"2026-04-11T22:29:10","slug":"gum-brosse-a-dents-technique-medium-compact-ref-493","status":"publish","type":"product","link":"https:\/\/parapharmacieenligne.ma\/en\/product\/gum-brosse-a-dents-technique-medium-compact-ref-493\/","title":{"rendered":"GUM BROSSE A DENTS TECHNIQUE MEDIUM COMPACT REF 493"},"content":{"rendered":"<p>Brosses \u00e0 Dents GUM Technique+ Medium Compacte n\u00b0 493.<\/p>\n<p>Manche Quad-Grip\u2122 : la conception de ce manche (en losange) oriente tout naturellement les brins selon l\u2019angle id\u00e9al de brossage : 45\u00b0.<\/p>\n<p>Pour apprendre et adopter le geste parfait du brossage \u00e0 45\u00b0.<\/p>\n<p>Coupe en d\u00f4me : les 2 rang\u00e9es centrales surelev\u00e9es permettent d\u2019\u00e9miminer efficacement la plaque dentaire, en particulier au niveau du sillon gingivo-dentaire.<\/p>\n<p>Manche ergonomique : bi-mati\u00e8re (polypropyl\u00e8ne\/\u00e9lastom\u00e8re), assure une excellente prise en main et procure un confort d\u2019utilisation pour un brossage plus efficace.<\/p>\n<p>Il est conseill\u00e9 de se brosser les dents apr\u00e8s chaque repas.<\/p>","protected":false},"excerpt":{"rendered":"<p>Brosses \u00e0 Dents GUM Technique+ Medium Compacte n\u00b0 493. Manche Quad-Grip\u2122 : la conception de ce manche (en losange) oriente tout naturellement&hellip;<\/p>","protected":false},"featured_media":19323,"comment_status":"open","ping_status":"closed","template":"","meta":[],"product_cat":[88],"product_tag":[],"yith_product_brand":[215],"class_list":{"0":"post-19324","1":"product","2":"type-product","3":"status-publish","4":"has-post-thumbnail","6":"product_cat-soins-bucco-dentaires","7":"yith_product_brand-g-u-m","9":"first","10":"instock","11":"sale","12":"shipping-taxable","13":"purchasable","14":"product-type-simple"},"_links":{"self":[{"href":"https:\/\/parapharmacieenligne.ma\/en\/wp-json\/wp\/v2\/product\/19324","targetHints":{"allow":["GET"]}}],"collection":[{"href":"https:\/\/parapharmacieenligne.ma\/en\/wp-json\/wp\/v2\/product"}],"about":[{"href":"https:\/\/parapharmacieenligne.ma\/en\/wp-json\/wp\/v2\/types\/product"}],"replies":[{"embeddable":true,"href":"https:\/\/parapharmacieenligne.ma\/en\/wp-json\/wp\/v2\/comments?post=19324"}],"version-history":[{"count":1,"href":"https:\/\/parapharmacieenligne.ma\/en\/wp-json\/wp\/v2\/product\/19324\/revisions"}],"predecessor-version":[{"id":19325,"href":"https:\/\/parapharmacieenligne.ma\/en\/wp-json\/wp\/v2\/product\/19324\/revisions\/19325"}],"wp:featuredmedia":[{"embeddable":true,"href":"https:\/\/parapharmacieenligne.ma\/en\/wp-json\/wp\/v2\/media\/19323"}],"wp:attachment":[{"href":"https:\/\/parapharmacieenligne.ma\/en\/wp-json\/wp\/v2\/media?parent=19324"}],"wp:term":[{"taxonomy":"product_cat","embeddable":true,"href":"https:\/\/parapharmacieenligne.ma\/en\/wp-json\/wp\/v2\/product_cat?post=19324"},{"taxonomy":"product_tag","embeddable":true,"href":"https:\/\/parapharmacieenligne.ma\/en\/wp-json\/wp\/v2\/product_tag?post=19324"},{"taxonomy":"yith_product_brand","embeddable":true,"href":"https:\/\/parapharmacieenligne.ma\/en\/wp-json\/wp\/v2\/yith_product_brand?post=19324"}],"curies":[{"name":"wp","href":"https:\/\/api.w.org\/{rel}","templated":true}]}}