{"id":19327,"date":"2026-04-12T00:34:46","date_gmt":"2026-04-11T22:34:46","guid":{"rendered":"https:\/\/parapharmacieenligne.ma\/?post_type=product&#038;p=19327"},"modified":"2026-04-12T00:34:52","modified_gmt":"2026-04-11T22:34:52","slug":"gum-brosse-a-dents-baby-0-2-ans-ref-213","status":"publish","type":"product","link":"https:\/\/parapharmacieenligne.ma\/en\/product\/gum-brosse-a-dents-baby-0-2-ans-ref-213\/","title":{"rendered":"GUM BROSSE A DENTS BABY 0-2 ANS REF 213"},"content":{"rendered":"<p>GUM<br \/>\nBaby<br \/>\nBrosse \u00e0 dents<br \/>\n0-2 ans<br \/>\nColoris et motif selon disponibilit\u00e9<\/p>\n<p>Elimination douce de la plaque pour favoriser la pr\u00e9vention des caries.<br \/>\nLes brins souples \u00e9liminent efficacement la plaque dentaire y compris le long du sillon gingival.<br \/>\nLa t\u00eate ultra compacte s&rsquo;adapte \u00e0 la bouche de b\u00e9b\u00e9.<br \/>\nLe manche plus long permet une meilleure prise en main de la brosse par un adulte. <\/p>\n<p>Il est conseill\u00e9 de se brosser les dents apr\u00e8s chaque repas<\/p>","protected":false},"excerpt":{"rendered":"<p>GUM Baby Brosse \u00e0 dents 0-2 ans Coloris et motif selon disponibilit\u00e9 Elimination douce de la plaque pour favoriser la pr\u00e9vention des&hellip;<\/p>","protected":false},"featured_media":19326,"comment_status":"open","ping_status":"closed","template":"","meta":[],"product_cat":[88],"product_tag":[],"yith_product_brand":[215],"class_list":{"0":"post-19327","1":"product","2":"type-product","3":"status-publish","4":"has-post-thumbnail","6":"product_cat-soins-bucco-dentaires","7":"yith_product_brand-g-u-m","9":"first","10":"instock","11":"sale","12":"shipping-taxable","13":"purchasable","14":"product-type-simple"},"_links":{"self":[{"href":"https:\/\/parapharmacieenligne.ma\/en\/wp-json\/wp\/v2\/product\/19327","targetHints":{"allow":["GET"]}}],"collection":[{"href":"https:\/\/parapharmacieenligne.ma\/en\/wp-json\/wp\/v2\/product"}],"about":[{"href":"https:\/\/parapharmacieenligne.ma\/en\/wp-json\/wp\/v2\/types\/product"}],"replies":[{"embeddable":true,"href":"https:\/\/parapharmacieenligne.ma\/en\/wp-json\/wp\/v2\/comments?post=19327"}],"version-history":[{"count":1,"href":"https:\/\/parapharmacieenligne.ma\/en\/wp-json\/wp\/v2\/product\/19327\/revisions"}],"predecessor-version":[{"id":19328,"href":"https:\/\/parapharmacieenligne.ma\/en\/wp-json\/wp\/v2\/product\/19327\/revisions\/19328"}],"wp:featuredmedia":[{"embeddable":true,"href":"https:\/\/parapharmacieenligne.ma\/en\/wp-json\/wp\/v2\/media\/19326"}],"wp:attachment":[{"href":"https:\/\/parapharmacieenligne.ma\/en\/wp-json\/wp\/v2\/media?parent=19327"}],"wp:term":[{"taxonomy":"product_cat","embeddable":true,"href":"https:\/\/parapharmacieenligne.ma\/en\/wp-json\/wp\/v2\/product_cat?post=19327"},{"taxonomy":"product_tag","embeddable":true,"href":"https:\/\/parapharmacieenligne.ma\/en\/wp-json\/wp\/v2\/product_tag?post=19327"},{"taxonomy":"yith_product_brand","embeddable":true,"href":"https:\/\/parapharmacieenligne.ma\/en\/wp-json\/wp\/v2\/yith_product_brand?post=19327"}],"curies":[{"name":"wp","href":"https:\/\/api.w.org\/{rel}","templated":true}]}}