{"id":19330,"date":"2026-04-12T00:35:00","date_gmt":"2026-04-11T22:35:00","guid":{"rendered":"https:\/\/parapharmacieenligne.ma\/?post_type=product&#038;p=19330"},"modified":"2026-04-12T00:35:09","modified_gmt":"2026-04-11T22:35:09","slug":"gum-kids-brosse-a-dents-2-6-ans-monster-ref-901","status":"publish","type":"product","link":"https:\/\/parapharmacieenligne.ma\/en\/product\/gum-kids-brosse-a-dents-2-6-ans-monster-ref-901\/","title":{"rendered":"GUM KIDS BROSSE A DENTS 2-6 ANS MONSTER REF 901"},"content":{"rendered":"<p>Permet d&rsquo;\u00e9liminer la plaque et ainsi lutter contre l&rsquo;apparition des caries, y compris le long du sillon gingival.<\/p>\n<p>Poss\u00e8de des poils souples et soyeux ainsi qu&rsquo;une petite t\u00eate et un manche ergonomique qui en font une brosse \u00e0 dents adapt\u00e9e aux enfants.<\/p>\n<p>Dispose d&rsquo;un prot\u00e8ge brosse \u00e0 dents pour transporter la brosse \u00e0 dents hygi\u00e9niquement.<\/p>\n<p>La ventouse sous la brosse \u00e0 dents Gum permet aux enfants de la coller o\u00f9 ils le souhaitent pour un c\u00f4t\u00e9 plus ludique.<\/p>","protected":false},"excerpt":{"rendered":"<p>Permet d&rsquo;\u00e9liminer la plaque et ainsi lutter contre l&rsquo;apparition des caries, y compris le long du sillon gingival. Poss\u00e8de des poils souples&hellip;<\/p>","protected":false},"featured_media":19329,"comment_status":"open","ping_status":"closed","template":"","meta":[],"product_cat":[88],"product_tag":[],"yith_product_brand":[215],"class_list":{"0":"post-19330","1":"product","2":"type-product","3":"status-publish","4":"has-post-thumbnail","6":"product_cat-soins-bucco-dentaires","7":"yith_product_brand-g-u-m","9":"first","10":"instock","11":"sale","12":"shipping-taxable","13":"purchasable","14":"product-type-simple"},"_links":{"self":[{"href":"https:\/\/parapharmacieenligne.ma\/en\/wp-json\/wp\/v2\/product\/19330","targetHints":{"allow":["GET"]}}],"collection":[{"href":"https:\/\/parapharmacieenligne.ma\/en\/wp-json\/wp\/v2\/product"}],"about":[{"href":"https:\/\/parapharmacieenligne.ma\/en\/wp-json\/wp\/v2\/types\/product"}],"replies":[{"embeddable":true,"href":"https:\/\/parapharmacieenligne.ma\/en\/wp-json\/wp\/v2\/comments?post=19330"}],"version-history":[{"count":1,"href":"https:\/\/parapharmacieenligne.ma\/en\/wp-json\/wp\/v2\/product\/19330\/revisions"}],"predecessor-version":[{"id":19331,"href":"https:\/\/parapharmacieenligne.ma\/en\/wp-json\/wp\/v2\/product\/19330\/revisions\/19331"}],"wp:featuredmedia":[{"embeddable":true,"href":"https:\/\/parapharmacieenligne.ma\/en\/wp-json\/wp\/v2\/media\/19329"}],"wp:attachment":[{"href":"https:\/\/parapharmacieenligne.ma\/en\/wp-json\/wp\/v2\/media?parent=19330"}],"wp:term":[{"taxonomy":"product_cat","embeddable":true,"href":"https:\/\/parapharmacieenligne.ma\/en\/wp-json\/wp\/v2\/product_cat?post=19330"},{"taxonomy":"product_tag","embeddable":true,"href":"https:\/\/parapharmacieenligne.ma\/en\/wp-json\/wp\/v2\/product_tag?post=19330"},{"taxonomy":"yith_product_brand","embeddable":true,"href":"https:\/\/parapharmacieenligne.ma\/en\/wp-json\/wp\/v2\/yith_product_brand?post=19330"}],"curies":[{"name":"wp","href":"https:\/\/api.w.org\/{rel}","templated":true}]}}