{"id":19333,"date":"2026-04-12T00:35:16","date_gmt":"2026-04-11T22:35:16","guid":{"rendered":"https:\/\/parapharmacieenligne.ma\/?post_type=product&#038;p=19333"},"modified":"2026-04-12T00:35:25","modified_gmt":"2026-04-11T22:35:25","slug":"gum-junior-brosse-a-dents-soft-6ans-ref-902","status":"publish","type":"product","link":"https:\/\/parapharmacieenligne.ma\/en\/product\/gum-junior-brosse-a-dents-soft-6ans-ref-902\/","title":{"rendered":"GUM JUNIOR BROSSE A DENTS SOFT 6ANS + REF 902"},"content":{"rendered":"<p>Sp\u00e9cialement pens\u00e9e pour les 7 \u00e0 9 ans, la brosse \u00e0 dents GUM\u00ae Junior encourage les enfants \u00e0 se brosser correctement les dents, \u00e0 ce moment crucial de leur d\u00e9veloppement : quand leurs dents permanentes se d\u00e9veloppent.<\/p>\n<p>Cette brosse \u00e0 dents souple \u00e9limine en douceur la plaque dentaire de votre enfant. Ses brins centraux vous indique la bonne quantit\u00e9 de dentifrice, sa petite t\u00eate ovale anti-choc permet de prot\u00e9ger les gencives et enfin, son manche ergonomique facilite la pr\u00e9hension.<br \/>\nLa ventouse au bas de la brosse \u00e0 dents permet de garder la brosse verticale et de conserver des brins propres. <\/p>\n<p>Les sp\u00e9cialistes conseillent un brossage de dents apr\u00e8s chaque repas en l&rsquo;associant \u00e0 un dentifrice qui respecte l&rsquo;\u00e9mail des dents.<\/p>","protected":false},"excerpt":{"rendered":"<p>Sp\u00e9cialement pens\u00e9e pour les 7 \u00e0 9 ans, la brosse \u00e0 dents GUM\u00ae Junior encourage les enfants \u00e0 se brosser correctement les&hellip;<\/p>","protected":false},"featured_media":19332,"comment_status":"open","ping_status":"closed","template":"","meta":[],"product_cat":[88],"product_tag":[],"yith_product_brand":[215],"class_list":{"0":"post-19333","1":"product","2":"type-product","3":"status-publish","4":"has-post-thumbnail","6":"product_cat-soins-bucco-dentaires","7":"yith_product_brand-g-u-m","9":"first","10":"instock","11":"sale","12":"shipping-taxable","13":"purchasable","14":"product-type-simple"},"_links":{"self":[{"href":"https:\/\/parapharmacieenligne.ma\/en\/wp-json\/wp\/v2\/product\/19333","targetHints":{"allow":["GET"]}}],"collection":[{"href":"https:\/\/parapharmacieenligne.ma\/en\/wp-json\/wp\/v2\/product"}],"about":[{"href":"https:\/\/parapharmacieenligne.ma\/en\/wp-json\/wp\/v2\/types\/product"}],"replies":[{"embeddable":true,"href":"https:\/\/parapharmacieenligne.ma\/en\/wp-json\/wp\/v2\/comments?post=19333"}],"version-history":[{"count":1,"href":"https:\/\/parapharmacieenligne.ma\/en\/wp-json\/wp\/v2\/product\/19333\/revisions"}],"predecessor-version":[{"id":19334,"href":"https:\/\/parapharmacieenligne.ma\/en\/wp-json\/wp\/v2\/product\/19333\/revisions\/19334"}],"wp:featuredmedia":[{"embeddable":true,"href":"https:\/\/parapharmacieenligne.ma\/en\/wp-json\/wp\/v2\/media\/19332"}],"wp:attachment":[{"href":"https:\/\/parapharmacieenligne.ma\/en\/wp-json\/wp\/v2\/media?parent=19333"}],"wp:term":[{"taxonomy":"product_cat","embeddable":true,"href":"https:\/\/parapharmacieenligne.ma\/en\/wp-json\/wp\/v2\/product_cat?post=19333"},{"taxonomy":"product_tag","embeddable":true,"href":"https:\/\/parapharmacieenligne.ma\/en\/wp-json\/wp\/v2\/product_tag?post=19333"},{"taxonomy":"yith_product_brand","embeddable":true,"href":"https:\/\/parapharmacieenligne.ma\/en\/wp-json\/wp\/v2\/yith_product_brand?post=19333"}],"curies":[{"name":"wp","href":"https:\/\/api.w.org\/{rel}","templated":true}]}}