{"id":19336,"date":"2026-04-12T00:35:32","date_gmt":"2026-04-11T22:35:32","guid":{"rendered":"https:\/\/parapharmacieenligne.ma\/?post_type=product&#038;p=19336"},"modified":"2026-04-12T00:35:40","modified_gmt":"2026-04-11T22:35:40","slug":"gum-brosse-a-dents-sensivital-sensitive-brins-effiles-ref-509","status":"publish","type":"product","link":"https:\/\/parapharmacieenligne.ma\/en\/product\/gum-brosse-a-dents-sensivital-sensitive-brins-effiles-ref-509\/","title":{"rendered":"GUM BROSSE A DENTS SENSIVITAL SENSITIVE BRINS EFFILES REF 509"},"content":{"rendered":"<p>GUM<br \/>\nSensiVital<br \/>\nBrosse \u00e0 dents 509<br \/>\nUltra souple<\/p>\n<p>Elimine efficacement la plaque des dents et gencives sensibles<\/p>\n<p>Ultra-souples pour ne pas l\u00e9ser les gencives, les brins coniques r\u00e9partis sur deux niveaux p\u00e9n\u00e8trent en profondeur dans les espaces interdentaires et le long du sillon gingival, laissant les dents incroyablement douces et propres.<\/p>\n<p>Conseils d&rsquo;utilisation<br \/>\nUtiliser Gum Sensivital brosse \u00e0 dent ultra souple 509 selon la m\u00e9thode de brossage \u00e0 45\u00b0, trois fois par jour apr\u00e8s chaque repas pendant environ 3 minutes.<br \/>\nPlacer la brosse \u00e0 dents le long de la gencive de fa\u00e7on \u00e0 former un angle de 45\u00b0. Les brins s&rsquo;ins\u00e9reront dans le sillon gingivo-dentaire et pourront r\u00e9colter la plaque qui s&rsquo;y est form\u00e9e.<\/p>\n<p>Brosser doucement la face externe d&rsquo;un groupe de 2 ou 3 dents en effectuant un mouvement rotatif allant des gencives vers les dents.<br \/>\nR\u00e9p\u00e9ter ce mouvement sur le groupe suivant de 2 ou 3 dents et ainsi de suite pour toutes les dents des arcades.<br \/>\nBrosser les faces internes des dents de la m\u00eame mani\u00e8re que les faces externes en maintenant l&rsquo;angle de 45\u00b0 entre la brosse et le sillon gingivo-dentaire.<\/p>\n<p>Au niveau des incisives sup\u00e9rieures et inf\u00e9rieures, effectuer un mouvement de va-et-vient en utilisant l&rsquo;extr\u00e9mit\u00e9 de la t\u00eate de la brosse \u00e0 dents.<br \/>\nEn dernier lieu, brosser les faces occlusales &#8211; celles qui servent \u00e0 mastiquer &#8211; des molaires en un mouvement horizontal.<\/p>","protected":false},"excerpt":{"rendered":"<p>GUM SensiVital Brosse \u00e0 dents 509 Ultra souple Elimine efficacement la plaque des dents et gencives sensibles Ultra-souples pour ne pas l\u00e9ser&hellip;<\/p>","protected":false},"featured_media":19335,"comment_status":"open","ping_status":"closed","template":"","meta":[],"product_cat":[88],"product_tag":[],"yith_product_brand":[215],"class_list":{"0":"post-19336","1":"product","2":"type-product","3":"status-publish","4":"has-post-thumbnail","6":"product_cat-soins-bucco-dentaires","7":"yith_product_brand-g-u-m","9":"first","10":"instock","11":"sale","12":"shipping-taxable","13":"purchasable","14":"product-type-simple"},"_links":{"self":[{"href":"https:\/\/parapharmacieenligne.ma\/en\/wp-json\/wp\/v2\/product\/19336","targetHints":{"allow":["GET"]}}],"collection":[{"href":"https:\/\/parapharmacieenligne.ma\/en\/wp-json\/wp\/v2\/product"}],"about":[{"href":"https:\/\/parapharmacieenligne.ma\/en\/wp-json\/wp\/v2\/types\/product"}],"replies":[{"embeddable":true,"href":"https:\/\/parapharmacieenligne.ma\/en\/wp-json\/wp\/v2\/comments?post=19336"}],"version-history":[{"count":1,"href":"https:\/\/parapharmacieenligne.ma\/en\/wp-json\/wp\/v2\/product\/19336\/revisions"}],"predecessor-version":[{"id":19337,"href":"https:\/\/parapharmacieenligne.ma\/en\/wp-json\/wp\/v2\/product\/19336\/revisions\/19337"}],"wp:featuredmedia":[{"embeddable":true,"href":"https:\/\/parapharmacieenligne.ma\/en\/wp-json\/wp\/v2\/media\/19335"}],"wp:attachment":[{"href":"https:\/\/parapharmacieenligne.ma\/en\/wp-json\/wp\/v2\/media?parent=19336"}],"wp:term":[{"taxonomy":"product_cat","embeddable":true,"href":"https:\/\/parapharmacieenligne.ma\/en\/wp-json\/wp\/v2\/product_cat?post=19336"},{"taxonomy":"product_tag","embeddable":true,"href":"https:\/\/parapharmacieenligne.ma\/en\/wp-json\/wp\/v2\/product_tag?post=19336"},{"taxonomy":"yith_product_brand","embeddable":true,"href":"https:\/\/parapharmacieenligne.ma\/en\/wp-json\/wp\/v2\/yith_product_brand?post=19336"}],"curies":[{"name":"wp","href":"https:\/\/api.w.org\/{rel}","templated":true}]}}