{"id":19339,"date":"2026-04-12T00:35:49","date_gmt":"2026-04-11T22:35:49","guid":{"rendered":"https:\/\/parapharmacieenligne.ma\/?post_type=product&#038;p=19339"},"modified":"2026-04-12T00:35:58","modified_gmt":"2026-04-11T22:35:58","slug":"gum-brosse-a-dents-activital-compact-souple-ref-581","status":"publish","type":"product","link":"https:\/\/parapharmacieenligne.ma\/en\/product\/gum-brosse-a-dents-activital-compact-souple-ref-581\/","title":{"rendered":"GUM BROSSE A DENTS ACTIVITAL COMPACT SOUPLE REF 581"},"content":{"rendered":"<p>Efficacit\u00e9 cliniquement prouv\u00e9e pour r\u00e9duire la gingivite.<br \/>\nLes micro-brins p\u00e9n\u00e8trent doucement dans tous les espaces, y compris dans les espaces interdentaires et sous le sillon gingival pour \u00e9liminer la plaque dentaire, sans l\u2019impact abrasif des brins traditionnels. L\u2019implantation unique des brins a \u00e9t\u00e9 cliniquement con\u00e7ue pour un nettoyage en profondeur entre les dents et le long du sillon gingival afin de pr\u00e9venir l&rsquo;apparition des maladies de gencives.<br \/>\nL\u2019implantation de forme triangulaire pour une bonne insertion des brins entre les dents, l\u00e0 o\u00f9 apparaissent g\u00e9n\u00e9ralement les maladies gingivales.<br \/>\nL\u2019implantation de forme rectangulaire con\u00e7ue pour un nettoyage parfait du sillon gingival et le massage des gencives.  Le manche ergonomique de conception avanc\u00e9e, dot\u00e9 d&rsquo;un cou fin permet d&rsquo;absorber la pression excessive de brossage, comme le recommandent les dentistes, afin de prot\u00e9ger les gencives. La t\u00eate ultra fine de cette brosse a \u00e9t\u00e9 con\u00e7ue pour acc\u00e9der facilement \u00e0 tous les endroits de la cavit\u00e9 buccale.<\/p>\n<p>lacez la brosse \u00e0 dents le long de la gencive de fa\u00e7on \u00e0 former un angle de 45\u00b0. Les brins doivent entrer en contact avec la surface des dents mais aussi avec la ligne gingivale.  Sans exercer de pression excessive, brossez la surface externe de 2 ou 3 dents en effectuant un mouvement rotatif allant des gencives vers les dents. R\u00e9p\u00e9tez ce mouvement sur le groupe suivant de 2 ou 3 dents.<br \/>\nTout en continuant \u00e0 tenir la brosse \u00e0 dents de fa\u00e7on \u00e0 former un angle de 45\u00b0, les brins en contact avec la surface des dents et la ligne gingivale, effectuez le m\u00eame mouvement pour brosser soigneusement la surface interne de toutes les dents. Inclinez la brosse \u00e0 dents \u00e0 la verticale derri\u00e8re les dents de devant. Effectuez plusieurs mouvements de haut en bas en utilisant l\u2019extr\u00e9mit\u00e9 de la t\u00eate de la brosse \u00e0 dents.<br \/>\n Positionnez la brosse \u00e0 dents sur la surface des faces occlusales &#8211; celles qui servent \u00e0 mastiquer &#8211; des dents en un mouvement dans les deux sens.<\/p>\n<p>Brossez-vous la langue en commen\u00e7ant par l&rsquo;arri\u00e8re et en avan\u00e7ant progressivement vers l&rsquo;avant de mani\u00e8re \u00e0 \u00e9liminer les bact\u00e9ries responsables de la mauvaise haleine.<\/p>","protected":false},"excerpt":{"rendered":"<p>Efficacit\u00e9 cliniquement prouv\u00e9e pour r\u00e9duire la gingivite. Les micro-brins p\u00e9n\u00e8trent doucement dans tous les espaces, y compris dans les espaces interdentaires et&hellip;<\/p>","protected":false},"featured_media":19338,"comment_status":"open","ping_status":"closed","template":"","meta":[],"product_cat":[88],"product_tag":[],"yith_product_brand":[215],"class_list":{"0":"post-19339","1":"product","2":"type-product","3":"status-publish","4":"has-post-thumbnail","6":"product_cat-soins-bucco-dentaires","7":"yith_product_brand-g-u-m","9":"first","10":"instock","11":"sale","12":"shipping-taxable","13":"purchasable","14":"product-type-simple"},"_links":{"self":[{"href":"https:\/\/parapharmacieenligne.ma\/en\/wp-json\/wp\/v2\/product\/19339","targetHints":{"allow":["GET"]}}],"collection":[{"href":"https:\/\/parapharmacieenligne.ma\/en\/wp-json\/wp\/v2\/product"}],"about":[{"href":"https:\/\/parapharmacieenligne.ma\/en\/wp-json\/wp\/v2\/types\/product"}],"replies":[{"embeddable":true,"href":"https:\/\/parapharmacieenligne.ma\/en\/wp-json\/wp\/v2\/comments?post=19339"}],"version-history":[{"count":1,"href":"https:\/\/parapharmacieenligne.ma\/en\/wp-json\/wp\/v2\/product\/19339\/revisions"}],"predecessor-version":[{"id":19340,"href":"https:\/\/parapharmacieenligne.ma\/en\/wp-json\/wp\/v2\/product\/19339\/revisions\/19340"}],"wp:featuredmedia":[{"embeddable":true,"href":"https:\/\/parapharmacieenligne.ma\/en\/wp-json\/wp\/v2\/media\/19338"}],"wp:attachment":[{"href":"https:\/\/parapharmacieenligne.ma\/en\/wp-json\/wp\/v2\/media?parent=19339"}],"wp:term":[{"taxonomy":"product_cat","embeddable":true,"href":"https:\/\/parapharmacieenligne.ma\/en\/wp-json\/wp\/v2\/product_cat?post=19339"},{"taxonomy":"product_tag","embeddable":true,"href":"https:\/\/parapharmacieenligne.ma\/en\/wp-json\/wp\/v2\/product_tag?post=19339"},{"taxonomy":"yith_product_brand","embeddable":true,"href":"https:\/\/parapharmacieenligne.ma\/en\/wp-json\/wp\/v2\/yith_product_brand?post=19339"}],"curies":[{"name":"wp","href":"https:\/\/api.w.org\/{rel}","templated":true}]}}