{"id":19342,"date":"2026-04-12T00:36:07","date_gmt":"2026-04-11T22:36:07","guid":{"rendered":"https:\/\/parapharmacieenligne.ma\/?post_type=product&#038;p=19342"},"modified":"2026-04-12T00:36:15","modified_gmt":"2026-04-11T22:36:15","slug":"gum-brosse-a-dents-activital-compact-medium-ref-583","status":"publish","type":"product","link":"https:\/\/parapharmacieenligne.ma\/en\/product\/gum-brosse-a-dents-activital-compact-medium-ref-583\/","title":{"rendered":"GUM BROSSE A DENTS ACTIVITAL COMPACT MEDIUM REF 583"},"content":{"rendered":"<p>Efficacit\u00e9 cliniquement prouv\u00e9e pour r\u00e9duire la gingivite.Les micro-brins p\u00e9n\u00e8trent doucement dans tous les espaces, y compris dans les espaces interdentaires et sous le sillon gingival pour \u00e9liminer la plaque dentaire, sans l&rsquo;impact abrasif des brins traditionnels. L&rsquo;implantation unique des brins a \u00e9t\u00e9 cliniquement con\u00e7ue pour un nettoyage en profondeur entre les dents et le long du sillon gingival afin de pr\u00e9venir l&rsquo;apparition des maladies de gencives.L&rsquo;implantation de forme triangulaire pour une bonne insertion des brins entre les dents, l\u00e0 o\u00f9 apparaissent g\u00e9n\u00e9ralement les maladies gingivales. L&rsquo;implantation de forme rectangulaire con\u00e7ue pour un nettoyage parfait du sillon gingival et le massage des gencives.  Le manche ergonomique de conception avanc\u00e9e, dot\u00e9 d&rsquo;un cou fin permet d&rsquo;absorber la pression excessive de brossage, comme le recommandent les dentistes, afin de prot\u00e9ger les gencives. La t\u00eate ultra fine de cette brosse a \u00e9t\u00e9 con\u00e7ue pour acc\u00e9der facilement \u00e0 tous les endroits de la cavit\u00e9 buccale.<\/p>\n<p>Conseils d&rsquo;utilisation:<\/p>\n<p>Placez la brosse \u00e0 dents le long de la gencive de fa\u00e7on \u00e0 former un angle de 45\u00b0. Les brins doivent entrer en contact avec la surface des dents mais aussi avec la ligne gingivale.  Sans exercer de pression excessive, brossez la surface externe de 2 ou 3 dents en effectuant un mouvement rotatif allant des gencives vers les dents. R\u00e9p\u00e9tez ce mouvement sur le groupe suivant de 2 ou 3 dents. Brossez-vous la langue en commen\u00e7ant par l&rsquo;arri\u00e8re et en avan\u00e7ant progressivement vers l&rsquo;avant de mani\u00e8re \u00e0 \u00e9liminer les bact\u00e9ries responsables de la mauvaise haleine.<\/p>","protected":false},"excerpt":{"rendered":"<p>Efficacit\u00e9 cliniquement prouv\u00e9e pour r\u00e9duire la gingivite.Les micro-brins p\u00e9n\u00e8trent doucement dans tous les espaces, y compris dans les espaces interdentaires et sous&hellip;<\/p>","protected":false},"featured_media":19341,"comment_status":"open","ping_status":"closed","template":"","meta":[],"product_cat":[88],"product_tag":[],"yith_product_brand":[215],"class_list":{"0":"post-19342","1":"product","2":"type-product","3":"status-publish","4":"has-post-thumbnail","6":"product_cat-soins-bucco-dentaires","7":"yith_product_brand-g-u-m","9":"first","10":"instock","11":"sale","12":"shipping-taxable","13":"purchasable","14":"product-type-simple"},"_links":{"self":[{"href":"https:\/\/parapharmacieenligne.ma\/en\/wp-json\/wp\/v2\/product\/19342","targetHints":{"allow":["GET"]}}],"collection":[{"href":"https:\/\/parapharmacieenligne.ma\/en\/wp-json\/wp\/v2\/product"}],"about":[{"href":"https:\/\/parapharmacieenligne.ma\/en\/wp-json\/wp\/v2\/types\/product"}],"replies":[{"embeddable":true,"href":"https:\/\/parapharmacieenligne.ma\/en\/wp-json\/wp\/v2\/comments?post=19342"}],"version-history":[{"count":1,"href":"https:\/\/parapharmacieenligne.ma\/en\/wp-json\/wp\/v2\/product\/19342\/revisions"}],"predecessor-version":[{"id":19343,"href":"https:\/\/parapharmacieenligne.ma\/en\/wp-json\/wp\/v2\/product\/19342\/revisions\/19343"}],"wp:featuredmedia":[{"embeddable":true,"href":"https:\/\/parapharmacieenligne.ma\/en\/wp-json\/wp\/v2\/media\/19341"}],"wp:attachment":[{"href":"https:\/\/parapharmacieenligne.ma\/en\/wp-json\/wp\/v2\/media?parent=19342"}],"wp:term":[{"taxonomy":"product_cat","embeddable":true,"href":"https:\/\/parapharmacieenligne.ma\/en\/wp-json\/wp\/v2\/product_cat?post=19342"},{"taxonomy":"product_tag","embeddable":true,"href":"https:\/\/parapharmacieenligne.ma\/en\/wp-json\/wp\/v2\/product_tag?post=19342"},{"taxonomy":"yith_product_brand","embeddable":true,"href":"https:\/\/parapharmacieenligne.ma\/en\/wp-json\/wp\/v2\/yith_product_brand?post=19342"}],"curies":[{"name":"wp","href":"https:\/\/api.w.org\/{rel}","templated":true}]}}