{"id":19345,"date":"2026-04-12T00:36:22","date_gmt":"2026-04-11T22:36:22","guid":{"rendered":"https:\/\/parapharmacieenligne.ma\/?post_type=product&#038;p=19345"},"modified":"2026-04-12T00:36:31","modified_gmt":"2026-04-11T22:36:31","slug":"gum-brosse-a-dents-activital-souple-avec-tete-silhouette-ref-585","status":"publish","type":"product","link":"https:\/\/parapharmacieenligne.ma\/en\/product\/gum-brosse-a-dents-activital-souple-avec-tete-silhouette-ref-585\/","title":{"rendered":"GUM BROSSE A DENTS ACTIVITAL SOUPLE AVEC TETE SILHOUETTE REF 585"},"content":{"rendered":"<p>La brosse \u00e0 dents Activital Souple est con\u00e7ue pour nettoyer les dents sans agresser la gencive. Sa t\u00eate ultracompacte et ses brins de forme conique garantissent un brossage plus efficace. Ultrafine, t\u00eate ovale, col long, pointe accentu\u00e9e. Haute densit\u00e9 des touffes pour un nettoyage plus efficace. Brins de forme conique se terminant par 3 microbrins, r\u00e9partis en touffes triangulaires et rectangulaires pour le nettoyage des espaces interdentaires et du sillon gingival. Manche bimati\u00e8re ergonomique avec but\u00e9e de pr\u00e9hension antid\u00e9rapante<\/p>\n<p>Utiliser la brosse \u00e0 dents pour une hygi\u00e8ne bucco-dentaire quotidienne.<\/p>","protected":false},"excerpt":{"rendered":"<p>La brosse \u00e0 dents Activital Souple est con\u00e7ue pour nettoyer les dents sans agresser la gencive. Sa t\u00eate ultracompacte et ses brins&hellip;<\/p>","protected":false},"featured_media":19344,"comment_status":"open","ping_status":"closed","template":"","meta":[],"product_cat":[88],"product_tag":[],"yith_product_brand":[215],"class_list":{"0":"post-19345","1":"product","2":"type-product","3":"status-publish","4":"has-post-thumbnail","6":"product_cat-soins-bucco-dentaires","7":"yith_product_brand-g-u-m","9":"first","10":"instock","11":"sale","12":"shipping-taxable","13":"purchasable","14":"product-type-simple"},"_links":{"self":[{"href":"https:\/\/parapharmacieenligne.ma\/en\/wp-json\/wp\/v2\/product\/19345","targetHints":{"allow":["GET"]}}],"collection":[{"href":"https:\/\/parapharmacieenligne.ma\/en\/wp-json\/wp\/v2\/product"}],"about":[{"href":"https:\/\/parapharmacieenligne.ma\/en\/wp-json\/wp\/v2\/types\/product"}],"replies":[{"embeddable":true,"href":"https:\/\/parapharmacieenligne.ma\/en\/wp-json\/wp\/v2\/comments?post=19345"}],"version-history":[{"count":1,"href":"https:\/\/parapharmacieenligne.ma\/en\/wp-json\/wp\/v2\/product\/19345\/revisions"}],"predecessor-version":[{"id":19346,"href":"https:\/\/parapharmacieenligne.ma\/en\/wp-json\/wp\/v2\/product\/19345\/revisions\/19346"}],"wp:featuredmedia":[{"embeddable":true,"href":"https:\/\/parapharmacieenligne.ma\/en\/wp-json\/wp\/v2\/media\/19344"}],"wp:attachment":[{"href":"https:\/\/parapharmacieenligne.ma\/en\/wp-json\/wp\/v2\/media?parent=19345"}],"wp:term":[{"taxonomy":"product_cat","embeddable":true,"href":"https:\/\/parapharmacieenligne.ma\/en\/wp-json\/wp\/v2\/product_cat?post=19345"},{"taxonomy":"product_tag","embeddable":true,"href":"https:\/\/parapharmacieenligne.ma\/en\/wp-json\/wp\/v2\/product_tag?post=19345"},{"taxonomy":"yith_product_brand","embeddable":true,"href":"https:\/\/parapharmacieenligne.ma\/en\/wp-json\/wp\/v2\/yith_product_brand?post=19345"}],"curies":[{"name":"wp","href":"https:\/\/api.w.org\/{rel}","templated":true}]}}