{"id":19348,"date":"2026-04-12T00:36:40","date_gmt":"2026-04-11T22:36:40","guid":{"rendered":"https:\/\/parapharmacieenligne.ma\/?post_type=product&#038;p=19348"},"modified":"2026-04-12T00:36:45","modified_gmt":"2026-04-11T22:36:45","slug":"gum-brosse-a-dents-classique-souple-ref-411","status":"publish","type":"product","link":"https:\/\/parapharmacieenligne.ma\/en\/product\/gum-brosse-a-dents-classique-souple-ref-411\/","title":{"rendered":"GUM BROSSE A DENTS CLASSIQUE SOUPLE REF 411"},"content":{"rendered":"<p>GUM Brosse \u00e0 Dents Classic 411 souple. Coupe en d\u00f4me : les deux rang\u00e9es centrales sur\u00e9lev\u00e9es forment un d\u00f4me permettant d&rsquo;\u00e9liminer efficacement la plaque au niveau du sillon gingivo-dentaire.<\/p>\n<p>Brins aux extr\u00e9mit\u00e9s arrondies : ils permettent un brossage doux qui respecte l&rsquo;\u00e9mail des dents et les gencives.<br \/>\nBrins textur\u00e9s 20\/100\u00e8me : gr\u00e2ce \u00e0 leur surface textur\u00e9e, les brins enl\u00e8vent plus efficacement la plaque dentaire.<\/p>\n<p>Stimulateur gingival en caoutchouc sans latex pour masser les gencives et nettoyer en douceur le sillon gingival.<\/p>\n<p>D\u00e9tail : grande, souple, 4 rangs : pour adulte.<\/p>\n<p>Placer la brosse \u00e0 dents le long de la gencive de fa\u00e7on \u00e0 former un angle de 45\u00b0. Les brins s&rsquo;ins\u00e9reront dans le sillon gingivo-dentaire et pourront r\u00e9colter la plaque qui s&rsquo;y est form\u00e9e.<br \/>\nBrosser doucement la face externe d&rsquo;un groupe de 2 ou 3 dents en effectuant un mouvement rotatif allant des gencives vers les dents. R\u00e9p\u00e9ter ce mouvement sur le groupe suivant de 2 ou 3 dents et ainsi de suite pour toutes les dents des arcades.<br \/>\nBrosser les faces internes des dents de la m\u00eame mani\u00e8re que les faces externes en maintenant l&rsquo;angle de 45\u00b0 entre la brosse et le sillon gingivo-dentaire.<br \/>\nAu niveau des incisives sup\u00e9rieures et inf\u00e9rieures, effectuer un mouvement de va-et-vient en utilisant l&rsquo;extr\u00e9mit\u00e9 de la t\u00eate de la brosse \u00e0 dents.<br \/>\nEn dernier lieu, brosser les faces occlusales &#8211; celles qui servent \u00e0 mastiquer &#8211; des molaires en un mouvement horizontal.<br \/>\nIndication : Hygi\u00e8ne dentaire, plaque dentaire. Adulte et enfant.<\/p>","protected":false},"excerpt":{"rendered":"<p>GUM Brosse \u00e0 Dents Classic 411 souple. Coupe en d\u00f4me : les deux rang\u00e9es centrales sur\u00e9lev\u00e9es forment un d\u00f4me permettant d&rsquo;\u00e9liminer efficacement&hellip;<\/p>","protected":false},"featured_media":19347,"comment_status":"open","ping_status":"closed","template":"","meta":[],"product_cat":[88],"product_tag":[],"yith_product_brand":[215],"class_list":{"0":"post-19348","1":"product","2":"type-product","3":"status-publish","4":"has-post-thumbnail","6":"product_cat-soins-bucco-dentaires","7":"yith_product_brand-g-u-m","9":"first","10":"instock","11":"sale","12":"shipping-taxable","13":"purchasable","14":"product-type-simple"},"_links":{"self":[{"href":"https:\/\/parapharmacieenligne.ma\/en\/wp-json\/wp\/v2\/product\/19348","targetHints":{"allow":["GET"]}}],"collection":[{"href":"https:\/\/parapharmacieenligne.ma\/en\/wp-json\/wp\/v2\/product"}],"about":[{"href":"https:\/\/parapharmacieenligne.ma\/en\/wp-json\/wp\/v2\/types\/product"}],"replies":[{"embeddable":true,"href":"https:\/\/parapharmacieenligne.ma\/en\/wp-json\/wp\/v2\/comments?post=19348"}],"version-history":[{"count":1,"href":"https:\/\/parapharmacieenligne.ma\/en\/wp-json\/wp\/v2\/product\/19348\/revisions"}],"predecessor-version":[{"id":19349,"href":"https:\/\/parapharmacieenligne.ma\/en\/wp-json\/wp\/v2\/product\/19348\/revisions\/19349"}],"wp:featuredmedia":[{"embeddable":true,"href":"https:\/\/parapharmacieenligne.ma\/en\/wp-json\/wp\/v2\/media\/19347"}],"wp:attachment":[{"href":"https:\/\/parapharmacieenligne.ma\/en\/wp-json\/wp\/v2\/media?parent=19348"}],"wp:term":[{"taxonomy":"product_cat","embeddable":true,"href":"https:\/\/parapharmacieenligne.ma\/en\/wp-json\/wp\/v2\/product_cat?post=19348"},{"taxonomy":"product_tag","embeddable":true,"href":"https:\/\/parapharmacieenligne.ma\/en\/wp-json\/wp\/v2\/product_tag?post=19348"},{"taxonomy":"yith_product_brand","embeddable":true,"href":"https:\/\/parapharmacieenligne.ma\/en\/wp-json\/wp\/v2\/yith_product_brand?post=19348"}],"curies":[{"name":"wp","href":"https:\/\/api.w.org\/{rel}","templated":true}]}}