{"id":19351,"date":"2026-04-12T00:36:54","date_gmt":"2026-04-11T22:36:54","guid":{"rendered":"https:\/\/parapharmacieenligne.ma\/?post_type=product&#038;p=19351"},"modified":"2026-04-12T00:36:59","modified_gmt":"2026-04-11T22:36:59","slug":"gum-brosse-a-dents-technique-pro-souple-compacte-ref-525","status":"publish","type":"product","link":"https:\/\/parapharmacieenligne.ma\/en\/product\/gum-brosse-a-dents-technique-pro-souple-compacte-ref-525\/","title":{"rendered":"GUM BROSSE A DENTS TECHNIQUE PRO SOUPLE COMPACTE REF 525"},"content":{"rendered":"<p>GUM Brosse \u00e0 Dents Technique Pro Souple 525 &#8211; Couleur : Orange est une brosse \u00e0 dents qui nettoie en profondeur et en douceur pour une meilleure sant\u00e9 des gencives.<\/p>\n<p>Ses brins sont effil\u00e9s (1\/100\u00e8me) pour une meilleure efficacit\u00e9 interdentaire, et son manche quad-grip assure le meilleur angle de brossage (45\u00b0)<\/p>\n<p>Cette brosse a \u00e9t\u00e9 test\u00e9e scientifiquement pour permettre une \u00e9limination optimale de la plaque dans les zones difficiles d&rsquo;acc\u00e8s : entre les dents, le long et sous le sillon gingival.<\/p>\n<p>Cette brosse poss\u00e8de un capuchon afin de garantir une hygi\u00e8ne parfaite.<\/p>\n<p>Les dentistes recommandent de se brosser les dents apr\u00e8s chaque repas, et de changer de brosse \u00e0 dents tous les 3 mois.<br \/>\nIndication : Hygi\u00e8ne bucco-dentaire.<\/p>","protected":false},"excerpt":{"rendered":"<p>GUM Brosse \u00e0 Dents Technique Pro Souple 525 &#8211; Couleur : Orange est une brosse \u00e0 dents qui nettoie en profondeur et&hellip;<\/p>","protected":false},"featured_media":19350,"comment_status":"open","ping_status":"closed","template":"","meta":[],"product_cat":[88],"product_tag":[],"yith_product_brand":[215],"class_list":{"0":"post-19351","1":"product","2":"type-product","3":"status-publish","4":"has-post-thumbnail","6":"product_cat-soins-bucco-dentaires","7":"yith_product_brand-g-u-m","9":"first","10":"instock","11":"sale","12":"shipping-taxable","13":"purchasable","14":"product-type-simple"},"_links":{"self":[{"href":"https:\/\/parapharmacieenligne.ma\/en\/wp-json\/wp\/v2\/product\/19351","targetHints":{"allow":["GET"]}}],"collection":[{"href":"https:\/\/parapharmacieenligne.ma\/en\/wp-json\/wp\/v2\/product"}],"about":[{"href":"https:\/\/parapharmacieenligne.ma\/en\/wp-json\/wp\/v2\/types\/product"}],"replies":[{"embeddable":true,"href":"https:\/\/parapharmacieenligne.ma\/en\/wp-json\/wp\/v2\/comments?post=19351"}],"version-history":[{"count":1,"href":"https:\/\/parapharmacieenligne.ma\/en\/wp-json\/wp\/v2\/product\/19351\/revisions"}],"predecessor-version":[{"id":19352,"href":"https:\/\/parapharmacieenligne.ma\/en\/wp-json\/wp\/v2\/product\/19351\/revisions\/19352"}],"wp:featuredmedia":[{"embeddable":true,"href":"https:\/\/parapharmacieenligne.ma\/en\/wp-json\/wp\/v2\/media\/19350"}],"wp:attachment":[{"href":"https:\/\/parapharmacieenligne.ma\/en\/wp-json\/wp\/v2\/media?parent=19351"}],"wp:term":[{"taxonomy":"product_cat","embeddable":true,"href":"https:\/\/parapharmacieenligne.ma\/en\/wp-json\/wp\/v2\/product_cat?post=19351"},{"taxonomy":"product_tag","embeddable":true,"href":"https:\/\/parapharmacieenligne.ma\/en\/wp-json\/wp\/v2\/product_tag?post=19351"},{"taxonomy":"yith_product_brand","embeddable":true,"href":"https:\/\/parapharmacieenligne.ma\/en\/wp-json\/wp\/v2\/yith_product_brand?post=19351"}],"curies":[{"name":"wp","href":"https:\/\/api.w.org\/{rel}","templated":true}]}}