{"id":19354,"date":"2026-04-12T00:37:06","date_gmt":"2026-04-11T22:37:06","guid":{"rendered":"https:\/\/parapharmacieenligne.ma\/?post_type=product&#038;p=19354"},"modified":"2026-04-12T00:37:16","modified_gmt":"2026-04-11T22:37:16","slug":"gum-brosse-a-dents-technique-pro-medium-compacte-528","status":"publish","type":"product","link":"https:\/\/parapharmacieenligne.ma\/en\/product\/gum-brosse-a-dents-technique-pro-medium-compacte-528\/","title":{"rendered":"GUM BROSSE A DENTS TECHNIQUE PRO MEDIUM COMPACTE 528"},"content":{"rendered":"<p>La brosse \u00e0 dents Gum garantit une hygi\u00e8ne bucco-dentaire irr\u00e9prochable en prot\u00e9geant l&rsquo;\u00e9mail des dents sans agresser la gencive. Son manche ergonomique permet un maintien plus facile et ses longues fibres un nettoyage efficace<\/p>\n<p>Se brosser les dents au moins deux fois par jour apr\u00e8s les repas.<\/p>","protected":false},"excerpt":{"rendered":"<p>La brosse \u00e0 dents Gum garantit une hygi\u00e8ne bucco-dentaire irr\u00e9prochable en prot\u00e9geant l&rsquo;\u00e9mail des dents sans agresser la gencive. Son manche ergonomique&hellip;<\/p>","protected":false},"featured_media":19353,"comment_status":"open","ping_status":"closed","template":"","meta":[],"product_cat":[88],"product_tag":[],"yith_product_brand":[215],"class_list":{"0":"post-19354","1":"product","2":"type-product","3":"status-publish","4":"has-post-thumbnail","6":"product_cat-soins-bucco-dentaires","7":"yith_product_brand-g-u-m","9":"first","10":"instock","11":"sale","12":"shipping-taxable","13":"purchasable","14":"product-type-simple"},"_links":{"self":[{"href":"https:\/\/parapharmacieenligne.ma\/en\/wp-json\/wp\/v2\/product\/19354","targetHints":{"allow":["GET"]}}],"collection":[{"href":"https:\/\/parapharmacieenligne.ma\/en\/wp-json\/wp\/v2\/product"}],"about":[{"href":"https:\/\/parapharmacieenligne.ma\/en\/wp-json\/wp\/v2\/types\/product"}],"replies":[{"embeddable":true,"href":"https:\/\/parapharmacieenligne.ma\/en\/wp-json\/wp\/v2\/comments?post=19354"}],"version-history":[{"count":1,"href":"https:\/\/parapharmacieenligne.ma\/en\/wp-json\/wp\/v2\/product\/19354\/revisions"}],"predecessor-version":[{"id":19355,"href":"https:\/\/parapharmacieenligne.ma\/en\/wp-json\/wp\/v2\/product\/19354\/revisions\/19355"}],"wp:featuredmedia":[{"embeddable":true,"href":"https:\/\/parapharmacieenligne.ma\/en\/wp-json\/wp\/v2\/media\/19353"}],"wp:attachment":[{"href":"https:\/\/parapharmacieenligne.ma\/en\/wp-json\/wp\/v2\/media?parent=19354"}],"wp:term":[{"taxonomy":"product_cat","embeddable":true,"href":"https:\/\/parapharmacieenligne.ma\/en\/wp-json\/wp\/v2\/product_cat?post=19354"},{"taxonomy":"product_tag","embeddable":true,"href":"https:\/\/parapharmacieenligne.ma\/en\/wp-json\/wp\/v2\/product_tag?post=19354"},{"taxonomy":"yith_product_brand","embeddable":true,"href":"https:\/\/parapharmacieenligne.ma\/en\/wp-json\/wp\/v2\/yith_product_brand?post=19354"}],"curies":[{"name":"wp","href":"https:\/\/api.w.org\/{rel}","templated":true}]}}