{"id":19357,"date":"2026-04-12T00:37:24","date_gmt":"2026-04-11T22:37:24","guid":{"rendered":"https:\/\/parapharmacieenligne.ma\/?post_type=product&#038;p=19357"},"modified":"2026-04-12T00:37:34","modified_gmt":"2026-04-11T22:37:34","slug":"gum-brosse-a-dents-original-white-souple-compacte-ref-561","status":"publish","type":"product","link":"https:\/\/parapharmacieenligne.ma\/en\/product\/gum-brosse-a-dents-original-white-souple-compacte-ref-561\/","title":{"rendered":"GUM BROSSE A DENTS ORIGINAL WHITE SOUPLE COMPACTE REF 561"},"content":{"rendered":"<p>GUM<br \/>\nOriginal White<br \/>\nSunstar<br \/>\nBrosse \u00e0 dents<br \/>\nSouple<\/p>\n<p>Ses brins centraux recouverts d\u2019\u00e9lastom\u00e8re gomment en douceur les colorations dentaires.<br \/>\nBrins \u00e9lastom\u00e8res de forme carr\u00e9e pour une plusgrande surface de contact et donc plus d\u2019efficacit\u00e9.<br \/>\nLa coupe ondul\u00e9e de ses brins permetune \u00e9limination efficace de la plaque dentaireet des colorations \u00e0 la surface des dentset dans les espaces interdentaires.<\/p>\n<p>Se brosser les dents 2-3 fois par jour ou apr\u00e8s chaque repas.<\/p>","protected":false},"excerpt":{"rendered":"<p>GUM Original White Sunstar Brosse \u00e0 dents Souple Ses brins centraux recouverts d\u2019\u00e9lastom\u00e8re gomment en douceur les colorations dentaires. Brins \u00e9lastom\u00e8res de&hellip;<\/p>","protected":false},"featured_media":19356,"comment_status":"open","ping_status":"closed","template":"","meta":[],"product_cat":[88],"product_tag":[],"yith_product_brand":[215],"class_list":{"0":"post-19357","1":"product","2":"type-product","3":"status-publish","4":"has-post-thumbnail","6":"product_cat-soins-bucco-dentaires","7":"yith_product_brand-g-u-m","9":"first","10":"instock","11":"sale","12":"shipping-taxable","13":"purchasable","14":"product-type-simple"},"_links":{"self":[{"href":"https:\/\/parapharmacieenligne.ma\/en\/wp-json\/wp\/v2\/product\/19357","targetHints":{"allow":["GET"]}}],"collection":[{"href":"https:\/\/parapharmacieenligne.ma\/en\/wp-json\/wp\/v2\/product"}],"about":[{"href":"https:\/\/parapharmacieenligne.ma\/en\/wp-json\/wp\/v2\/types\/product"}],"replies":[{"embeddable":true,"href":"https:\/\/parapharmacieenligne.ma\/en\/wp-json\/wp\/v2\/comments?post=19357"}],"version-history":[{"count":1,"href":"https:\/\/parapharmacieenligne.ma\/en\/wp-json\/wp\/v2\/product\/19357\/revisions"}],"predecessor-version":[{"id":19358,"href":"https:\/\/parapharmacieenligne.ma\/en\/wp-json\/wp\/v2\/product\/19357\/revisions\/19358"}],"wp:featuredmedia":[{"embeddable":true,"href":"https:\/\/parapharmacieenligne.ma\/en\/wp-json\/wp\/v2\/media\/19356"}],"wp:attachment":[{"href":"https:\/\/parapharmacieenligne.ma\/en\/wp-json\/wp\/v2\/media?parent=19357"}],"wp:term":[{"taxonomy":"product_cat","embeddable":true,"href":"https:\/\/parapharmacieenligne.ma\/en\/wp-json\/wp\/v2\/product_cat?post=19357"},{"taxonomy":"product_tag","embeddable":true,"href":"https:\/\/parapharmacieenligne.ma\/en\/wp-json\/wp\/v2\/product_tag?post=19357"},{"taxonomy":"yith_product_brand","embeddable":true,"href":"https:\/\/parapharmacieenligne.ma\/en\/wp-json\/wp\/v2\/yith_product_brand?post=19357"}],"curies":[{"name":"wp","href":"https:\/\/api.w.org\/{rel}","templated":true}]}}