{"id":19360,"date":"2026-04-12T00:37:41","date_gmt":"2026-04-11T22:37:41","guid":{"rendered":"https:\/\/parapharmacieenligne.ma\/?post_type=product&#038;p=19360"},"modified":"2026-04-12T00:37:49","modified_gmt":"2026-04-11T22:37:49","slug":"gum-brosse-a-dents-original-white-medium-compacte-ref-563","status":"publish","type":"product","link":"https:\/\/parapharmacieenligne.ma\/en\/product\/gum-brosse-a-dents-original-white-medium-compacte-ref-563\/","title":{"rendered":"GUM BROSSE A DENTS ORIGINAL WHITE MEDIUM COMPACTE REF 563"},"content":{"rendered":"<p>GUM Original White Brosse \u00e0 Dents Medium 563  \u00e9limine plus facilement les colorations dentaires que d&rsquo;autres brosses \u00e0 dents classiques.<\/p>\n<p>Les brins recouverts d&rsquo;un \u00e9lastom\u00e8re sp\u00e9cial, aident les dents \u00e0 retrouver leur blancheur naturelle, \u00e9liminant efficacement et en douceur la plaque et les colorations de la surface de la dent, tout en favorisant la sant\u00e9 bucco-dentaire.<\/p>\n<p>Il est conseill\u00e9 d&rsquo;utiliser le dentifrice GUM Original White en compl\u00e9ment.<\/p>\n<p>Il est recommand\u00e9 de se brosser les dents apr\u00e8s chaque repas.<br \/>\nIndication : Hygi\u00e8ne dentaire. \u00c9liminer les colorations dentaires.<\/p>","protected":false},"excerpt":{"rendered":"<p>GUM Original White Brosse \u00e0 Dents Medium 563 \u00e9limine plus facilement les colorations dentaires que d&rsquo;autres brosses \u00e0 dents classiques. Les brins&hellip;<\/p>","protected":false},"featured_media":19359,"comment_status":"open","ping_status":"closed","template":"","meta":[],"product_cat":[88],"product_tag":[],"yith_product_brand":[215],"class_list":{"0":"post-19360","1":"product","2":"type-product","3":"status-publish","4":"has-post-thumbnail","6":"product_cat-soins-bucco-dentaires","7":"yith_product_brand-g-u-m","9":"first","10":"instock","11":"sale","12":"shipping-taxable","13":"purchasable","14":"product-type-simple"},"_links":{"self":[{"href":"https:\/\/parapharmacieenligne.ma\/en\/wp-json\/wp\/v2\/product\/19360","targetHints":{"allow":["GET"]}}],"collection":[{"href":"https:\/\/parapharmacieenligne.ma\/en\/wp-json\/wp\/v2\/product"}],"about":[{"href":"https:\/\/parapharmacieenligne.ma\/en\/wp-json\/wp\/v2\/types\/product"}],"replies":[{"embeddable":true,"href":"https:\/\/parapharmacieenligne.ma\/en\/wp-json\/wp\/v2\/comments?post=19360"}],"version-history":[{"count":1,"href":"https:\/\/parapharmacieenligne.ma\/en\/wp-json\/wp\/v2\/product\/19360\/revisions"}],"predecessor-version":[{"id":19361,"href":"https:\/\/parapharmacieenligne.ma\/en\/wp-json\/wp\/v2\/product\/19360\/revisions\/19361"}],"wp:featuredmedia":[{"embeddable":true,"href":"https:\/\/parapharmacieenligne.ma\/en\/wp-json\/wp\/v2\/media\/19359"}],"wp:attachment":[{"href":"https:\/\/parapharmacieenligne.ma\/en\/wp-json\/wp\/v2\/media?parent=19360"}],"wp:term":[{"taxonomy":"product_cat","embeddable":true,"href":"https:\/\/parapharmacieenligne.ma\/en\/wp-json\/wp\/v2\/product_cat?post=19360"},{"taxonomy":"product_tag","embeddable":true,"href":"https:\/\/parapharmacieenligne.ma\/en\/wp-json\/wp\/v2\/product_tag?post=19360"},{"taxonomy":"yith_product_brand","embeddable":true,"href":"https:\/\/parapharmacieenligne.ma\/en\/wp-json\/wp\/v2\/yith_product_brand?post=19360"}],"curies":[{"name":"wp","href":"https:\/\/api.w.org\/{rel}","templated":true}]}}