{"id":19363,"date":"2026-04-12T00:37:56","date_gmt":"2026-04-11T22:37:56","guid":{"rendered":"https:\/\/parapharmacieenligne.ma\/?post_type=product&#038;p=19363"},"modified":"2026-04-12T00:38:06","modified_gmt":"2026-04-11T22:38:06","slug":"gum-manche-kit-porte-brossette-2-brossettes-ref-605","status":"publish","type":"product","link":"https:\/\/parapharmacieenligne.ma\/en\/product\/gum-manche-kit-porte-brossette-2-brossettes-ref-605\/","title":{"rendered":"GUM MANCHE KIT PORTE BROSSETTE + 2 BROSSETTES REF 605"},"content":{"rendered":"<p>Proxabrush Classic du laboratoire Gum est un manche porte-brossettes en plastique sp\u00e9cialement con\u00e7u pour utiliser les brossettes Proxabrush Classic.<\/p>\n<p>Le manche porte-brossettes associ\u00e9 aux brossettes interdentaires \u00e9liminent efficacement la plaque dentaire. Cela permet de compl\u00e9ter le brossage quotidien et de le parfaire.<\/p>\n<p>2 brossettes peuvent \u00eatre fix\u00e9es en m\u00eame temps sur le manche Proxabrush Classic. De plus, son manche ergonomique permet une bonne prise en main.<\/p>\n<p>Conseils d&rsquo;utilisation Gum Proxabrush Classic :<br \/>\nCe manche portre-brossettes est \u00e0 utiliser avec les brossettes Proxabrush Classic de Gum.<\/p>\n<p>Utiliser le manche apr\u00e8s chaque brossage entre les dents, les espaces interdentaires, entres les bagues et les appareils dentaires.<\/p>","protected":false},"excerpt":{"rendered":"<p>Proxabrush Classic du laboratoire Gum est un manche porte-brossettes en plastique sp\u00e9cialement con\u00e7u pour utiliser les brossettes Proxabrush Classic. Le manche porte-brossettes&hellip;<\/p>","protected":false},"featured_media":19362,"comment_status":"open","ping_status":"closed","template":"","meta":[],"product_cat":[88],"product_tag":[],"yith_product_brand":[215],"class_list":{"0":"post-19363","1":"product","2":"type-product","3":"status-publish","4":"has-post-thumbnail","6":"product_cat-soins-bucco-dentaires","7":"yith_product_brand-g-u-m","9":"first","10":"instock","11":"sale","12":"shipping-taxable","13":"purchasable","14":"product-type-simple"},"_links":{"self":[{"href":"https:\/\/parapharmacieenligne.ma\/en\/wp-json\/wp\/v2\/product\/19363","targetHints":{"allow":["GET"]}}],"collection":[{"href":"https:\/\/parapharmacieenligne.ma\/en\/wp-json\/wp\/v2\/product"}],"about":[{"href":"https:\/\/parapharmacieenligne.ma\/en\/wp-json\/wp\/v2\/types\/product"}],"replies":[{"embeddable":true,"href":"https:\/\/parapharmacieenligne.ma\/en\/wp-json\/wp\/v2\/comments?post=19363"}],"version-history":[{"count":1,"href":"https:\/\/parapharmacieenligne.ma\/en\/wp-json\/wp\/v2\/product\/19363\/revisions"}],"predecessor-version":[{"id":19364,"href":"https:\/\/parapharmacieenligne.ma\/en\/wp-json\/wp\/v2\/product\/19363\/revisions\/19364"}],"wp:featuredmedia":[{"embeddable":true,"href":"https:\/\/parapharmacieenligne.ma\/en\/wp-json\/wp\/v2\/media\/19362"}],"wp:attachment":[{"href":"https:\/\/parapharmacieenligne.ma\/en\/wp-json\/wp\/v2\/media?parent=19363"}],"wp:term":[{"taxonomy":"product_cat","embeddable":true,"href":"https:\/\/parapharmacieenligne.ma\/en\/wp-json\/wp\/v2\/product_cat?post=19363"},{"taxonomy":"product_tag","embeddable":true,"href":"https:\/\/parapharmacieenligne.ma\/en\/wp-json\/wp\/v2\/product_tag?post=19363"},{"taxonomy":"yith_product_brand","embeddable":true,"href":"https:\/\/parapharmacieenligne.ma\/en\/wp-json\/wp\/v2\/yith_product_brand?post=19363"}],"curies":[{"name":"wp","href":"https:\/\/api.w.org\/{rel}","templated":true}]}}