{"id":19366,"date":"2026-04-12T00:38:14","date_gmt":"2026-04-11T22:38:14","guid":{"rendered":"https:\/\/parapharmacieenligne.ma\/?post_type=product&#038;p=19366"},"modified":"2026-04-12T00:38:24","modified_gmt":"2026-04-11T22:38:24","slug":"gum-recharge-brosettes-extra-fines-par-8-unites-1-4-mm-ref-612","status":"publish","type":"product","link":"https:\/\/parapharmacieenligne.ma\/en\/product\/gum-recharge-brosettes-extra-fines-par-8-unites-1-4-mm-ref-612\/","title":{"rendered":"GUM RECHARGE BROSETTES EXTRA FINES PAR 8 UNITES 1.4 MM REF 612"},"content":{"rendered":"<p>Hygi\u00e8ne dentaire Nettoyage des espaces interdentaires. Brossette Cylindriques Fines 1.4 Bo\u00e0\u00aete distributrice de 8 recharges : facilite la fixation des recharges et prot\u00e8ge les brossettes non encore utilis\u00e9es. Protection antibact\u00e9rienne : les brossettes sont prot\u00e9g\u00e9es par un agent antibact\u00e9rien, la chlorhexidine, qui recouvre les brins en nylon monofilament et inhibe la croissance bact\u00e9rienne sur les brossettes jusqu&rsquo;\u00e0 2 semaines. Actifs principaux : Compos\u00e9es de brins bleus en nylon monofilament recouverts d&rsquo;un antiseptique, la Chlorhexidine.<\/p>","protected":false},"excerpt":{"rendered":"<p>Hygi\u00e8ne dentaire Nettoyage des espaces interdentaires. Brossette Cylindriques Fines 1.4 Bo\u00e0\u00aete distributrice de 8 recharges : facilite la fixation des recharges et&hellip;<\/p>","protected":false},"featured_media":19365,"comment_status":"open","ping_status":"closed","template":"","meta":[],"product_cat":[88],"product_tag":[],"yith_product_brand":[215],"class_list":{"0":"post-19366","1":"product","2":"type-product","3":"status-publish","4":"has-post-thumbnail","6":"product_cat-soins-bucco-dentaires","7":"yith_product_brand-g-u-m","9":"first","10":"instock","11":"sale","12":"shipping-taxable","13":"purchasable","14":"product-type-simple"},"_links":{"self":[{"href":"https:\/\/parapharmacieenligne.ma\/en\/wp-json\/wp\/v2\/product\/19366","targetHints":{"allow":["GET"]}}],"collection":[{"href":"https:\/\/parapharmacieenligne.ma\/en\/wp-json\/wp\/v2\/product"}],"about":[{"href":"https:\/\/parapharmacieenligne.ma\/en\/wp-json\/wp\/v2\/types\/product"}],"replies":[{"embeddable":true,"href":"https:\/\/parapharmacieenligne.ma\/en\/wp-json\/wp\/v2\/comments?post=19366"}],"version-history":[{"count":1,"href":"https:\/\/parapharmacieenligne.ma\/en\/wp-json\/wp\/v2\/product\/19366\/revisions"}],"predecessor-version":[{"id":19367,"href":"https:\/\/parapharmacieenligne.ma\/en\/wp-json\/wp\/v2\/product\/19366\/revisions\/19367"}],"wp:featuredmedia":[{"embeddable":true,"href":"https:\/\/parapharmacieenligne.ma\/en\/wp-json\/wp\/v2\/media\/19365"}],"wp:attachment":[{"href":"https:\/\/parapharmacieenligne.ma\/en\/wp-json\/wp\/v2\/media?parent=19366"}],"wp:term":[{"taxonomy":"product_cat","embeddable":true,"href":"https:\/\/parapharmacieenligne.ma\/en\/wp-json\/wp\/v2\/product_cat?post=19366"},{"taxonomy":"product_tag","embeddable":true,"href":"https:\/\/parapharmacieenligne.ma\/en\/wp-json\/wp\/v2\/product_tag?post=19366"},{"taxonomy":"yith_product_brand","embeddable":true,"href":"https:\/\/parapharmacieenligne.ma\/en\/wp-json\/wp\/v2\/yith_product_brand?post=19366"}],"curies":[{"name":"wp","href":"https:\/\/api.w.org\/{rel}","templated":true}]}}