{"id":19369,"date":"2026-04-12T00:38:32","date_gmt":"2026-04-11T22:38:32","guid":{"rendered":"https:\/\/parapharmacieenligne.ma\/?post_type=product&#038;p=19369"},"modified":"2026-04-12T00:38:41","modified_gmt":"2026-04-11T22:38:41","slug":"gum-recharge-brosettes-extra-fines-par-8-unites-1-6-mm-ref-614","status":"publish","type":"product","link":"https:\/\/parapharmacieenligne.ma\/en\/product\/gum-recharge-brosettes-extra-fines-par-8-unites-1-6-mm-ref-614\/","title":{"rendered":"GUM RECHARGE BROSETTES EXTRA FINES PAR 8 UNITES 1.6 MM REF 614"},"content":{"rendered":"<p>Les brossettes interdentaire 1,6mm Gum Proxabrush Classic sont pr\u00e9vues pour retirer la plaque dentaire coinc\u00e9e entre les dents. Ce lot de 8 brossettes est pr\u00e9vu pour recharger le manche Classic Proxablush de Gum.<\/p>\n<p>La plaque dentaire est une substance blanch\u00e2tre qui se d\u00e9pose sur les dents et qui est essentiellement constitu\u00e9e d\u2019aliments et bact\u00e9ries. Pour \u00e9viter les caries, il est donc indispensable de se brosser les dents apr\u00e8s chaque repas. Cependant, bien que le temps de lavage des dents ainsi que sa fr\u00e9quence soient respect\u00e9s, la plaque reste parfois visible et n\u00e9cessite d\u2019\u00eatre retir\u00e9e.<\/p>\n<p>Les brossettes interdentaires se r\u00e9v\u00e8lent \u00eatre un atout pour l\u2019hygi\u00e8ne, la beaut\u00e9 et la sant\u00e9 de votre bouche. De forme conique et avec un diam\u00e8tre d\u20191,6 mm, elles permettront de passer entre les espaces dentaires larges.<\/p>\n<p>Enfin l\u2019atout majeur de ce produit est que les brossettes sont impr\u00e9gn\u00e9es de Chlorhexidine pour vous assurer une protection antibact\u00e9rienne.<\/p>\n<p>La marque Butler Gum produit des articles pour l\u2019hygi\u00e8ne bucco-dentaire de personnes de tous \u00e2ges. Elle commercialise par le biais des parapharmacies, des produits allant de la brosse \u00e0 dent, au bain de bouche ou au dentifrice.<\/p>\n<p>Contenu : Vendues par huit<\/p>","protected":false},"excerpt":{"rendered":"<p>Les brossettes interdentaire 1,6mm Gum Proxabrush Classic sont pr\u00e9vues pour retirer la plaque dentaire coinc\u00e9e entre les dents. Ce lot de 8&hellip;<\/p>","protected":false},"featured_media":19368,"comment_status":"open","ping_status":"closed","template":"","meta":[],"product_cat":[88],"product_tag":[],"yith_product_brand":[215],"class_list":{"0":"post-19369","1":"product","2":"type-product","3":"status-publish","4":"has-post-thumbnail","6":"product_cat-soins-bucco-dentaires","7":"yith_product_brand-g-u-m","9":"first","10":"instock","11":"sale","12":"shipping-taxable","13":"purchasable","14":"product-type-simple"},"_links":{"self":[{"href":"https:\/\/parapharmacieenligne.ma\/en\/wp-json\/wp\/v2\/product\/19369","targetHints":{"allow":["GET"]}}],"collection":[{"href":"https:\/\/parapharmacieenligne.ma\/en\/wp-json\/wp\/v2\/product"}],"about":[{"href":"https:\/\/parapharmacieenligne.ma\/en\/wp-json\/wp\/v2\/types\/product"}],"replies":[{"embeddable":true,"href":"https:\/\/parapharmacieenligne.ma\/en\/wp-json\/wp\/v2\/comments?post=19369"}],"version-history":[{"count":1,"href":"https:\/\/parapharmacieenligne.ma\/en\/wp-json\/wp\/v2\/product\/19369\/revisions"}],"predecessor-version":[{"id":19370,"href":"https:\/\/parapharmacieenligne.ma\/en\/wp-json\/wp\/v2\/product\/19369\/revisions\/19370"}],"wp:featuredmedia":[{"embeddable":true,"href":"https:\/\/parapharmacieenligne.ma\/en\/wp-json\/wp\/v2\/media\/19368"}],"wp:attachment":[{"href":"https:\/\/parapharmacieenligne.ma\/en\/wp-json\/wp\/v2\/media?parent=19369"}],"wp:term":[{"taxonomy":"product_cat","embeddable":true,"href":"https:\/\/parapharmacieenligne.ma\/en\/wp-json\/wp\/v2\/product_cat?post=19369"},{"taxonomy":"product_tag","embeddable":true,"href":"https:\/\/parapharmacieenligne.ma\/en\/wp-json\/wp\/v2\/product_tag?post=19369"},{"taxonomy":"yith_product_brand","embeddable":true,"href":"https:\/\/parapharmacieenligne.ma\/en\/wp-json\/wp\/v2\/yith_product_brand?post=19369"}],"curies":[{"name":"wp","href":"https:\/\/api.w.org\/{rel}","templated":true}]}}