{"id":19372,"date":"2026-04-12T00:38:47","date_gmt":"2026-04-11T22:38:47","guid":{"rendered":"https:\/\/parapharmacieenligne.ma\/?post_type=product&#038;p=19372"},"modified":"2026-04-12T00:38:56","modified_gmt":"2026-04-11T22:38:56","slug":"gum-recharge-brosettes-extra-fines-par-8-unites-1-2-mm-ref-512","status":"publish","type":"product","link":"https:\/\/parapharmacieenligne.ma\/en\/product\/gum-recharge-brosettes-extra-fines-par-8-unites-1-2-mm-ref-512\/","title":{"rendered":"GUM RECHARGE BROSETTES EXTRA FINES PAR 8 UNITES 1.2 MM REF 512"},"content":{"rendered":"<p>Boite de 8 brossettes<\/p>\n<p>Les brossettes Proxabrush Classic sont \u00e0 utiliser sur le manche Classic Bleu, ces brossettes sont cylindriques de 4 diam\u00e8tres diff\u00e9rents pour s&rsquo;adapter \u00e0 tous les espaces interdentaires.<\/p>\n<p>Mini goupillon utilis\u00e9 en compl\u00e9ment du brossage pour nettoyer les espaces interdentaires ( brossage interproximal ) et \u00e9liminer la plaque dentaire.<\/p>\n<p>Brossette PRETE A L&rsquo;EMPLOI, ne n\u00e9cessitant aucun montage, sp\u00e9cialement con\u00e7ue pour une utilisation EN DEHORS de CHEZ SOI ( lieu de travail, voyage&#8230;.). On peut allonger le manche en adaptant le capuchon.<\/p>\n<p>Conseils d\u2019utilisation :<\/p>\n<p>Apr\u00e8s usage, nettoyer la brossette sous l&rsquo;eau et bien la secouer afin de la s\u00e9cher. Prot\u00e9ger la t\u00eate de brossette avec le capuchon.<\/p>","protected":false},"excerpt":{"rendered":"<p>Boite de 8 brossettes Les brossettes Proxabrush Classic sont \u00e0 utiliser sur le manche Classic Bleu, ces brossettes sont cylindriques de 4&hellip;<\/p>","protected":false},"featured_media":19371,"comment_status":"open","ping_status":"closed","template":"","meta":[],"product_cat":[88],"product_tag":[],"yith_product_brand":[215],"class_list":{"0":"post-19372","1":"product","2":"type-product","3":"status-publish","4":"has-post-thumbnail","6":"product_cat-soins-bucco-dentaires","7":"yith_product_brand-g-u-m","9":"first","10":"instock","11":"sale","12":"shipping-taxable","13":"purchasable","14":"product-type-simple"},"_links":{"self":[{"href":"https:\/\/parapharmacieenligne.ma\/en\/wp-json\/wp\/v2\/product\/19372","targetHints":{"allow":["GET"]}}],"collection":[{"href":"https:\/\/parapharmacieenligne.ma\/en\/wp-json\/wp\/v2\/product"}],"about":[{"href":"https:\/\/parapharmacieenligne.ma\/en\/wp-json\/wp\/v2\/types\/product"}],"replies":[{"embeddable":true,"href":"https:\/\/parapharmacieenligne.ma\/en\/wp-json\/wp\/v2\/comments?post=19372"}],"version-history":[{"count":1,"href":"https:\/\/parapharmacieenligne.ma\/en\/wp-json\/wp\/v2\/product\/19372\/revisions"}],"predecessor-version":[{"id":19373,"href":"https:\/\/parapharmacieenligne.ma\/en\/wp-json\/wp\/v2\/product\/19372\/revisions\/19373"}],"wp:featuredmedia":[{"embeddable":true,"href":"https:\/\/parapharmacieenligne.ma\/en\/wp-json\/wp\/v2\/media\/19371"}],"wp:attachment":[{"href":"https:\/\/parapharmacieenligne.ma\/en\/wp-json\/wp\/v2\/media?parent=19372"}],"wp:term":[{"taxonomy":"product_cat","embeddable":true,"href":"https:\/\/parapharmacieenligne.ma\/en\/wp-json\/wp\/v2\/product_cat?post=19372"},{"taxonomy":"product_tag","embeddable":true,"href":"https:\/\/parapharmacieenligne.ma\/en\/wp-json\/wp\/v2\/product_tag?post=19372"},{"taxonomy":"yith_product_brand","embeddable":true,"href":"https:\/\/parapharmacieenligne.ma\/en\/wp-json\/wp\/v2\/yith_product_brand?post=19372"}],"curies":[{"name":"wp","href":"https:\/\/api.w.org\/{rel}","templated":true}]}}