{"id":19378,"date":"2026-04-12T00:39:24","date_gmt":"2026-04-11T22:39:24","guid":{"rendered":"https:\/\/parapharmacieenligne.ma\/?post_type=product&#038;p=19378"},"modified":"2026-04-12T00:39:33","modified_gmt":"2026-04-11T22:39:33","slug":"gum-fil-dentaire-butlerweave-cire-larges-espaces-ref-1155","status":"publish","type":"product","link":"https:\/\/parapharmacieenligne.ma\/en\/product\/gum-fil-dentaire-butlerweave-cire-larges-espaces-ref-1155\/","title":{"rendered":"GUM FIL DENTAIRE BUTLERWEAVE CIRE LARGES ESPACES REF 1155"},"content":{"rendered":"<p>Le fil dentaire Fine Floss est tr\u00e8s pratique et se glisse ais\u00e9ment entre les espaces difficilement atteignables comme les espaces inter-dentaires par exemple.<\/p>\n<p>Fine Floss est constitu\u00e9 de fibres tiss\u00e9es, ce qui lui assure une r\u00e9elle solidit\u00e9 afin d\u2019\u00e9liminer au maximum la plaque dentaire, responsable des caries et des probl\u00e8mes de gencives.<\/p>\n<p>En effet, l\u2019action d\u2019une brosse \u00e0 dents ne retire que partiellement la plaque dentaire, soit environ 50%, il est donc indispensable d\u2019utiliser un fil dentaire pour une hygi\u00e8ne bucco-dentaire parfaite.<\/p>\n<p>Fine Floss aide \u00e9galement \u00e0 \u00e9liminer les r\u00e9sidus alimentaires.<\/p>\n<p>A utiliser aussi souvent que n\u00e9cessaire.<\/p>\n<p>Prendre le fil et l\u2019enrouler autour des majeurs, en prenant soin de laisser quelques centim\u00e8tres de fil au centre. Tendre le fil en le pin\u00e7ant entre les pouces et les index.<\/p>\n<p>Glisser doucement le fil tendu entre les dents, jusqu\u2019\u00e0 la gencive. Puis, en tenant le fil contre la dent, effectuer un mouvement vertical, de la gencive vers la dent.<\/p>\n<p>Il convient d\u2019utiliser une section de fil par espace inter-dentaire.<\/p>\n<p>Composition<br \/>\nFibres tiss\u00e9es<\/p>","protected":false},"excerpt":{"rendered":"<p>Le fil dentaire Fine Floss est tr\u00e8s pratique et se glisse ais\u00e9ment entre les espaces difficilement atteignables comme les espaces inter-dentaires par&hellip;<\/p>","protected":false},"featured_media":19377,"comment_status":"open","ping_status":"closed","template":"","meta":[],"product_cat":[88],"product_tag":[],"yith_product_brand":[215],"class_list":{"0":"post-19378","1":"product","2":"type-product","3":"status-publish","4":"has-post-thumbnail","6":"product_cat-soins-bucco-dentaires","7":"yith_product_brand-g-u-m","9":"first","10":"instock","11":"sale","12":"shipping-taxable","13":"purchasable","14":"product-type-simple"},"_links":{"self":[{"href":"https:\/\/parapharmacieenligne.ma\/en\/wp-json\/wp\/v2\/product\/19378","targetHints":{"allow":["GET"]}}],"collection":[{"href":"https:\/\/parapharmacieenligne.ma\/en\/wp-json\/wp\/v2\/product"}],"about":[{"href":"https:\/\/parapharmacieenligne.ma\/en\/wp-json\/wp\/v2\/types\/product"}],"replies":[{"embeddable":true,"href":"https:\/\/parapharmacieenligne.ma\/en\/wp-json\/wp\/v2\/comments?post=19378"}],"version-history":[{"count":1,"href":"https:\/\/parapharmacieenligne.ma\/en\/wp-json\/wp\/v2\/product\/19378\/revisions"}],"predecessor-version":[{"id":19379,"href":"https:\/\/parapharmacieenligne.ma\/en\/wp-json\/wp\/v2\/product\/19378\/revisions\/19379"}],"wp:featuredmedia":[{"embeddable":true,"href":"https:\/\/parapharmacieenligne.ma\/en\/wp-json\/wp\/v2\/media\/19377"}],"wp:attachment":[{"href":"https:\/\/parapharmacieenligne.ma\/en\/wp-json\/wp\/v2\/media?parent=19378"}],"wp:term":[{"taxonomy":"product_cat","embeddable":true,"href":"https:\/\/parapharmacieenligne.ma\/en\/wp-json\/wp\/v2\/product_cat?post=19378"},{"taxonomy":"product_tag","embeddable":true,"href":"https:\/\/parapharmacieenligne.ma\/en\/wp-json\/wp\/v2\/product_tag?post=19378"},{"taxonomy":"yith_product_brand","embeddable":true,"href":"https:\/\/parapharmacieenligne.ma\/en\/wp-json\/wp\/v2\/yith_product_brand?post=19378"}],"curies":[{"name":"wp","href":"https:\/\/api.w.org\/{rel}","templated":true}]}}