{"id":19381,"date":"2026-04-12T00:39:43","date_gmt":"2026-04-11T22:39:43","guid":{"rendered":"https:\/\/parapharmacieenligne.ma\/?post_type=product&#038;p=19381"},"modified":"2026-04-12T00:39:49","modified_gmt":"2026-04-11T22:39:49","slug":"gum-fil-dentaire-butlerweave-cire-filaments-ruban-ref-1855","status":"publish","type":"product","link":"https:\/\/parapharmacieenligne.ma\/en\/product\/gum-fil-dentaire-butlerweave-cire-filaments-ruban-ref-1855\/","title":{"rendered":"GUM FIL DENTAIRE BUTLERWEAVE CIRE FILAMENTS RUBAN REF 1855"},"content":{"rendered":"<p>Gum Butlerweave est un fil dentaire plat \u00e0 utiliser apr\u00e8s le brossage des dents pour \u00e9liminer la plaque dentaire et les r\u00e9sidus d&rsquo;alimentation dans les espaces dentaires et sous la gencives. Il a \u00e9t\u00e9 \u00e9labor\u00e9 avec un tissage unique. Son parfum Menthe laisse une haleine fra\u00eeche.<\/p>","protected":false},"excerpt":{"rendered":"<p>Gum Butlerweave est un fil dentaire plat \u00e0 utiliser apr\u00e8s le brossage des dents pour \u00e9liminer la plaque dentaire et les r\u00e9sidus&hellip;<\/p>","protected":false},"featured_media":19380,"comment_status":"open","ping_status":"closed","template":"","meta":[],"product_cat":[88],"product_tag":[],"yith_product_brand":[215],"class_list":{"0":"post-19381","1":"product","2":"type-product","3":"status-publish","4":"has-post-thumbnail","6":"product_cat-soins-bucco-dentaires","7":"yith_product_brand-g-u-m","9":"first","10":"instock","11":"sale","12":"shipping-taxable","13":"purchasable","14":"product-type-simple"},"_links":{"self":[{"href":"https:\/\/parapharmacieenligne.ma\/en\/wp-json\/wp\/v2\/product\/19381","targetHints":{"allow":["GET"]}}],"collection":[{"href":"https:\/\/parapharmacieenligne.ma\/en\/wp-json\/wp\/v2\/product"}],"about":[{"href":"https:\/\/parapharmacieenligne.ma\/en\/wp-json\/wp\/v2\/types\/product"}],"replies":[{"embeddable":true,"href":"https:\/\/parapharmacieenligne.ma\/en\/wp-json\/wp\/v2\/comments?post=19381"}],"version-history":[{"count":1,"href":"https:\/\/parapharmacieenligne.ma\/en\/wp-json\/wp\/v2\/product\/19381\/revisions"}],"predecessor-version":[{"id":19382,"href":"https:\/\/parapharmacieenligne.ma\/en\/wp-json\/wp\/v2\/product\/19381\/revisions\/19382"}],"wp:featuredmedia":[{"embeddable":true,"href":"https:\/\/parapharmacieenligne.ma\/en\/wp-json\/wp\/v2\/media\/19380"}],"wp:attachment":[{"href":"https:\/\/parapharmacieenligne.ma\/en\/wp-json\/wp\/v2\/media?parent=19381"}],"wp:term":[{"taxonomy":"product_cat","embeddable":true,"href":"https:\/\/parapharmacieenligne.ma\/en\/wp-json\/wp\/v2\/product_cat?post=19381"},{"taxonomy":"product_tag","embeddable":true,"href":"https:\/\/parapharmacieenligne.ma\/en\/wp-json\/wp\/v2\/product_tag?post=19381"},{"taxonomy":"yith_product_brand","embeddable":true,"href":"https:\/\/parapharmacieenligne.ma\/en\/wp-json\/wp\/v2\/yith_product_brand?post=19381"}],"curies":[{"name":"wp","href":"https:\/\/api.w.org\/{rel}","templated":true}]}}