{"id":19384,"date":"2026-04-12T00:39:56","date_gmt":"2026-04-11T22:39:56","guid":{"rendered":"https:\/\/parapharmacieenligne.ma\/?post_type=product&#038;p=19384"},"modified":"2026-04-12T00:40:04","modified_gmt":"2026-04-11T22:40:04","slug":"gum-fil-dentaire-expanding-floss-ref-2030","status":"publish","type":"product","link":"https:\/\/parapharmacieenligne.ma\/en\/product\/gum-fil-dentaire-expanding-floss-ref-2030\/","title":{"rendered":"GUM FIL DENTAIRE EXPANDING FLOSS REF 2030"},"content":{"rendered":"<p>Indications :<br \/>\nGUM EXPANDING FLOSS Efficacit\u00e9 optimale quel que soit l\u2019espace interdentaire : fin (compress\u00e9), au d\u00e9part, ce fil dentaire \u00ab innovant \u00bb se \u00ab dilate \u00bb en cours d\u2019utilisation pour \u00e9liminer efficacement et en douceur, la plaque dentaire, aussi bien entre les espaces interdentaires \u00e9troits que larges. Facile \u00e0 utiliser : fin, l\u00e9g\u00e8rement cir\u00e9, il glisse facilement. Texture douce : gr\u00e2ce \u00e0 sa structure \u00ab expans\u00e9e \u00bb, il peut \u00eatre utilis\u00e9 m\u00eame en cas de gencives sensibles.<\/p>\n<p>Pr\u00e9sentation :<br \/>\n1 Bo\u00eete de 30 M\u00e8tres<\/p>\n<p>Conseils d&rsquo;utilisation :<br \/>\n&#8211; Prendre environ 45 cm de fil et l&rsquo;enrouler autour des majeurs en prenant soin de laisser quelques centim\u00e8tres de fil au centre. &#8211; Tendre le fil en le pin\u00e7ant entre le pouce et les index. &#8211; Glisser doucement le fil tendu entre les dents jusqu&rsquo;\u00e0 la gencive. &#8211; Puis, en tenant le fil contre la dent, effectuer un mouvement vertical, de la gencive vers la dent.<\/p>","protected":false},"excerpt":{"rendered":"<p>Indications : GUM EXPANDING FLOSS Efficacit\u00e9 optimale quel que soit l\u2019espace interdentaire : fin (compress\u00e9), au d\u00e9part, ce fil dentaire \u00ab innovant&hellip;<\/p>","protected":false},"featured_media":19383,"comment_status":"open","ping_status":"closed","template":"","meta":[],"product_cat":[88],"product_tag":[],"yith_product_brand":[215],"class_list":{"0":"post-19384","1":"product","2":"type-product","3":"status-publish","4":"has-post-thumbnail","6":"product_cat-soins-bucco-dentaires","7":"yith_product_brand-g-u-m","9":"first","10":"instock","11":"sale","12":"shipping-taxable","13":"purchasable","14":"product-type-simple"},"_links":{"self":[{"href":"https:\/\/parapharmacieenligne.ma\/en\/wp-json\/wp\/v2\/product\/19384","targetHints":{"allow":["GET"]}}],"collection":[{"href":"https:\/\/parapharmacieenligne.ma\/en\/wp-json\/wp\/v2\/product"}],"about":[{"href":"https:\/\/parapharmacieenligne.ma\/en\/wp-json\/wp\/v2\/types\/product"}],"replies":[{"embeddable":true,"href":"https:\/\/parapharmacieenligne.ma\/en\/wp-json\/wp\/v2\/comments?post=19384"}],"version-history":[{"count":1,"href":"https:\/\/parapharmacieenligne.ma\/en\/wp-json\/wp\/v2\/product\/19384\/revisions"}],"predecessor-version":[{"id":19385,"href":"https:\/\/parapharmacieenligne.ma\/en\/wp-json\/wp\/v2\/product\/19384\/revisions\/19385"}],"wp:featuredmedia":[{"embeddable":true,"href":"https:\/\/parapharmacieenligne.ma\/en\/wp-json\/wp\/v2\/media\/19383"}],"wp:attachment":[{"href":"https:\/\/parapharmacieenligne.ma\/en\/wp-json\/wp\/v2\/media?parent=19384"}],"wp:term":[{"taxonomy":"product_cat","embeddable":true,"href":"https:\/\/parapharmacieenligne.ma\/en\/wp-json\/wp\/v2\/product_cat?post=19384"},{"taxonomy":"product_tag","embeddable":true,"href":"https:\/\/parapharmacieenligne.ma\/en\/wp-json\/wp\/v2\/product_tag?post=19384"},{"taxonomy":"yith_product_brand","embeddable":true,"href":"https:\/\/parapharmacieenligne.ma\/en\/wp-json\/wp\/v2\/yith_product_brand?post=19384"}],"curies":[{"name":"wp","href":"https:\/\/api.w.org\/{rel}","templated":true}]}}