{"id":19387,"date":"2026-04-12T00:46:06","date_gmt":"2026-04-11T22:46:06","guid":{"rendered":"https:\/\/parapharmacieenligne.ma\/?post_type=product&#038;p=19387"},"modified":"2026-04-12T00:46:16","modified_gmt":"2026-04-11T22:46:16","slug":"gum-dentaire-original-white-fils-dentaires-fluore-et-anti-coloration-30-m-ref-2040","status":"publish","type":"product","link":"https:\/\/parapharmacieenligne.ma\/en\/product\/gum-dentaire-original-white-fils-dentaires-fluore-et-anti-coloration-30-m-ref-2040\/","title":{"rendered":"GUM DENTAIRE ORIGINAL WHITE FILS DENTAIRES FLUORE ET ANTI COLORATION 30 M REF 2040"},"content":{"rendered":"<p>Un fil dentaire d\u00e9di\u00e9 \u00e0 la blancheur de vos dents<br \/>\nAvec le fil dentaire Original White, Gum propose une solution efficace pour \u00e9liminer les r\u00e9sidus alimentaires dans les zones difficiles d\u2019acc\u00e8s tout en am\u00e9liorant la blancheur de vos dents. Ce fil interdentaire est notamment con\u00e7u pour :<\/p>\n<p>d\u00e9loger les r\u00e9sidus alimentaires des espaces interdentaires<br \/>\ncombattre la plaque dentaire et lutter contre l\u2019accumulation de tartre dans les endroits difficiles d\u2019acc\u00e8s<br \/>\nlimiter l\u2019apparition de caries et le d\u00e9veloppement de gingivites<br \/>\n\u00e9liminer les taches et accentuer la blancheur des dents<br \/>\nL\u2019action du fluor combin\u00e9e \u00e0 celle de la silice micronis\u00e9e<br \/>\nEn tant que sp\u00e9cialiste des soins dentaires, Gum a mis au point des technologies capables de lutter contre le tartre et la coloration des dents. Le fil dentaire Original White combine plusieurs de ces innovations pour optimiser votre hygi\u00e8ne bucco-dentaire :<\/p>\n<p>Sa mati\u00e8re, en nylon cir\u00e9, glisse facilement entre vos dents pour faciliter les mouvements. \u00c0 la fois doux et r\u00e9sistant, ce fil dentaire pr\u00e9serve l\u2019int\u00e9grit\u00e9 des gencives et ne s\u2019effiloche pas.<br \/>\nSon apport en fluor contribue \u00e0 renforcer l\u2019\u00e9mail des dents pour le rendre plus r\u00e9sistant face aux attaques acides et pr\u00e9venir l\u2019apparition de caries.<br \/>\nSa formule \u00e0 base de silice micronis\u00e9e, une poudre tr\u00e8s fine, permet d\u2019\u00e9liminer efficacement les particules alimentaires pour limiter la coloration des dents.<br \/>\nLe fil dentaire Original White de la marque Gum est enrichi en fluor et silice micronis\u00e9e pour \u00e9liminer efficacement les r\u00e9sidus alimentaires des espaces interdentaires. Il compl\u00e8te efficacement le brossage pour am\u00e9liorer la blancheur et la propret\u00e9 de vos dents.<\/p>","protected":false},"excerpt":{"rendered":"<p>Un fil dentaire d\u00e9di\u00e9 \u00e0 la blancheur de vos dents Avec le fil dentaire Original White, Gum propose une solution efficace pour&hellip;<\/p>","protected":false},"featured_media":19386,"comment_status":"open","ping_status":"closed","template":"","meta":[],"product_cat":[88],"product_tag":[],"yith_product_brand":[215],"class_list":{"0":"post-19387","1":"product","2":"type-product","3":"status-publish","4":"has-post-thumbnail","6":"product_cat-soins-bucco-dentaires","7":"yith_product_brand-g-u-m","9":"first","10":"instock","11":"sale","12":"shipping-taxable","13":"purchasable","14":"product-type-simple"},"_links":{"self":[{"href":"https:\/\/parapharmacieenligne.ma\/en\/wp-json\/wp\/v2\/product\/19387","targetHints":{"allow":["GET"]}}],"collection":[{"href":"https:\/\/parapharmacieenligne.ma\/en\/wp-json\/wp\/v2\/product"}],"about":[{"href":"https:\/\/parapharmacieenligne.ma\/en\/wp-json\/wp\/v2\/types\/product"}],"replies":[{"embeddable":true,"href":"https:\/\/parapharmacieenligne.ma\/en\/wp-json\/wp\/v2\/comments?post=19387"}],"version-history":[{"count":1,"href":"https:\/\/parapharmacieenligne.ma\/en\/wp-json\/wp\/v2\/product\/19387\/revisions"}],"predecessor-version":[{"id":19388,"href":"https:\/\/parapharmacieenligne.ma\/en\/wp-json\/wp\/v2\/product\/19387\/revisions\/19388"}],"wp:featuredmedia":[{"embeddable":true,"href":"https:\/\/parapharmacieenligne.ma\/en\/wp-json\/wp\/v2\/media\/19386"}],"wp:attachment":[{"href":"https:\/\/parapharmacieenligne.ma\/en\/wp-json\/wp\/v2\/media?parent=19387"}],"wp:term":[{"taxonomy":"product_cat","embeddable":true,"href":"https:\/\/parapharmacieenligne.ma\/en\/wp-json\/wp\/v2\/product_cat?post=19387"},{"taxonomy":"product_tag","embeddable":true,"href":"https:\/\/parapharmacieenligne.ma\/en\/wp-json\/wp\/v2\/product_tag?post=19387"},{"taxonomy":"yith_product_brand","embeddable":true,"href":"https:\/\/parapharmacieenligne.ma\/en\/wp-json\/wp\/v2\/yith_product_brand?post=19387"}],"curies":[{"name":"wp","href":"https:\/\/api.w.org\/{rel}","templated":true}]}}