{"id":19390,"date":"2026-04-12T00:46:24","date_gmt":"2026-04-11T22:46:24","guid":{"rendered":"https:\/\/parapharmacieenligne.ma\/?post_type=product&#038;p=19390"},"modified":"2026-04-12T00:46:31","modified_gmt":"2026-04-11T22:46:31","slug":"gum-easy-floss-fil-en-ptfe-ultra-resistant-espace-tres-etroits-ref-2000","status":"publish","type":"product","link":"https:\/\/parapharmacieenligne.ma\/en\/product\/gum-easy-floss-fil-en-ptfe-ultra-resistant-espace-tres-etroits-ref-2000\/","title":{"rendered":"GUM EASY FLOSS FIL EN PTFE ULTRA RESISTANT ESPACE TRES ETROITS REF 2000"},"content":{"rendered":"<p>Easy Floss est un fil dentaire qui lutte contre la plaque dentaire et la formation de carie en \u00e9liminant tous les r\u00e9sidus entre les dents et pr\u00e9serve les gencives des inflammations. Sa fibre contient du PTFE (polyt\u00e9trafluoro\u00e9thyl\u00e8ne) tr\u00e8s doux qui va tout en douceur passer entre les dents pour \u00e9liminer les colorations et sur les gencives pour un soin d\u2019hygi\u00e8ne optimale sans douleur. Sa construction en mono-filament et sa finition satin\u00e9e, permet au fil d\u2019\u00eatre r\u00e9sistant et de ne pas s\u2019effilocher lors du passage entre les dents. En utilisant le fil dentaire apr\u00e8s chaque brossage ou entre les brossages, les dents et les gencives restent propres et saines.<\/p>","protected":false},"excerpt":{"rendered":"<p>Easy Floss est un fil dentaire qui lutte contre la plaque dentaire et la formation de carie en \u00e9liminant tous les r\u00e9sidus&hellip;<\/p>","protected":false},"featured_media":19389,"comment_status":"open","ping_status":"closed","template":"","meta":[],"product_cat":[88],"product_tag":[],"yith_product_brand":[215],"class_list":{"0":"post-19390","1":"product","2":"type-product","3":"status-publish","4":"has-post-thumbnail","6":"product_cat-soins-bucco-dentaires","7":"yith_product_brand-g-u-m","9":"first","10":"instock","11":"sale","12":"shipping-taxable","13":"purchasable","14":"product-type-simple"},"_links":{"self":[{"href":"https:\/\/parapharmacieenligne.ma\/en\/wp-json\/wp\/v2\/product\/19390","targetHints":{"allow":["GET"]}}],"collection":[{"href":"https:\/\/parapharmacieenligne.ma\/en\/wp-json\/wp\/v2\/product"}],"about":[{"href":"https:\/\/parapharmacieenligne.ma\/en\/wp-json\/wp\/v2\/types\/product"}],"replies":[{"embeddable":true,"href":"https:\/\/parapharmacieenligne.ma\/en\/wp-json\/wp\/v2\/comments?post=19390"}],"version-history":[{"count":1,"href":"https:\/\/parapharmacieenligne.ma\/en\/wp-json\/wp\/v2\/product\/19390\/revisions"}],"predecessor-version":[{"id":19391,"href":"https:\/\/parapharmacieenligne.ma\/en\/wp-json\/wp\/v2\/product\/19390\/revisions\/19391"}],"wp:featuredmedia":[{"embeddable":true,"href":"https:\/\/parapharmacieenligne.ma\/en\/wp-json\/wp\/v2\/media\/19389"}],"wp:attachment":[{"href":"https:\/\/parapharmacieenligne.ma\/en\/wp-json\/wp\/v2\/media?parent=19390"}],"wp:term":[{"taxonomy":"product_cat","embeddable":true,"href":"https:\/\/parapharmacieenligne.ma\/en\/wp-json\/wp\/v2\/product_cat?post=19390"},{"taxonomy":"product_tag","embeddable":true,"href":"https:\/\/parapharmacieenligne.ma\/en\/wp-json\/wp\/v2\/product_tag?post=19390"},{"taxonomy":"yith_product_brand","embeddable":true,"href":"https:\/\/parapharmacieenligne.ma\/en\/wp-json\/wp\/v2\/yith_product_brand?post=19390"}],"curies":[{"name":"wp","href":"https:\/\/api.w.org\/{rel}","templated":true}]}}