{"id":19399,"date":"2026-04-12T00:47:12","date_gmt":"2026-04-11T22:47:12","guid":{"rendered":"https:\/\/parapharmacieenligne.ma\/?post_type=product&#038;p=19399"},"modified":"2026-04-12T00:47:21","modified_gmt":"2026-04-11T22:47:21","slug":"gum-cire-de-protection-orthodonique-mentholee-ref-724","status":"publish","type":"product","link":"https:\/\/parapharmacieenligne.ma\/en\/product\/gum-cire-de-protection-orthodonique-mentholee-ref-724\/","title":{"rendered":"GUM CIRE DE PROTECTION ORTHODONIQUE MENTHOLEE REF 724"},"content":{"rendered":"<p>La cire de protection orthodontique menthol\u00e9e en b\u00e2tonnet Gum,aide \u00e0 pr\u00e9venir les l\u00e9sions dues aux appareils dentaires. Adh\u00e8re aux appareillages orthodontiques. Prot\u00e8ge les joues et les l\u00e8vres des arcs et des bagues pouvant \u00eatre coupants.<\/p>\n<p>Appliquer aux endroits douloureux ou susceptibles de caus\u00e9s des l\u00e9sions buccales.<\/p>\n<p>Protection des muqueuses contre les irritations dues aux appareils orthodontiques.<\/p>","protected":false},"excerpt":{"rendered":"<p>La cire de protection orthodontique menthol\u00e9e en b\u00e2tonnet Gum,aide \u00e0 pr\u00e9venir les l\u00e9sions dues aux appareils dentaires. Adh\u00e8re aux appareillages orthodontiques. Prot\u00e8ge&hellip;<\/p>","protected":false},"featured_media":19398,"comment_status":"open","ping_status":"closed","template":"","meta":[],"product_cat":[88],"product_tag":[],"yith_product_brand":[215],"class_list":{"0":"post-19399","1":"product","2":"type-product","3":"status-publish","4":"has-post-thumbnail","6":"product_cat-soins-bucco-dentaires","7":"yith_product_brand-g-u-m","9":"first","10":"instock","11":"sale","12":"shipping-taxable","13":"purchasable","14":"product-type-simple"},"_links":{"self":[{"href":"https:\/\/parapharmacieenligne.ma\/en\/wp-json\/wp\/v2\/product\/19399","targetHints":{"allow":["GET"]}}],"collection":[{"href":"https:\/\/parapharmacieenligne.ma\/en\/wp-json\/wp\/v2\/product"}],"about":[{"href":"https:\/\/parapharmacieenligne.ma\/en\/wp-json\/wp\/v2\/types\/product"}],"replies":[{"embeddable":true,"href":"https:\/\/parapharmacieenligne.ma\/en\/wp-json\/wp\/v2\/comments?post=19399"}],"version-history":[{"count":1,"href":"https:\/\/parapharmacieenligne.ma\/en\/wp-json\/wp\/v2\/product\/19399\/revisions"}],"predecessor-version":[{"id":19400,"href":"https:\/\/parapharmacieenligne.ma\/en\/wp-json\/wp\/v2\/product\/19399\/revisions\/19400"}],"wp:featuredmedia":[{"embeddable":true,"href":"https:\/\/parapharmacieenligne.ma\/en\/wp-json\/wp\/v2\/media\/19398"}],"wp:attachment":[{"href":"https:\/\/parapharmacieenligne.ma\/en\/wp-json\/wp\/v2\/media?parent=19399"}],"wp:term":[{"taxonomy":"product_cat","embeddable":true,"href":"https:\/\/parapharmacieenligne.ma\/en\/wp-json\/wp\/v2\/product_cat?post=19399"},{"taxonomy":"product_tag","embeddable":true,"href":"https:\/\/parapharmacieenligne.ma\/en\/wp-json\/wp\/v2\/product_tag?post=19399"},{"taxonomy":"yith_product_brand","embeddable":true,"href":"https:\/\/parapharmacieenligne.ma\/en\/wp-json\/wp\/v2\/yith_product_brand?post=19399"}],"curies":[{"name":"wp","href":"https:\/\/api.w.org\/{rel}","templated":true}]}}