{"id":19402,"date":"2026-04-12T00:47:27","date_gmt":"2026-04-11T22:47:27","guid":{"rendered":"https:\/\/parapharmacieenligne.ma\/?post_type=product&#038;p=19402"},"modified":"2026-04-12T00:47:36","modified_gmt":"2026-04-11T22:47:36","slug":"gum-gratte-langue-double-action-ref-760","status":"publish","type":"product","link":"https:\/\/parapharmacieenligne.ma\/en\/product\/gum-gratte-langue-double-action-ref-760\/","title":{"rendered":"GUM GRATTE LANGUE DOUBLE ACTION REF 760"},"content":{"rendered":"<p>Nettoyer en profondeur la langue avec le gratte-langue double action de GUM. Elle est munie d&rsquo;un grattoir et d&rsquo;une brosse pour \u00e9liminer les impuret\u00e9 de la langue<br \/>\nPour prendre soin de votre hygi\u00e8ne buccale, il faut penser \u00e0 l&rsquo;hygi\u00e8ne dentaire. Mais il est primordial de pensez \u00e0 l&rsquo;hygi\u00e8ne de la langue. En effet, celle-ci est sujette aux bact\u00e9ries qui peuvent \u00eatre responsable de la mauvaise haleine.<br \/>\nRetrouvez une haleine fraiche avec le gratte-langue HaliControl GUM<\/p>","protected":false},"excerpt":{"rendered":"<p>Nettoyer en profondeur la langue avec le gratte-langue double action de GUM. Elle est munie d&rsquo;un grattoir et d&rsquo;une brosse pour \u00e9liminer&hellip;<\/p>","protected":false},"featured_media":19401,"comment_status":"open","ping_status":"closed","template":"","meta":[],"product_cat":[88],"product_tag":[],"yith_product_brand":[215],"class_list":{"0":"post-19402","1":"product","2":"type-product","3":"status-publish","4":"has-post-thumbnail","6":"product_cat-soins-bucco-dentaires","7":"yith_product_brand-g-u-m","9":"first","10":"instock","11":"sale","12":"shipping-taxable","13":"purchasable","14":"product-type-simple"},"_links":{"self":[{"href":"https:\/\/parapharmacieenligne.ma\/en\/wp-json\/wp\/v2\/product\/19402","targetHints":{"allow":["GET"]}}],"collection":[{"href":"https:\/\/parapharmacieenligne.ma\/en\/wp-json\/wp\/v2\/product"}],"about":[{"href":"https:\/\/parapharmacieenligne.ma\/en\/wp-json\/wp\/v2\/types\/product"}],"replies":[{"embeddable":true,"href":"https:\/\/parapharmacieenligne.ma\/en\/wp-json\/wp\/v2\/comments?post=19402"}],"version-history":[{"count":1,"href":"https:\/\/parapharmacieenligne.ma\/en\/wp-json\/wp\/v2\/product\/19402\/revisions"}],"predecessor-version":[{"id":19403,"href":"https:\/\/parapharmacieenligne.ma\/en\/wp-json\/wp\/v2\/product\/19402\/revisions\/19403"}],"wp:featuredmedia":[{"embeddable":true,"href":"https:\/\/parapharmacieenligne.ma\/en\/wp-json\/wp\/v2\/media\/19401"}],"wp:attachment":[{"href":"https:\/\/parapharmacieenligne.ma\/en\/wp-json\/wp\/v2\/media?parent=19402"}],"wp:term":[{"taxonomy":"product_cat","embeddable":true,"href":"https:\/\/parapharmacieenligne.ma\/en\/wp-json\/wp\/v2\/product_cat?post=19402"},{"taxonomy":"product_tag","embeddable":true,"href":"https:\/\/parapharmacieenligne.ma\/en\/wp-json\/wp\/v2\/product_tag?post=19402"},{"taxonomy":"yith_product_brand","embeddable":true,"href":"https:\/\/parapharmacieenligne.ma\/en\/wp-json\/wp\/v2\/yith_product_brand?post=19402"}],"curies":[{"name":"wp","href":"https:\/\/api.w.org\/{rel}","templated":true}]}}