{"id":19408,"date":"2026-04-12T00:48:00","date_gmt":"2026-04-11T22:48:00","guid":{"rendered":"https:\/\/parapharmacieenligne.ma\/?post_type=product&#038;p=19408"},"modified":"2026-04-12T00:48:07","modified_gmt":"2026-04-11T22:48:07","slug":"gum-aftaclear-spray-aphtes-et-lesions-buccales-15ml-ref-2420","status":"publish","type":"product","link":"https:\/\/parapharmacieenligne.ma\/en\/product\/gum-aftaclear-spray-aphtes-et-lesions-buccales-15ml-ref-2420\/","title":{"rendered":"GUM AFTACLEAR SPRAY APHTES ET LESIONS BUCCALES 15ML REF 2420"},"content":{"rendered":"<p>GUM<br \/>\nAfta Clear<br \/>\nSpray<br \/>\nSoulagement efficace d\u00e8s la 1\u00e8re application<br \/>\nAphtes et l\u00e9sions buccales<br \/>\nDispositif m\u00e9dical<br \/>\n15ml<\/p>\n<p>Les aphtes sont des l\u00e9sions douloureuses qui apparaissent sur la langue, les gencives, le palais ou \u00e0 l&rsquo;int\u00e9rieur des l\u00e8vres ou des joues.<br \/>\nLorsqu\u2019on enl\u00e8ve la couche sup\u00e9rieure de la muqueuse buccale, les cellules nerveuses sont expos\u00e9es.<br \/>\nNourriture, boissons, air et salive peuvent alors irriter ces terminaisons nerveuses, amplifiant la douleur et ralentissant le processus de gu\u00e9rison.<br \/>\nC\u2019est pourquoi les aphtes peuvent affecter votre capacit\u00e9 \u00e0 vous concentrer, manger, boire et m\u00eame parler normalement.<br \/>\nLa bonne nouvelle est que nous avons une solution.<br \/>\nLe spray GUM\u00ae AftaClear\u00ae agit comme une barri\u00e8re pour prot\u00e9ger la plaie et favoriser la cicatrisation en procurant un soulagement rapide de la douleur \u2013 vous pouvez alors retrouver une vie normale !<\/p>\n<p>Conseils d&rsquo;utilisation<br \/>\nR\u00e9aliser 1 pulv\u00e9risation jusqu&rsquo;\u00e0 3 fois par jour, apr\u00e8s les repas, pendant une semaine, sauf recommandation contraire devotre m\u00e9decin ou de votre pharmacien.<br \/>\nIl est recommand\u00e9 d\u2019\u00e9viter de manger ou de boire pendant au moins 30 minutes apr\u00e8s l\u2019application.<\/p>","protected":false},"excerpt":{"rendered":"<p>GUM Afta Clear Spray Soulagement efficace d\u00e8s la 1\u00e8re application Aphtes et l\u00e9sions buccales Dispositif m\u00e9dical 15ml Les aphtes sont des l\u00e9sions&hellip;<\/p>","protected":false},"featured_media":19407,"comment_status":"open","ping_status":"closed","template":"","meta":[],"product_cat":[88],"product_tag":[],"yith_product_brand":[215],"class_list":{"0":"post-19408","1":"product","2":"type-product","3":"status-publish","4":"has-post-thumbnail","6":"product_cat-soins-bucco-dentaires","7":"yith_product_brand-g-u-m","9":"first","10":"instock","11":"sale","12":"shipping-taxable","13":"purchasable","14":"product-type-simple"},"_links":{"self":[{"href":"https:\/\/parapharmacieenligne.ma\/en\/wp-json\/wp\/v2\/product\/19408","targetHints":{"allow":["GET"]}}],"collection":[{"href":"https:\/\/parapharmacieenligne.ma\/en\/wp-json\/wp\/v2\/product"}],"about":[{"href":"https:\/\/parapharmacieenligne.ma\/en\/wp-json\/wp\/v2\/types\/product"}],"replies":[{"embeddable":true,"href":"https:\/\/parapharmacieenligne.ma\/en\/wp-json\/wp\/v2\/comments?post=19408"}],"version-history":[{"count":1,"href":"https:\/\/parapharmacieenligne.ma\/en\/wp-json\/wp\/v2\/product\/19408\/revisions"}],"predecessor-version":[{"id":19409,"href":"https:\/\/parapharmacieenligne.ma\/en\/wp-json\/wp\/v2\/product\/19408\/revisions\/19409"}],"wp:featuredmedia":[{"embeddable":true,"href":"https:\/\/parapharmacieenligne.ma\/en\/wp-json\/wp\/v2\/media\/19407"}],"wp:attachment":[{"href":"https:\/\/parapharmacieenligne.ma\/en\/wp-json\/wp\/v2\/media?parent=19408"}],"wp:term":[{"taxonomy":"product_cat","embeddable":true,"href":"https:\/\/parapharmacieenligne.ma\/en\/wp-json\/wp\/v2\/product_cat?post=19408"},{"taxonomy":"product_tag","embeddable":true,"href":"https:\/\/parapharmacieenligne.ma\/en\/wp-json\/wp\/v2\/product_tag?post=19408"},{"taxonomy":"yith_product_brand","embeddable":true,"href":"https:\/\/parapharmacieenligne.ma\/en\/wp-json\/wp\/v2\/yith_product_brand?post=19408"}],"curies":[{"name":"wp","href":"https:\/\/api.w.org\/{rel}","templated":true}]}}