{"id":19414,"date":"2026-04-12T00:48:29","date_gmt":"2026-04-11T22:48:29","guid":{"rendered":"https:\/\/parapharmacieenligne.ma\/?post_type=product&#038;p=19414"},"modified":"2026-04-12T00:48:35","modified_gmt":"2026-04-11T22:48:35","slug":"gum-dentifrice-hydral-gel-50-ml-ref-6000","status":"publish","type":"product","link":"https:\/\/parapharmacieenligne.ma\/en\/product\/gum-dentifrice-hydral-gel-50-ml-ref-6000\/","title":{"rendered":"GUM DENTIFRICE HYDRAL GEL 50 ML REF 6000"},"content":{"rendered":"<p>Hydrate, prot\u00e8ge, apaise et r\u00e9pare.<br \/>\nSa texture gel procure le soulagement n\u00e9cessaire pour att\u00e9nuer les sympt\u00f4mes de la s\u00e9cheresse buccale (irritations, alt\u00e9ration de la muqueuse).<br \/>\nHydrate la bouche durablement gr\u00e2ce \u00e0 ses agents r\u00e9hydratants et \u00e0 sa texture gel.<br \/>\nProt\u00e8ge la muqueuse buccale des irritations gr\u00e2ce \u00e0 ses ingr\u00e9dients innovants et la formation d\u2019un film protecteur sur les tissus.<br \/>\nApaise la bouche s\u00e8che.<br \/>\nFavorise la r\u00e9paration des tissus muco-gingivaux.<\/p>\n<p>Indications :<br \/>\nPour le soulagement imm\u00e9diat et durable de la bouche s\u00e8che<\/p>\n<p>Conseils d\u2019utilisation :<br \/>\n\u00c0 appliquer sur les gencives, la langue, la muqueuse buccale au moins 5 fois par jour et aussi souvent que n\u00e9cessaire, en particulier au coucher et au cours de la nuit<\/p>","protected":false},"excerpt":{"rendered":"<p>Hydrate, prot\u00e8ge, apaise et r\u00e9pare. Sa texture gel procure le soulagement n\u00e9cessaire pour att\u00e9nuer les sympt\u00f4mes de la s\u00e9cheresse buccale (irritations, alt\u00e9ration&hellip;<\/p>","protected":false},"featured_media":19413,"comment_status":"open","ping_status":"closed","template":"","meta":[],"product_cat":[88],"product_tag":[],"yith_product_brand":[215],"class_list":{"0":"post-19414","1":"product","2":"type-product","3":"status-publish","4":"has-post-thumbnail","6":"product_cat-soins-bucco-dentaires","7":"yith_product_brand-g-u-m","9":"first","10":"instock","11":"sale","12":"shipping-taxable","13":"purchasable","14":"product-type-simple"},"_links":{"self":[{"href":"https:\/\/parapharmacieenligne.ma\/en\/wp-json\/wp\/v2\/product\/19414","targetHints":{"allow":["GET"]}}],"collection":[{"href":"https:\/\/parapharmacieenligne.ma\/en\/wp-json\/wp\/v2\/product"}],"about":[{"href":"https:\/\/parapharmacieenligne.ma\/en\/wp-json\/wp\/v2\/types\/product"}],"replies":[{"embeddable":true,"href":"https:\/\/parapharmacieenligne.ma\/en\/wp-json\/wp\/v2\/comments?post=19414"}],"version-history":[{"count":1,"href":"https:\/\/parapharmacieenligne.ma\/en\/wp-json\/wp\/v2\/product\/19414\/revisions"}],"predecessor-version":[{"id":19415,"href":"https:\/\/parapharmacieenligne.ma\/en\/wp-json\/wp\/v2\/product\/19414\/revisions\/19415"}],"wp:featuredmedia":[{"embeddable":true,"href":"https:\/\/parapharmacieenligne.ma\/en\/wp-json\/wp\/v2\/media\/19413"}],"wp:attachment":[{"href":"https:\/\/parapharmacieenligne.ma\/en\/wp-json\/wp\/v2\/media?parent=19414"}],"wp:term":[{"taxonomy":"product_cat","embeddable":true,"href":"https:\/\/parapharmacieenligne.ma\/en\/wp-json\/wp\/v2\/product_cat?post=19414"},{"taxonomy":"product_tag","embeddable":true,"href":"https:\/\/parapharmacieenligne.ma\/en\/wp-json\/wp\/v2\/product_tag?post=19414"},{"taxonomy":"yith_product_brand","embeddable":true,"href":"https:\/\/parapharmacieenligne.ma\/en\/wp-json\/wp\/v2\/yith_product_brand?post=19414"}],"curies":[{"name":"wp","href":"https:\/\/api.w.org\/{rel}","templated":true}]}}