{"id":19417,"date":"2026-04-12T00:48:42","date_gmt":"2026-04-11T22:48:42","guid":{"rendered":"https:\/\/parapharmacieenligne.ma\/?post_type=product&#038;p=19417"},"modified":"2026-04-12T00:48:50","modified_gmt":"2026-04-11T22:48:50","slug":"gum-hydral-spray-humectant-50-ml-ref-6010","status":"publish","type":"product","link":"https:\/\/parapharmacieenligne.ma\/en\/product\/gum-hydral-spray-humectant-50-ml-ref-6010\/","title":{"rendered":"GUM HYDRAL SPRAY HUMECTANT 50 ML REF 6010"},"content":{"rendered":"<p>Soulagement de la bouche s\u00e8che<br \/>\nSpray humectant<br \/>\nFormule douce<\/p>\n<p>Soulagement imm\u00e9diat et durable de la bouche s\u00e8che<\/p>\n<p>Hydrate la bouche s\u00e8che pour plus de confort<\/p>\n<p>Prot\u00e8ge la muqueuse buccale des irritations gr\u00e2ce \u00e0 la formation d&rsquo;un film protecteur sur les tissus secs.<\/p>\n<p>Apaise la bouche s\u00e8che, favorise la r\u00e9paration des tissus muco-gingivaux.<\/p>\n<p>Sp\u00e9cifiquement con\u00e7u pour les bouches sensibles. <\/p>\n<p>Conseils d&rsquo;utilisation<br \/>\nPulv\u00e9riser directement dans la bouche plusieurs fois par jour. Renouveler aussi souvent que n\u00e9cessaire.<\/p>\n<p>Ne pas rincer<\/p>","protected":false},"excerpt":{"rendered":"<p>Soulagement de la bouche s\u00e8che Spray humectant Formule douce Soulagement imm\u00e9diat et durable de la bouche s\u00e8che Hydrate la bouche s\u00e8che pour&hellip;<\/p>","protected":false},"featured_media":19416,"comment_status":"open","ping_status":"closed","template":"","meta":[],"product_cat":[88],"product_tag":[],"yith_product_brand":[215],"class_list":{"0":"post-19417","1":"product","2":"type-product","3":"status-publish","4":"has-post-thumbnail","6":"product_cat-soins-bucco-dentaires","7":"yith_product_brand-g-u-m","9":"first","10":"instock","11":"sale","12":"shipping-taxable","13":"purchasable","14":"product-type-simple"},"_links":{"self":[{"href":"https:\/\/parapharmacieenligne.ma\/en\/wp-json\/wp\/v2\/product\/19417","targetHints":{"allow":["GET"]}}],"collection":[{"href":"https:\/\/parapharmacieenligne.ma\/en\/wp-json\/wp\/v2\/product"}],"about":[{"href":"https:\/\/parapharmacieenligne.ma\/en\/wp-json\/wp\/v2\/types\/product"}],"replies":[{"embeddable":true,"href":"https:\/\/parapharmacieenligne.ma\/en\/wp-json\/wp\/v2\/comments?post=19417"}],"version-history":[{"count":1,"href":"https:\/\/parapharmacieenligne.ma\/en\/wp-json\/wp\/v2\/product\/19417\/revisions"}],"predecessor-version":[{"id":19418,"href":"https:\/\/parapharmacieenligne.ma\/en\/wp-json\/wp\/v2\/product\/19417\/revisions\/19418"}],"wp:featuredmedia":[{"embeddable":true,"href":"https:\/\/parapharmacieenligne.ma\/en\/wp-json\/wp\/v2\/media\/19416"}],"wp:attachment":[{"href":"https:\/\/parapharmacieenligne.ma\/en\/wp-json\/wp\/v2\/media?parent=19417"}],"wp:term":[{"taxonomy":"product_cat","embeddable":true,"href":"https:\/\/parapharmacieenligne.ma\/en\/wp-json\/wp\/v2\/product_cat?post=19417"},{"taxonomy":"product_tag","embeddable":true,"href":"https:\/\/parapharmacieenligne.ma\/en\/wp-json\/wp\/v2\/product_tag?post=19417"},{"taxonomy":"yith_product_brand","embeddable":true,"href":"https:\/\/parapharmacieenligne.ma\/en\/wp-json\/wp\/v2\/yith_product_brand?post=19417"}],"curies":[{"name":"wp","href":"https:\/\/api.w.org\/{rel}","templated":true}]}}