{"id":19420,"date":"2026-04-12T00:48:59","date_gmt":"2026-04-11T22:48:59","guid":{"rendered":"https:\/\/parapharmacieenligne.ma\/?post_type=product&#038;p=19420"},"modified":"2026-04-12T00:49:05","modified_gmt":"2026-04-11T22:49:05","slug":"gum-recharge-brossettes-ultra-fines-par-8-unites-0-9mm-ref-412","status":"publish","type":"product","link":"https:\/\/parapharmacieenligne.ma\/en\/product\/gum-recharge-brossettes-ultra-fines-par-8-unites-0-9mm-ref-412\/","title":{"rendered":"GUM RECHARGE BROSSETTES ULTRA FINES PAR 8 UNITES 0.9MM REF 412"},"content":{"rendered":"<p>Mini goupillon utilis\u00e9 en compl\u00e9ment du brossage pour nettoyer les espaces interdentaires ( brossage interproximal ) et \u00e9liminer la plaque dentaire.<\/p>\n<p>Brossette PRETE A L&rsquo;EMPLOI, ne n\u00e9cessitant aucun montage, sp\u00e9cialement con\u00e7ue pour une utilisation EN DEHORS de CHEZ SOI ( lieu de travail, voyage&#8230;.). On peut allonger le manche en adaptant le capuchon.<\/p>\n<p>Conseils d\u2019utilisation :<\/p>\n<p>Apr\u00e8s usage, nettoyer la brossette sous l&rsquo;eau et bien la secouer afin de la s\u00e9cher. Prot\u00e9ger la t\u00eate de brossette avec le capuchon.<\/p>","protected":false},"excerpt":{"rendered":"<p>Mini goupillon utilis\u00e9 en compl\u00e9ment du brossage pour nettoyer les espaces interdentaires ( brossage interproximal ) et \u00e9liminer la plaque dentaire. Brossette&hellip;<\/p>","protected":false},"featured_media":19419,"comment_status":"open","ping_status":"closed","template":"","meta":[],"product_cat":[88],"product_tag":[],"yith_product_brand":[215],"class_list":{"0":"post-19420","1":"product","2":"type-product","3":"status-publish","4":"has-post-thumbnail","6":"product_cat-soins-bucco-dentaires","7":"yith_product_brand-g-u-m","9":"first","10":"instock","11":"sale","12":"shipping-taxable","13":"purchasable","14":"product-type-simple"},"_links":{"self":[{"href":"https:\/\/parapharmacieenligne.ma\/en\/wp-json\/wp\/v2\/product\/19420","targetHints":{"allow":["GET"]}}],"collection":[{"href":"https:\/\/parapharmacieenligne.ma\/en\/wp-json\/wp\/v2\/product"}],"about":[{"href":"https:\/\/parapharmacieenligne.ma\/en\/wp-json\/wp\/v2\/types\/product"}],"replies":[{"embeddable":true,"href":"https:\/\/parapharmacieenligne.ma\/en\/wp-json\/wp\/v2\/comments?post=19420"}],"version-history":[{"count":1,"href":"https:\/\/parapharmacieenligne.ma\/en\/wp-json\/wp\/v2\/product\/19420\/revisions"}],"predecessor-version":[{"id":19421,"href":"https:\/\/parapharmacieenligne.ma\/en\/wp-json\/wp\/v2\/product\/19420\/revisions\/19421"}],"wp:featuredmedia":[{"embeddable":true,"href":"https:\/\/parapharmacieenligne.ma\/en\/wp-json\/wp\/v2\/media\/19419"}],"wp:attachment":[{"href":"https:\/\/parapharmacieenligne.ma\/en\/wp-json\/wp\/v2\/media?parent=19420"}],"wp:term":[{"taxonomy":"product_cat","embeddable":true,"href":"https:\/\/parapharmacieenligne.ma\/en\/wp-json\/wp\/v2\/product_cat?post=19420"},{"taxonomy":"product_tag","embeddable":true,"href":"https:\/\/parapharmacieenligne.ma\/en\/wp-json\/wp\/v2\/product_tag?post=19420"},{"taxonomy":"yith_product_brand","embeddable":true,"href":"https:\/\/parapharmacieenligne.ma\/en\/wp-json\/wp\/v2\/yith_product_brand?post=19420"}],"curies":[{"name":"wp","href":"https:\/\/api.w.org\/{rel}","templated":true}]}}