{"id":19423,"date":"2026-04-12T00:49:12","date_gmt":"2026-04-11T22:49:12","guid":{"rendered":"https:\/\/parapharmacieenligne.ma\/?post_type=product&#038;p=19423"},"modified":"2026-04-12T00:49:20","modified_gmt":"2026-04-11T22:49:20","slug":"gum-recharge-brossettes-ultra-fines-par-8-unites-1-1-mm-ref-414","status":"publish","type":"product","link":"https:\/\/parapharmacieenligne.ma\/en\/product\/gum-recharge-brossettes-ultra-fines-par-8-unites-1-1-mm-ref-414\/","title":{"rendered":"GUM RECHARGE BROSSETTES ULTRA FINES PAR 8 UNITES 1.1 MM REF 414"},"content":{"rendered":"<p>Les brossettes interdentaires Proxabrush Classic 1,1mm sont utilis\u00e9es en compl\u00e9ment du brossage des dents et permettent l\u2019\u00e9limination d&rsquo;une partie de la plaque dentaire situ\u00e9e dans des zones plus difficiles d&rsquo;acc\u00e8s. En effet, pendant la mastication, les r\u00e9sidus alimentaires ont tendance \u00e0 se glisser entre les dents, surtout chez les personnes dont les espaces interdentaires sont moins \u00e9troits. Elles contribuent ainsi \u00e0 une bonne hygi\u00e8ne bucco-dentaire, propre \u00e0 garantir la protection des gencives sensibles contre les saignements et les d\u00e9chaussements.<\/p>\n<p>Les brossettes Proxabrush Classic de la marque GUM sont impr\u00e9gn\u00e9es d\u2019un agent antibact\u00e9rien, la chlorhexidine, qui emp\u00eache le d\u00e9veloppement de bact\u00e9ries et permet de garder la brossette propre durant 2 semaines. Les poils des brossettes sont souples et con\u00e7us en mati\u00e8re synth\u00e9tique. La tige est droite mais se tord facilement pour passer dans chaque recoin de votre dentition.<\/p>\n<p>Elles sont adaptables sur le manche porte-brossette Proxabrush Classic (vendu s\u00e9par\u00e9ment). Vous avez juste \u00e0 les ins\u00e9rer et \u00e0 vous le retrait des r\u00e9sidus alimentaires !<\/p>\n<p>La taille de la brossette est de 1,1mm ce qui signifie qu\u2019elle est ultra-fine. Elle peut donc acc\u00e9der aux espaces interdentaires les plus \u00e9troits pour \u00e9liminer le tartre tout en douceur. Profitez d\u2019une hygi\u00e8ne buccale optimale !<\/p>\n<p>N\u2019essayez pas de passer la brossette \u00e0 tout prix si le passage est trop \u00e9troit. (pr\u00e9f\u00e9rez l\u2019utilisation du fil dentaire ou essayez une autre taille de brossette)<br \/>\nProc\u00e9dez \u00e0 des mouvements de va-et-vient.<br \/>\nRincez la brossette sous l&rsquo;eau apr\u00e8s usage.<\/p>","protected":false},"excerpt":{"rendered":"<p>Les brossettes interdentaires Proxabrush Classic 1,1mm sont utilis\u00e9es en compl\u00e9ment du brossage des dents et permettent l\u2019\u00e9limination d&rsquo;une partie de la plaque&hellip;<\/p>","protected":false},"featured_media":19422,"comment_status":"open","ping_status":"closed","template":"","meta":[],"product_cat":[88],"product_tag":[],"yith_product_brand":[215],"class_list":{"0":"post-19423","1":"product","2":"type-product","3":"status-publish","4":"has-post-thumbnail","6":"product_cat-soins-bucco-dentaires","7":"yith_product_brand-g-u-m","9":"first","10":"instock","11":"sale","12":"shipping-taxable","13":"purchasable","14":"product-type-simple"},"_links":{"self":[{"href":"https:\/\/parapharmacieenligne.ma\/en\/wp-json\/wp\/v2\/product\/19423","targetHints":{"allow":["GET"]}}],"collection":[{"href":"https:\/\/parapharmacieenligne.ma\/en\/wp-json\/wp\/v2\/product"}],"about":[{"href":"https:\/\/parapharmacieenligne.ma\/en\/wp-json\/wp\/v2\/types\/product"}],"replies":[{"embeddable":true,"href":"https:\/\/parapharmacieenligne.ma\/en\/wp-json\/wp\/v2\/comments?post=19423"}],"version-history":[{"count":1,"href":"https:\/\/parapharmacieenligne.ma\/en\/wp-json\/wp\/v2\/product\/19423\/revisions"}],"predecessor-version":[{"id":19424,"href":"https:\/\/parapharmacieenligne.ma\/en\/wp-json\/wp\/v2\/product\/19423\/revisions\/19424"}],"wp:featuredmedia":[{"embeddable":true,"href":"https:\/\/parapharmacieenligne.ma\/en\/wp-json\/wp\/v2\/media\/19422"}],"wp:attachment":[{"href":"https:\/\/parapharmacieenligne.ma\/en\/wp-json\/wp\/v2\/media?parent=19423"}],"wp:term":[{"taxonomy":"product_cat","embeddable":true,"href":"https:\/\/parapharmacieenligne.ma\/en\/wp-json\/wp\/v2\/product_cat?post=19423"},{"taxonomy":"product_tag","embeddable":true,"href":"https:\/\/parapharmacieenligne.ma\/en\/wp-json\/wp\/v2\/product_tag?post=19423"},{"taxonomy":"yith_product_brand","embeddable":true,"href":"https:\/\/parapharmacieenligne.ma\/en\/wp-json\/wp\/v2\/yith_product_brand?post=19423"}],"curies":[{"name":"wp","href":"https:\/\/api.w.org\/{rel}","templated":true}]}}