{"id":19426,"date":"2026-04-12T00:49:28","date_gmt":"2026-04-11T22:49:28","guid":{"rendered":"https:\/\/parapharmacieenligne.ma\/?post_type=product&#038;p=19426"},"modified":"2026-04-12T00:49:37","modified_gmt":"2026-04-11T22:49:37","slug":"gum-brosse-fines-par-6-unites-a-la-chlorhexidine-1-6mm-ref-624","status":"publish","type":"product","link":"https:\/\/parapharmacieenligne.ma\/en\/product\/gum-brosse-fines-par-6-unites-a-la-chlorhexidine-1-6mm-ref-624\/","title":{"rendered":"GUM BROSSE FINES PAR 6 UNITES A LA CHLORHEXIDINE 1.6MM REF 624"},"content":{"rendered":"<p>Des recharges qui favorisent une bonne hygi\u00e8ne bucco-dentaire<br \/>\nLes recharges Gum Proxa Click s\u2019utilisent avec les manches de brossettes interdentaires Proxabrush. Utilis\u00e9es quotidiennement, elles contribuent \u00e0 :<\/p>\n<p>renforcer l\u2019hygi\u00e8ne dentaire<br \/>\noptimiser l\u2019utilisation des brossettes interdentaires<br \/>\n\u00e9liminer la plaque dentaire qui se d\u00e9pose entre les dents et sur les gencives<br \/>\nLes brossettes interdentaires aident \u00e0 conserver des gencives en bon \u00e9tat et \u00e0 limiter les d\u00e9p\u00f4ts de tartre qui favorisent la formation de caries. C\u2019est pourquoi il est conseill\u00e9 de nettoyer les espaces interdentaires une fois par jour, en compl\u00e9ment des deux brossages quotidiens. Ces recharges pour brossettes sont \u00e9cologiques et \u00e9conomiques car elles limitent la production de d\u00e9chets et \u00e9vitent d\u2019acheter des brossettes interdentaires compl\u00e8tes d\u00e8s que leurs poils sont us\u00e9s.<\/p>\n<p>Un syst\u00e8me de remplacement des brossettes facile et pratique<br \/>\nCes brossettes pour manche double Proxabrush sont exclusivement destin\u00e9es \u00e0 \u00eatre utilis\u00e9es avec les brossettes interdentaires Gum Proxa Click 1,6 mm. Elles sont constitu\u00e9es de brins de nylon \u00e0 mono-filaments enduits de chlorhexidine, ce qui \u00e9vite la prolif\u00e9ration des bact\u00e9ries pendant 2 semaines. Avec leur forme conique, elles d\u00e9logent plus facilement le tartre et aident \u00e0 soulager les gencives sensibles.<\/p>\n<p>Gr\u00e2ce au syst\u00e8me exclusif Gum Proxa Click, vous pouvez remplacer la t\u00eate de votre brossette interdentaire en un seul geste, sans la toucher avec les mains. Ces recharges sont propos\u00e9es par lot de 6, dans une bo\u00eete protectrice qui permet de pr\u00e9server les brossettes non utilis\u00e9es.<\/p>\n<p>Les recharges pour brossettes interdentaires Gum Proxa Click facilitent les soins dentaires quotidiens. Enduites de chlorhexidine, elles sont prot\u00e9g\u00e9es contre la formation de bact\u00e9ries.<\/p>","protected":false},"excerpt":{"rendered":"<p>Des recharges qui favorisent une bonne hygi\u00e8ne bucco-dentaire Les recharges Gum Proxa Click s\u2019utilisent avec les manches de brossettes interdentaires Proxabrush. Utilis\u00e9es&hellip;<\/p>","protected":false},"featured_media":19425,"comment_status":"open","ping_status":"closed","template":"","meta":[],"product_cat":[88],"product_tag":[],"yith_product_brand":[215],"class_list":{"0":"post-19426","1":"product","2":"type-product","3":"status-publish","4":"has-post-thumbnail","6":"product_cat-soins-bucco-dentaires","7":"yith_product_brand-g-u-m","9":"first","10":"instock","11":"sale","12":"shipping-taxable","13":"purchasable","14":"product-type-simple"},"_links":{"self":[{"href":"https:\/\/parapharmacieenligne.ma\/en\/wp-json\/wp\/v2\/product\/19426","targetHints":{"allow":["GET"]}}],"collection":[{"href":"https:\/\/parapharmacieenligne.ma\/en\/wp-json\/wp\/v2\/product"}],"about":[{"href":"https:\/\/parapharmacieenligne.ma\/en\/wp-json\/wp\/v2\/types\/product"}],"replies":[{"embeddable":true,"href":"https:\/\/parapharmacieenligne.ma\/en\/wp-json\/wp\/v2\/comments?post=19426"}],"version-history":[{"count":1,"href":"https:\/\/parapharmacieenligne.ma\/en\/wp-json\/wp\/v2\/product\/19426\/revisions"}],"predecessor-version":[{"id":19427,"href":"https:\/\/parapharmacieenligne.ma\/en\/wp-json\/wp\/v2\/product\/19426\/revisions\/19427"}],"wp:featuredmedia":[{"embeddable":true,"href":"https:\/\/parapharmacieenligne.ma\/en\/wp-json\/wp\/v2\/media\/19425"}],"wp:attachment":[{"href":"https:\/\/parapharmacieenligne.ma\/en\/wp-json\/wp\/v2\/media?parent=19426"}],"wp:term":[{"taxonomy":"product_cat","embeddable":true,"href":"https:\/\/parapharmacieenligne.ma\/en\/wp-json\/wp\/v2\/product_cat?post=19426"},{"taxonomy":"product_tag","embeddable":true,"href":"https:\/\/parapharmacieenligne.ma\/en\/wp-json\/wp\/v2\/product_tag?post=19426"},{"taxonomy":"yith_product_brand","embeddable":true,"href":"https:\/\/parapharmacieenligne.ma\/en\/wp-json\/wp\/v2\/yith_product_brand?post=19426"}],"curies":[{"name":"wp","href":"https:\/\/api.w.org\/{rel}","templated":true}]}}