{"id":19429,"date":"2026-04-12T00:49:46","date_gmt":"2026-04-11T22:49:46","guid":{"rendered":"https:\/\/parapharmacieenligne.ma\/?post_type=product&#038;p=19429"},"modified":"2026-04-12T00:49:53","modified_gmt":"2026-04-11T22:49:53","slug":"gum-manche-par-4-unites-avec-brosette-fine-0-6-mm-ref-1312","status":"publish","type":"product","link":"https:\/\/parapharmacieenligne.ma\/en\/product\/gum-manche-par-4-unites-avec-brosette-fine-0-6-mm-ref-1312\/","title":{"rendered":"GUM MANCHE PAR 4 UNITES AVEC BROSETTE FINE 0.6 MM REF 1312"},"content":{"rendered":"<p>La brossette Gum 0,6 mm permet l&rsquo;\u00e9limination professionnelle de la plaque pour une sant\u00e9 des gencives optimum. Elle permet jusqu&rsquo;\u00e0 25 % l&rsquo;\u00e9limination de plaque dentaire, gr\u00e2ce \u00e0 ses brins de forme triangulaire.<\/p>\n<p>Le manche flexible de la brossette Gum 0,6 mm est muni d&rsquo;un grip ce qui permet un confort et un meilleur contr\u00f4le de l&rsquo;utilisation. Les brins brevet\u00e9s sont impr\u00e9gn\u00e9s de Chlorhexidine, agent antibact\u00e9rien de r\u00e9f\u00e9rence, permettant de maintenir la brossette propre entre chaque utilisation. <\/p>\n<p>Utilisation<\/p>\n<p>Couder la brossette Gum 0,6 mm au niveau du plastique pour un meilleur acc\u00e8s au secteur post\u00e9rieur.<\/p>\n<p>Ne pas essayer de passer la brossette si l\u2019espace est trop \u00e9troit (ne pas \u201cforcer\u201d). Dans ce cas, utiliser, de pr\u00e9f\u00e9rence, le fil dentaire.<\/p>\n<p>Glisser d\u00e9licatement la brossette Gum 0,6 mm dans l\u2019espace interdentaire et effectuer un mouvement de va-et-vient.<br \/>\nUtiliser une brossette apr\u00e8s le brossage des dents.<\/p>\n<p>Rincer la brossette sous l\u2019eau apr\u00e8s utilisation.<\/p>\n<p>Jeter la brossette d\u00e8s usure (entre 10 \u00e0 20 jours apr\u00e8s la premi\u00e8re utilisation).<br \/>\nDe l\u00e9gers saignements peuvent \u00eatre observ\u00e9s lors des premi\u00e8res utilisations de brossettes mais ils doivent ensuite dispara\u00eetre.<\/p>","protected":false},"excerpt":{"rendered":"<p>La brossette Gum 0,6 mm permet l&rsquo;\u00e9limination professionnelle de la plaque pour une sant\u00e9 des gencives optimum. Elle permet jusqu&rsquo;\u00e0 25 %&hellip;<\/p>","protected":false},"featured_media":19428,"comment_status":"open","ping_status":"closed","template":"","meta":[],"product_cat":[88],"product_tag":[],"yith_product_brand":[215],"class_list":{"0":"post-19429","1":"product","2":"type-product","3":"status-publish","4":"has-post-thumbnail","6":"product_cat-soins-bucco-dentaires","7":"yith_product_brand-g-u-m","9":"first","10":"instock","11":"sale","12":"shipping-taxable","13":"purchasable","14":"product-type-simple"},"_links":{"self":[{"href":"https:\/\/parapharmacieenligne.ma\/en\/wp-json\/wp\/v2\/product\/19429","targetHints":{"allow":["GET"]}}],"collection":[{"href":"https:\/\/parapharmacieenligne.ma\/en\/wp-json\/wp\/v2\/product"}],"about":[{"href":"https:\/\/parapharmacieenligne.ma\/en\/wp-json\/wp\/v2\/types\/product"}],"replies":[{"embeddable":true,"href":"https:\/\/parapharmacieenligne.ma\/en\/wp-json\/wp\/v2\/comments?post=19429"}],"version-history":[{"count":1,"href":"https:\/\/parapharmacieenligne.ma\/en\/wp-json\/wp\/v2\/product\/19429\/revisions"}],"predecessor-version":[{"id":19430,"href":"https:\/\/parapharmacieenligne.ma\/en\/wp-json\/wp\/v2\/product\/19429\/revisions\/19430"}],"wp:featuredmedia":[{"embeddable":true,"href":"https:\/\/parapharmacieenligne.ma\/en\/wp-json\/wp\/v2\/media\/19428"}],"wp:attachment":[{"href":"https:\/\/parapharmacieenligne.ma\/en\/wp-json\/wp\/v2\/media?parent=19429"}],"wp:term":[{"taxonomy":"product_cat","embeddable":true,"href":"https:\/\/parapharmacieenligne.ma\/en\/wp-json\/wp\/v2\/product_cat?post=19429"},{"taxonomy":"product_tag","embeddable":true,"href":"https:\/\/parapharmacieenligne.ma\/en\/wp-json\/wp\/v2\/product_tag?post=19429"},{"taxonomy":"yith_product_brand","embeddable":true,"href":"https:\/\/parapharmacieenligne.ma\/en\/wp-json\/wp\/v2\/yith_product_brand?post=19429"}],"curies":[{"name":"wp","href":"https:\/\/api.w.org\/{rel}","templated":true}]}}