{"id":19432,"date":"2026-04-12T00:49:59","date_gmt":"2026-04-11T22:49:59","guid":{"rendered":"https:\/\/parapharmacieenligne.ma\/?post_type=product&#038;p=19432"},"modified":"2026-04-12T00:50:08","modified_gmt":"2026-04-11T22:50:08","slug":"gum-manche-par-4-unites-abec-brossette-micro-ultra-fine-0-8mm-ref-1314","status":"publish","type":"product","link":"https:\/\/parapharmacieenligne.ma\/en\/product\/gum-manche-par-4-unites-abec-brossette-micro-ultra-fine-0-8mm-ref-1314\/","title":{"rendered":"GUM MANCHE PAR 4 UNITES ABEC BROSSETTE MICRO ULTRA FINE 0.8MM REF 1314"},"content":{"rendered":"<p>La Brossette Travler 0,8 mm GUM est efficace pour \u00e9liminer la plaque dentaire entre les dents. Elle pr\u00e9vient \u00e9galement les probl\u00e8mes de gencives.  Elle dispose d&rsquo;un capuchon servant de manche pour mieux acc\u00e9der aux zones post\u00e9rieures.  Petite et pratique, cette brossette ambulatoire est pr\u00eate \u00e0 l&#8217;emploi. La Brossette Travler 0,8 mm GUM pr\u00e9serve vos dents gr\u00e2ce \u00e0 un agent antibact\u00e9rien, la chlorhexidine. Dot\u00e9 d&rsquo;une a\u00e9ration, le capuchon prot\u00e8ge la brossette tout en lui permettant de s\u00e9cher.<br \/>\nConseils d&rsquo;utilisation<br \/>\n Coudez la Brossette Travler 0,8 mm GUM au niveau du plastique pour un meilleur acc\u00e8s au secteur post\u00e9rieur.  Choisissez la taille de la brossette en fonction de votre espace interdentaire (plus ou moins large). Sa forme pourra d\u00e9pendre de la localisation des espaces (de pr\u00e9f\u00e9rence, cylindrique au niveau des incisives, conique au niveau des molaires). N&rsquo;essayez pas de passer une brossette si l&rsquo;espace est trop \u00e9troit (ne pas \u00ab forcer \u00bb).  Dans ce cas, utilisez, de pr\u00e9f\u00e9rence, une taille de brossette inf\u00e9rieure, ou le fil dentaire.  Glissez d\u00e9licatement la brossette dans votre espace interdentaire et effectuez un mouvement de va-et-vient. Utilisez une brossette apr\u00e8s le brossage des dents.  Rincez la brossette sous l&rsquo;eau apr\u00e8s utilisation. Jetez la brossette d\u00e8s usure (entre 10 \u00e0 20 jours apr\u00e8s la premi\u00e8re utilisation). De l\u00e9gers saignements peuvent \u00eatre observ\u00e9s lors des premi\u00e8res utilisations de brossettes mais ils doivent ensuite dispara\u00eetre.<\/p>","protected":false},"excerpt":{"rendered":"<p>La Brossette Travler 0,8 mm GUM est efficace pour \u00e9liminer la plaque dentaire entre les dents. Elle pr\u00e9vient \u00e9galement les probl\u00e8mes de&hellip;<\/p>","protected":false},"featured_media":19431,"comment_status":"open","ping_status":"closed","template":"","meta":[],"product_cat":[88],"product_tag":[],"yith_product_brand":[215],"class_list":{"0":"post-19432","1":"product","2":"type-product","3":"status-publish","4":"has-post-thumbnail","6":"product_cat-soins-bucco-dentaires","7":"yith_product_brand-g-u-m","9":"first","10":"instock","11":"sale","12":"shipping-taxable","13":"purchasable","14":"product-type-simple"},"_links":{"self":[{"href":"https:\/\/parapharmacieenligne.ma\/en\/wp-json\/wp\/v2\/product\/19432","targetHints":{"allow":["GET"]}}],"collection":[{"href":"https:\/\/parapharmacieenligne.ma\/en\/wp-json\/wp\/v2\/product"}],"about":[{"href":"https:\/\/parapharmacieenligne.ma\/en\/wp-json\/wp\/v2\/types\/product"}],"replies":[{"embeddable":true,"href":"https:\/\/parapharmacieenligne.ma\/en\/wp-json\/wp\/v2\/comments?post=19432"}],"version-history":[{"count":1,"href":"https:\/\/parapharmacieenligne.ma\/en\/wp-json\/wp\/v2\/product\/19432\/revisions"}],"predecessor-version":[{"id":19433,"href":"https:\/\/parapharmacieenligne.ma\/en\/wp-json\/wp\/v2\/product\/19432\/revisions\/19433"}],"wp:featuredmedia":[{"embeddable":true,"href":"https:\/\/parapharmacieenligne.ma\/en\/wp-json\/wp\/v2\/media\/19431"}],"wp:attachment":[{"href":"https:\/\/parapharmacieenligne.ma\/en\/wp-json\/wp\/v2\/media?parent=19432"}],"wp:term":[{"taxonomy":"product_cat","embeddable":true,"href":"https:\/\/parapharmacieenligne.ma\/en\/wp-json\/wp\/v2\/product_cat?post=19432"},{"taxonomy":"product_tag","embeddable":true,"href":"https:\/\/parapharmacieenligne.ma\/en\/wp-json\/wp\/v2\/product_tag?post=19432"},{"taxonomy":"yith_product_brand","embeddable":true,"href":"https:\/\/parapharmacieenligne.ma\/en\/wp-json\/wp\/v2\/yith_product_brand?post=19432"}],"curies":[{"name":"wp","href":"https:\/\/api.w.org\/{rel}","templated":true}]}}