{"id":19435,"date":"2026-04-12T00:50:15","date_gmt":"2026-04-11T22:50:15","guid":{"rendered":"https:\/\/parapharmacieenligne.ma\/?post_type=product&#038;p=19435"},"modified":"2026-04-12T00:50:23","modified_gmt":"2026-04-11T22:50:23","slug":"gum-manche-par-4-unites-avec-brosette-ultra-fine-0-9-mm-ref-1412","status":"publish","type":"product","link":"https:\/\/parapharmacieenligne.ma\/en\/product\/gum-manche-par-4-unites-avec-brosette-ultra-fine-0-9-mm-ref-1412\/","title":{"rendered":"GUM MANCHE PAR 4 UNITES AVEC BROSETTE ULTRA FINE 0.9 MM REF 1412"},"content":{"rendered":"<p>Les brossettes interdentaires repr\u00e9sentent une solution pratique, efficace et surtout polyvalente pour \u00e9liminer les r\u00e9sidus alimentaires et la plaque bact\u00e9rienne entre les dents. En r\u00e9alit\u00e9, elles s&rsquo;av\u00e8rent utiles pour nettoyer les espaces particuli\u00e8rement larges ou \u00e9troits entre les dents, pour une hygi\u00e8ne pr\u00e9cise des \u00e9l\u00e9ments d&rsquo;un bridge, d&rsquo;implants et dans des cas o\u00f9 ces interstices sont plac\u00e9s \u00e0 la base des dents (r\u00e9cession gingivale). Cette polyvalence les rend id\u00e9ales m\u00eame pour les patients portant des appareils orthodontiques.<\/p>\n<p>La nouvelle brossette GUM Trav-Ler a \u00e9t\u00e9 d\u00e9velopp\u00e9e pour apporter un maximum de confort et d\u2019efficacit\u00e9.<\/p>\n<p>Jusqu\u2019\u00e0 25% de plaque suppl\u00e9mentaire \u00e9limin\u00e9e gr\u00e2ce \u00e0 ses brins de forme triangulaire (compar\u00e9 \u00e0 un filament en nylon classique)<\/p>\n<p>Confort d\u2019utilisation et contr\u00f4le am\u00e9lior\u00e9s gr\u00e2ce \u00e0 son manche flexible, muni d\u2019un grip anti d\u00e9rapant et d\u2019un cou coudable, facilitant l\u2019acc\u00e8s aux dents post\u00e9rieures.<\/p>\n<p>Afin de diminuer les risques traumatiques et d\u2019endommagement de l\u2019\u00e9mail de la dent, la tige m\u00e9tallique est recouverte de nylon. L\u2019extr\u00e9mit\u00e9 ronde du manche permet de stopper la brossette pour prot\u00e9ger la gencive.<\/p>\n<p>Les brins sont impr\u00e9gn\u00e9s de Chlorhexidine, agent anti-bact\u00e9rien de r\u00e9f\u00e9rence, permettant de maintenir la brossette propre entre chaque utilisation.<\/p>\n<p>Le capuchon permet d\u2019\u00e9viter la contamination des brins<\/p>\n<p>Comment choisir sa brossette interdentaire<br \/>\nUne large palette de tailles et de formes est propos\u00e9e pour les brossettes interdentaires en vue de r\u00e9pondre aux diff\u00e9rents besoins des patients. Le principal crit\u00e8re \u00e0 prendre en compte dans le choix d&rsquo;une brossette interdentaire est la largeur de vos espaces interdentaires. En effet, vous devez \u00e9viter d&rsquo;enfoncer avec force une brossette interdentaire trop large dans un interstice trop \u00e9troit. La pr\u00e9sence d&rsquo;appareils orthodontiques, d&rsquo;implants, de bridges, de r\u00e9cession gingivale et d&rsquo;autres situations sp\u00e9cifiques doit \u00e9galement \u00eatre prise en consid\u00e9ration. C&rsquo;est la raison pour laquelle les brossettes interdentaires doivent g\u00e9n\u00e9ralement \u00eatre prescrites par votre dentiste pour la premi\u00e8re fois car il conna\u00eet exactement la taille et la forme dont vous avez besoin. Il est \u00e9galement important de changer r\u00e9guli\u00e8rement votre brossette interdentaire. Une brossette interdentaire de qualit\u00e9 sup\u00e9rieure, dot\u00e9e de brins avec protection anti-bact\u00e9rienne durera plus longtemps sans compromettre son efficacit\u00e9 pendant toute sa dur\u00e9e de vie.<\/p>\n<p>Utilisation<\/p>\n<p>La brossette interdentaire doit \u00eatre utilis\u00e9e au minimum une fois par jour, de pr\u00e9f\u00e9rence apr\u00e8s le d\u00eener. Il est recommand\u00e9, au d\u00e9but, de le faire \u00e0 la m\u00eame heure. Ainsi, ceci deviendra rapidement une habitude saine au quotidien.<\/p>\n<p>Dans des conditions normales<br \/>\nIl vous suffit simplement de suivre la m\u00e9thode suivante :<\/p>\n<p>&#8211; Ins\u00e9rez en exer\u00e7ant une tr\u00e8s l\u00e9g\u00e8re pression la brossette interdentaire dans les espaces interdentaires. Ne forcez pas la brossette \u00e0 p\u00e9n\u00e9trer dans les espaces \u00e9troits.<br \/>\n&#8211; Une l\u00e9g\u00e8re inclinaison de bas en haut doit \u00eatre maintenue pour l&rsquo;arc inf\u00e9rieur et de haut en bas pour l&rsquo;arc sup\u00e9rieur.<br \/>\n&#8211; Effectuez ensuite plusieurs mouvements horizontaux d\u00e9licats tout en \u00e9vitant \u00e0 la brossette interdentaire de sortir des espaces interdentaires.<\/p>\n<p>En cas de port d&rsquo;appareils orthodontiques<br \/>\nLes brossettes interdentaires sont particuli\u00e8rement recommand\u00e9es pour nettoyer les espaces interdentaires et le fil de l&rsquo;arc orthodontique et \u00e0 chaque fois qu&rsquo;il y a des espaces interdentaires importants. Le nettoyage doit s&rsquo;effectuer par des mouvements d\u00e9licats vers l&rsquo;int\u00e9rieur et l&rsquo;ext\u00e9rieur en \u00e9vitant d&rsquo;exercer trop de pression sur la tige. Choisissez une taille de brossette interdentaire adapt\u00e9e aux interstices \u00e0 nettoyer.<\/p>\n<p>En cas d&rsquo;implants<br \/>\nUtilisez une brossette interdentaire pour nettoyer les broches et la partie situ\u00e9e sous la proth\u00e8se. Ins\u00e9rez-la d\u00e9licatement entre une broche et une autre puis effectuez un nettoyage par un mouvement doux \u00e0 l&rsquo;int\u00e9rieur et \u00e0 l&rsquo;ext\u00e9rieur.<\/p>\n<p>En cas de bridges<br \/>\nUtilisez un instrument interdentaire adapt\u00e9 aux espaces interdentaires concern\u00e9s par le bridge. Effectuez le nettoyage en ins\u00e9rant la brossette interdentaire du c\u00f4t\u00e9 de la joue et du c\u00f4t\u00e9 de la langue<\/p>","protected":false},"excerpt":{"rendered":"<p>Les brossettes interdentaires repr\u00e9sentent une solution pratique, efficace et surtout polyvalente pour \u00e9liminer les r\u00e9sidus alimentaires et la plaque bact\u00e9rienne entre les&hellip;<\/p>","protected":false},"featured_media":19434,"comment_status":"open","ping_status":"closed","template":"","meta":[],"product_cat":[88],"product_tag":[],"yith_product_brand":[215],"class_list":{"0":"post-19435","1":"product","2":"type-product","3":"status-publish","4":"has-post-thumbnail","6":"product_cat-soins-bucco-dentaires","7":"yith_product_brand-g-u-m","9":"first","10":"instock","11":"sale","12":"shipping-taxable","13":"purchasable","14":"product-type-simple"},"_links":{"self":[{"href":"https:\/\/parapharmacieenligne.ma\/en\/wp-json\/wp\/v2\/product\/19435","targetHints":{"allow":["GET"]}}],"collection":[{"href":"https:\/\/parapharmacieenligne.ma\/en\/wp-json\/wp\/v2\/product"}],"about":[{"href":"https:\/\/parapharmacieenligne.ma\/en\/wp-json\/wp\/v2\/types\/product"}],"replies":[{"embeddable":true,"href":"https:\/\/parapharmacieenligne.ma\/en\/wp-json\/wp\/v2\/comments?post=19435"}],"version-history":[{"count":1,"href":"https:\/\/parapharmacieenligne.ma\/en\/wp-json\/wp\/v2\/product\/19435\/revisions"}],"predecessor-version":[{"id":19436,"href":"https:\/\/parapharmacieenligne.ma\/en\/wp-json\/wp\/v2\/product\/19435\/revisions\/19436"}],"wp:featuredmedia":[{"embeddable":true,"href":"https:\/\/parapharmacieenligne.ma\/en\/wp-json\/wp\/v2\/media\/19434"}],"wp:attachment":[{"href":"https:\/\/parapharmacieenligne.ma\/en\/wp-json\/wp\/v2\/media?parent=19435"}],"wp:term":[{"taxonomy":"product_cat","embeddable":true,"href":"https:\/\/parapharmacieenligne.ma\/en\/wp-json\/wp\/v2\/product_cat?post=19435"},{"taxonomy":"product_tag","embeddable":true,"href":"https:\/\/parapharmacieenligne.ma\/en\/wp-json\/wp\/v2\/product_tag?post=19435"},{"taxonomy":"yith_product_brand","embeddable":true,"href":"https:\/\/parapharmacieenligne.ma\/en\/wp-json\/wp\/v2\/yith_product_brand?post=19435"}],"curies":[{"name":"wp","href":"https:\/\/api.w.org\/{rel}","templated":true}]}}