{"id":19438,"date":"2026-04-12T00:50:32","date_gmt":"2026-04-11T22:50:32","guid":{"rendered":"https:\/\/parapharmacieenligne.ma\/?post_type=product&#038;p=19438"},"modified":"2026-04-12T00:50:39","modified_gmt":"2026-04-11T22:50:39","slug":"gum-manche-par-4-unites-avec-brosette-ultra-fine-1-1-mm-ref-1414","status":"publish","type":"product","link":"https:\/\/parapharmacieenligne.ma\/en\/product\/gum-manche-par-4-unites-avec-brosette-ultra-fine-1-1-mm-ref-1414\/","title":{"rendered":"GUM MANCHE PAR 4 UNITES AVEC BROSETTE ULTRA FINE 1.1 MM REF 1414"},"content":{"rendered":"<p>Elimination professionnelle de la plaque pour une sant\u00e9 des gencives opitmum.<\/p>\n<p>Jusqu&rsquo;\u00e0 25% de plaque suppl\u00e9mentaire \u00e9limin\u00e9e, gr\u00e2ce \u00e0 ses brins de forme triangulaire. (compar\u00e9 \u00e0 un filament en nylon classique)Confort d&rsquo;utilisation et contr\u00f4le am\u00e9lior\u00e9s gr\u00e2ce \u00e0 son manche flexible, muni d&rsquo;un grip anti-d\u00e9rapant et d&rsquo;un cou coudable, facilitant l&rsquo;acc\u00e8s aux dents post\u00e9rieures.<\/p>\n<p>Les brins brevet\u00e9s sont impr\u00e9gn\u00e9s de Chlorexidine, agent antibact\u00e9rien de r\u00e9f\u00e9rence, permettant de maintenir la brossette propre entre chaque utilisation.<\/p>\n<p>Conseils d\u2019utilisation<\/p>\n<p>Utiliser avec des gestes mod\u00e9r\u00e9s. Ne pas forcer dans les espaces interdentaires serr\u00e9s.<\/p>\n<p>Rincer la brossette apr\u00e8s chaque utilisation.<\/p>\n<p>Changer la brossette apr\u00e8s une semaine d&rsquo;utilisation.<\/p>","protected":false},"excerpt":{"rendered":"<p>Elimination professionnelle de la plaque pour une sant\u00e9 des gencives opitmum. Jusqu&rsquo;\u00e0 25% de plaque suppl\u00e9mentaire \u00e9limin\u00e9e, gr\u00e2ce \u00e0 ses brins de&hellip;<\/p>","protected":false},"featured_media":19437,"comment_status":"open","ping_status":"closed","template":"","meta":[],"product_cat":[88],"product_tag":[],"yith_product_brand":[215],"class_list":{"0":"post-19438","1":"product","2":"type-product","3":"status-publish","4":"has-post-thumbnail","6":"product_cat-soins-bucco-dentaires","7":"yith_product_brand-g-u-m","9":"first","10":"instock","11":"sale","12":"shipping-taxable","13":"purchasable","14":"product-type-simple"},"_links":{"self":[{"href":"https:\/\/parapharmacieenligne.ma\/en\/wp-json\/wp\/v2\/product\/19438","targetHints":{"allow":["GET"]}}],"collection":[{"href":"https:\/\/parapharmacieenligne.ma\/en\/wp-json\/wp\/v2\/product"}],"about":[{"href":"https:\/\/parapharmacieenligne.ma\/en\/wp-json\/wp\/v2\/types\/product"}],"replies":[{"embeddable":true,"href":"https:\/\/parapharmacieenligne.ma\/en\/wp-json\/wp\/v2\/comments?post=19438"}],"version-history":[{"count":1,"href":"https:\/\/parapharmacieenligne.ma\/en\/wp-json\/wp\/v2\/product\/19438\/revisions"}],"predecessor-version":[{"id":19439,"href":"https:\/\/parapharmacieenligne.ma\/en\/wp-json\/wp\/v2\/product\/19438\/revisions\/19439"}],"wp:featuredmedia":[{"embeddable":true,"href":"https:\/\/parapharmacieenligne.ma\/en\/wp-json\/wp\/v2\/media\/19437"}],"wp:attachment":[{"href":"https:\/\/parapharmacieenligne.ma\/en\/wp-json\/wp\/v2\/media?parent=19438"}],"wp:term":[{"taxonomy":"product_cat","embeddable":true,"href":"https:\/\/parapharmacieenligne.ma\/en\/wp-json\/wp\/v2\/product_cat?post=19438"},{"taxonomy":"product_tag","embeddable":true,"href":"https:\/\/parapharmacieenligne.ma\/en\/wp-json\/wp\/v2\/product_tag?post=19438"},{"taxonomy":"yith_product_brand","embeddable":true,"href":"https:\/\/parapharmacieenligne.ma\/en\/wp-json\/wp\/v2\/yith_product_brand?post=19438"}],"curies":[{"name":"wp","href":"https:\/\/api.w.org\/{rel}","templated":true}]}}