{"id":19447,"date":"2026-04-12T01:00:33","date_gmt":"2026-04-11T23:00:33","guid":{"rendered":"https:\/\/parapharmacieenligne.ma\/?post_type=product&#038;p=19447"},"modified":"2026-04-12T01:00:41","modified_gmt":"2026-04-11T23:00:41","slug":"gum-manche-par-4-unites-avec-brossette-fine-1-4mm-ref-1612","status":"publish","type":"product","link":"https:\/\/parapharmacieenligne.ma\/en\/product\/gum-manche-par-4-unites-avec-brossette-fine-1-4mm-ref-1612\/","title":{"rendered":"GUM MANCHE PAR 4 UNITES AVEC BROSSETTE FINE 1.4MM REF 1612"},"content":{"rendered":"<p>Les Brossettes interdentaires cylindriques Travler Bordeaux 1612 nettoient les espaces interdentaires de 1. 4 mm de diam\u00e8tre. Compactes, ces brossettes ergonomiques sont dot\u00e9es d&rsquo;un manche flexible et antid\u00e9rapant pour un maintien plus efficace et un brossage plus confortable. Manche ergonomique, flexible et antid\u00e9rapant. T\u00eate coudable avec hampe m\u00e9tallique et brins impr\u00e9gn\u00e9s d&rsquo;un antiseptique. Bouchon protecteur pouvant \u00eatre employ\u00e9 pour allonger le manche. Conditionnement : blister. Conforme \u00e0 la norme ISO 4 pour un espace interdentaire de 1,4 mm de diam\u00e8tre.<\/p>","protected":false},"excerpt":{"rendered":"<p>Les Brossettes interdentaires cylindriques Travler Bordeaux 1612 nettoient les espaces interdentaires de 1. 4 mm de diam\u00e8tre. Compactes, ces brossettes ergonomiques sont&hellip;<\/p>","protected":false},"featured_media":19446,"comment_status":"open","ping_status":"closed","template":"","meta":[],"product_cat":[88],"product_tag":[],"yith_product_brand":[215],"class_list":{"0":"post-19447","1":"product","2":"type-product","3":"status-publish","4":"has-post-thumbnail","6":"product_cat-soins-bucco-dentaires","7":"yith_product_brand-g-u-m","9":"first","10":"instock","11":"sale","12":"shipping-taxable","13":"purchasable","14":"product-type-simple"},"_links":{"self":[{"href":"https:\/\/parapharmacieenligne.ma\/en\/wp-json\/wp\/v2\/product\/19447","targetHints":{"allow":["GET"]}}],"collection":[{"href":"https:\/\/parapharmacieenligne.ma\/en\/wp-json\/wp\/v2\/product"}],"about":[{"href":"https:\/\/parapharmacieenligne.ma\/en\/wp-json\/wp\/v2\/types\/product"}],"replies":[{"embeddable":true,"href":"https:\/\/parapharmacieenligne.ma\/en\/wp-json\/wp\/v2\/comments?post=19447"}],"version-history":[{"count":1,"href":"https:\/\/parapharmacieenligne.ma\/en\/wp-json\/wp\/v2\/product\/19447\/revisions"}],"predecessor-version":[{"id":19448,"href":"https:\/\/parapharmacieenligne.ma\/en\/wp-json\/wp\/v2\/product\/19447\/revisions\/19448"}],"wp:featuredmedia":[{"embeddable":true,"href":"https:\/\/parapharmacieenligne.ma\/en\/wp-json\/wp\/v2\/media\/19446"}],"wp:attachment":[{"href":"https:\/\/parapharmacieenligne.ma\/en\/wp-json\/wp\/v2\/media?parent=19447"}],"wp:term":[{"taxonomy":"product_cat","embeddable":true,"href":"https:\/\/parapharmacieenligne.ma\/en\/wp-json\/wp\/v2\/product_cat?post=19447"},{"taxonomy":"product_tag","embeddable":true,"href":"https:\/\/parapharmacieenligne.ma\/en\/wp-json\/wp\/v2\/product_tag?post=19447"},{"taxonomy":"yith_product_brand","embeddable":true,"href":"https:\/\/parapharmacieenligne.ma\/en\/wp-json\/wp\/v2\/yith_product_brand?post=19447"}],"curies":[{"name":"wp","href":"https:\/\/api.w.org\/{rel}","templated":true}]}}