{"id":19453,"date":"2026-04-12T01:01:01","date_gmt":"2026-04-11T23:01:01","guid":{"rendered":"https:\/\/parapharmacieenligne.ma\/?post_type=product&#038;p=19453"},"modified":"2026-04-12T01:01:09","modified_gmt":"2026-04-11T23:01:09","slug":"gum-travler-brosse-interdentaire-2-0-mm-pack-de-6-ref1618","status":"publish","type":"product","link":"https:\/\/parapharmacieenligne.ma\/en\/product\/gum-travler-brosse-interdentaire-2-0-mm-pack-de-6-ref1618\/","title":{"rendered":"GUM TRAVLER BROSSE INTERDENTAIRE 2.0 MM PACK DE 6 REF1618"},"content":{"rendered":"<p>Brossette interdentaire compacte et ambulatoire.<br \/>\nLe brossage interdentaire n\u2019a jamais \u00e9t\u00e9 aussi simple et efficace.<\/p>\n<p>La nouvelle brossette GUM Trav-Ler a \u00e9t\u00e9 d\u00e9velopp\u00e9e pour apporter un maximum de confort et d\u2019efficacit\u00e9:<br \/>\nJusqu\u2019\u00e0 25% de plaque suppl\u00e9mentaire \u00e9limin\u00e9e gr\u00e2ce \u00e0 ses brins de forme triangulaire (compar\u00e9 \u00e0 un filament en nylon classique)<\/p>\n<p>Confort d\u2019utilisation et contr\u00f4le am\u00e9lior\u00e9s gr\u00e2ce \u00e0 son manche flexible, muni d\u2019un grip anti d\u00e9rapant et d\u2019un cou coudable (\u00e0 90\u00b0), facilitant l\u2019acc\u00e8s aux dents post\u00e9rieures.<\/p>\n<p>Afin de diminuer les risques traumatiques et d\u2019endommagement de l\u2019\u00e9mail de la dent, la tige m\u00e9tallique est recouverte de nylon. L\u2019extr\u00e9mit\u00e9 ronde du manche permet de stopper la brossette pour prot\u00e9ger la gencive.<\/p>\n<p>Les brins sont impr\u00e9gn\u00e9s de Chlorhexidine, agent anti-bact\u00e9rien de r\u00e9f\u00e9rence, permettant de maintenir la brossette propre entre chaque utilisation.<\/p>\n<p>Le capuchon permet d\u2019\u00e9viter la contamination des brins.<\/p>\n<p>Voici quelques conseils d&rsquo;utilsation pour un bon usage des brossettes interdentaires, afin d&rsquo;optimiser l&rsquo;\u00e9limination de la plaque en toute s\u00e9curit\u00e9:<br \/>\n\u2022 Utiliser une brossette interdentaire apr\u00e8s le brossage des dents<br \/>\n\u2022 Glisser d\u00e9licatement la brossette dans l&rsquo;espace interdentaire et effectuer au moins 6 mouvements de va-et-vient<br \/>\n\u2022 Ne pas \u00ab\u00a0forcer\u00a0\u00bb l&rsquo;insertion d&rsquo;une brossette si l&rsquo;espace est trop \u00e9troit<br \/>\n\u2022 Rincer la brossette sous l&rsquo;eau apr\u00e8s utilisation<br \/>\n\u2022 Jeter la brossette d\u00e8s usure (entre 7 et 10 jours apr\u00e8s la premi\u00e8re utilisation)<\/p>\n<p>De l\u00e9gers saignements peuvent \u00eatre observ\u00e9s lors des premi\u00e8res utilisations de brossette, mais ils doivent ensuite disparaitre<\/p>","protected":false},"excerpt":{"rendered":"<p>Brossette interdentaire compacte et ambulatoire. Le brossage interdentaire n\u2019a jamais \u00e9t\u00e9 aussi simple et efficace. La nouvelle brossette GUM Trav-Ler a \u00e9t\u00e9&hellip;<\/p>","protected":false},"featured_media":19452,"comment_status":"open","ping_status":"closed","template":"","meta":[],"product_cat":[88],"product_tag":[],"yith_product_brand":[215],"class_list":{"0":"post-19453","1":"product","2":"type-product","3":"status-publish","4":"has-post-thumbnail","6":"product_cat-soins-bucco-dentaires","7":"yith_product_brand-g-u-m","9":"first","10":"instock","11":"sale","12":"shipping-taxable","13":"purchasable","14":"product-type-simple"},"_links":{"self":[{"href":"https:\/\/parapharmacieenligne.ma\/en\/wp-json\/wp\/v2\/product\/19453","targetHints":{"allow":["GET"]}}],"collection":[{"href":"https:\/\/parapharmacieenligne.ma\/en\/wp-json\/wp\/v2\/product"}],"about":[{"href":"https:\/\/parapharmacieenligne.ma\/en\/wp-json\/wp\/v2\/types\/product"}],"replies":[{"embeddable":true,"href":"https:\/\/parapharmacieenligne.ma\/en\/wp-json\/wp\/v2\/comments?post=19453"}],"version-history":[{"count":1,"href":"https:\/\/parapharmacieenligne.ma\/en\/wp-json\/wp\/v2\/product\/19453\/revisions"}],"predecessor-version":[{"id":19454,"href":"https:\/\/parapharmacieenligne.ma\/en\/wp-json\/wp\/v2\/product\/19453\/revisions\/19454"}],"wp:featuredmedia":[{"embeddable":true,"href":"https:\/\/parapharmacieenligne.ma\/en\/wp-json\/wp\/v2\/media\/19452"}],"wp:attachment":[{"href":"https:\/\/parapharmacieenligne.ma\/en\/wp-json\/wp\/v2\/media?parent=19453"}],"wp:term":[{"taxonomy":"product_cat","embeddable":true,"href":"https:\/\/parapharmacieenligne.ma\/en\/wp-json\/wp\/v2\/product_cat?post=19453"},{"taxonomy":"product_tag","embeddable":true,"href":"https:\/\/parapharmacieenligne.ma\/en\/wp-json\/wp\/v2\/product_tag?post=19453"},{"taxonomy":"yith_product_brand","embeddable":true,"href":"https:\/\/parapharmacieenligne.ma\/en\/wp-json\/wp\/v2\/yith_product_brand?post=19453"}],"curies":[{"name":"wp","href":"https:\/\/api.w.org\/{rel}","templated":true}]}}