{"id":19456,"date":"2026-04-12T01:01:18","date_gmt":"2026-04-11T23:01:18","guid":{"rendered":"https:\/\/parapharmacieenligne.ma\/?post_type=product&#038;p=19456"},"modified":"2026-04-12T01:01:23","modified_gmt":"2026-04-11T23:01:23","slug":"gum-multi-pack-traveler-10-references","status":"publish","type":"product","link":"https:\/\/parapharmacieenligne.ma\/en\/product\/gum-multi-pack-traveler-10-references\/","title":{"rendered":"GUM MULTI PACK TRAVELER 10 REFERENCES"},"content":{"rendered":"<p>Pliez la brosse au niveau du plastique pour un meilleur acc\u00e8s \u00e0 la zone post\u00e9rieure.Les brosses interdentaires GUM Trav-Ler 9 \u00e9liminent la plaque dentaire gr\u00e2ce \u00e0 ses poils de forme triangulaire (par rapport \u00e0 un filament de nylon classique).<\/p>\n<p>Gr\u00e2ce \u00e0 son manche souple, \u00e0 sa poign\u00e9e antid\u00e9rapante et \u00e0 son col coudable, il am\u00e9liore l&rsquo;acc\u00e8s aux dents dorsales pour un excellent confort d&rsquo;utilisation et un meilleur contr\u00f4le. Les poils brevet\u00e9s sont imbib\u00e9s de Chlorhexidine, agent antibact\u00e9rien permettant de garder le pinceau bien rang\u00e9 entre chaque utilisation.<\/p>\n<p>Conseils d&rsquo;utilisation :<\/p>\n<p>Pliez la brosse au niveau du plastique pour un meilleur acc\u00e8s \u00e0 la zone post\u00e9rieure.<\/p>\n<p>Pr\u00e9sentation propos\u00e9e : 9 brosses de diff\u00e9rentes tailles: 0,6 mm, 0,8 mm, 0,9 mm, 1,1 mm, 1,2 mm, 1,3 mm, 1,4 mm, 1,6 mm, 2,0 mm,2.6mm<\/p>","protected":false},"excerpt":{"rendered":"<p>Pliez la brosse au niveau du plastique pour un meilleur acc\u00e8s \u00e0 la zone post\u00e9rieure.Les brosses interdentaires GUM Trav-Ler 9 \u00e9liminent la&hellip;<\/p>","protected":false},"featured_media":19455,"comment_status":"open","ping_status":"closed","template":"","meta":[],"product_cat":[88],"product_tag":[],"yith_product_brand":[215],"class_list":{"0":"post-19456","1":"product","2":"type-product","3":"status-publish","4":"has-post-thumbnail","6":"product_cat-soins-bucco-dentaires","7":"yith_product_brand-g-u-m","9":"first","10":"instock","11":"sale","12":"shipping-taxable","13":"purchasable","14":"product-type-simple"},"_links":{"self":[{"href":"https:\/\/parapharmacieenligne.ma\/en\/wp-json\/wp\/v2\/product\/19456","targetHints":{"allow":["GET"]}}],"collection":[{"href":"https:\/\/parapharmacieenligne.ma\/en\/wp-json\/wp\/v2\/product"}],"about":[{"href":"https:\/\/parapharmacieenligne.ma\/en\/wp-json\/wp\/v2\/types\/product"}],"replies":[{"embeddable":true,"href":"https:\/\/parapharmacieenligne.ma\/en\/wp-json\/wp\/v2\/comments?post=19456"}],"version-history":[{"count":1,"href":"https:\/\/parapharmacieenligne.ma\/en\/wp-json\/wp\/v2\/product\/19456\/revisions"}],"predecessor-version":[{"id":19457,"href":"https:\/\/parapharmacieenligne.ma\/en\/wp-json\/wp\/v2\/product\/19456\/revisions\/19457"}],"wp:featuredmedia":[{"embeddable":true,"href":"https:\/\/parapharmacieenligne.ma\/en\/wp-json\/wp\/v2\/media\/19455"}],"wp:attachment":[{"href":"https:\/\/parapharmacieenligne.ma\/en\/wp-json\/wp\/v2\/media?parent=19456"}],"wp:term":[{"taxonomy":"product_cat","embeddable":true,"href":"https:\/\/parapharmacieenligne.ma\/en\/wp-json\/wp\/v2\/product_cat?post=19456"},{"taxonomy":"product_tag","embeddable":true,"href":"https:\/\/parapharmacieenligne.ma\/en\/wp-json\/wp\/v2\/product_tag?post=19456"},{"taxonomy":"yith_product_brand","embeddable":true,"href":"https:\/\/parapharmacieenligne.ma\/en\/wp-json\/wp\/v2\/yith_product_brand?post=19456"}],"curies":[{"name":"wp","href":"https:\/\/api.w.org\/{rel}","templated":true}]}}