{"id":19459,"date":"2026-04-12T01:01:31","date_gmt":"2026-04-11T23:01:31","guid":{"rendered":"https:\/\/parapharmacieenligne.ma\/?post_type=product&#038;p=19459"},"modified":"2026-04-12T01:01:38","modified_gmt":"2026-04-11T23:01:38","slug":"gum-sonic-daily-brosse-a-dents-a-pile-ref-4100","status":"publish","type":"product","link":"https:\/\/parapharmacieenligne.ma\/en\/product\/gum-sonic-daily-brosse-a-dents-a-pile-ref-4100\/","title":{"rendered":"GUM SONIC DAILY BROSSE A DENTS A PILE REF 4100"},"content":{"rendered":"<p>Technologie sonique \u00e0 vibration douce pour une meilleure protection des gencives.<br \/>\nEfficacit\u00e9 prouv\u00e9e \u2013 avec ses brins effil\u00e9s aux extr\u00e9mit\u00e9s, \u00e9limine 50% de plaque dentaire suppl\u00e9mentaire* entre les dents.<br \/>\nManche fin et \u00e9l\u00e9gant pour une prise en main facilit\u00e9e.<br \/>\nRecharges disponibles par pack de 2.<br \/>\nPile incluse et rempla\u00e7able (AAA).<\/p>\n<p>Conseils d&rsquo;utilisation<br \/>\nSe brosser les dents pendant 2 \u00e0 3 minutes apr\u00e8s chaque repas.<\/p>","protected":false},"excerpt":{"rendered":"<p>Technologie sonique \u00e0 vibration douce pour une meilleure protection des gencives. Efficacit\u00e9 prouv\u00e9e \u2013 avec ses brins effil\u00e9s aux extr\u00e9mit\u00e9s, \u00e9limine 50%&hellip;<\/p>","protected":false},"featured_media":19458,"comment_status":"open","ping_status":"closed","template":"","meta":[],"product_cat":[88],"product_tag":[],"yith_product_brand":[215],"class_list":{"0":"post-19459","1":"product","2":"type-product","3":"status-publish","4":"has-post-thumbnail","6":"product_cat-soins-bucco-dentaires","7":"yith_product_brand-g-u-m","9":"first","10":"instock","11":"sale","12":"shipping-taxable","13":"purchasable","14":"product-type-simple"},"_links":{"self":[{"href":"https:\/\/parapharmacieenligne.ma\/en\/wp-json\/wp\/v2\/product\/19459","targetHints":{"allow":["GET"]}}],"collection":[{"href":"https:\/\/parapharmacieenligne.ma\/en\/wp-json\/wp\/v2\/product"}],"about":[{"href":"https:\/\/parapharmacieenligne.ma\/en\/wp-json\/wp\/v2\/types\/product"}],"replies":[{"embeddable":true,"href":"https:\/\/parapharmacieenligne.ma\/en\/wp-json\/wp\/v2\/comments?post=19459"}],"version-history":[{"count":1,"href":"https:\/\/parapharmacieenligne.ma\/en\/wp-json\/wp\/v2\/product\/19459\/revisions"}],"predecessor-version":[{"id":19460,"href":"https:\/\/parapharmacieenligne.ma\/en\/wp-json\/wp\/v2\/product\/19459\/revisions\/19460"}],"wp:featuredmedia":[{"embeddable":true,"href":"https:\/\/parapharmacieenligne.ma\/en\/wp-json\/wp\/v2\/media\/19458"}],"wp:attachment":[{"href":"https:\/\/parapharmacieenligne.ma\/en\/wp-json\/wp\/v2\/media?parent=19459"}],"wp:term":[{"taxonomy":"product_cat","embeddable":true,"href":"https:\/\/parapharmacieenligne.ma\/en\/wp-json\/wp\/v2\/product_cat?post=19459"},{"taxonomy":"product_tag","embeddable":true,"href":"https:\/\/parapharmacieenligne.ma\/en\/wp-json\/wp\/v2\/product_tag?post=19459"},{"taxonomy":"yith_product_brand","embeddable":true,"href":"https:\/\/parapharmacieenligne.ma\/en\/wp-json\/wp\/v2\/yith_product_brand?post=19459"}],"curies":[{"name":"wp","href":"https:\/\/api.w.org\/{rel}","templated":true}]}}