{"id":19462,"date":"2026-04-12T01:01:47","date_gmt":"2026-04-11T23:01:47","guid":{"rendered":"https:\/\/parapharmacieenligne.ma\/?post_type=product&#038;p=19462"},"modified":"2026-04-12T01:01:53","modified_gmt":"2026-04-11T23:01:53","slug":"gum-dentifrice-bio-fresh-menthe-et-aloe-verra-75-ml-ref-7020","status":"publish","type":"product","link":"https:\/\/parapharmacieenligne.ma\/en\/product\/gum-dentifrice-bio-fresh-menthe-et-aloe-verra-75-ml-ref-7020\/","title":{"rendered":"GUM DENTIFRICE BIO FRESH MENTHE ET ALOE VERRA 75 ML REF 7020"},"content":{"rendered":"<p>Le Dentifrice Bio Fresh Mint et Aloe Vera de GUM assure une hygi\u00e8ne bucco-dentaire au quotidien optimale. Il prot\u00e8ge et renforce les dents et les gencives jour apr\u00e8s jour tout en laissant une haleine fra\u00eeche pour longtemps. <\/p>\n<p>Formule certifi\u00e9e Bio.<\/p>\n<p>Appliquer avec une brosse \u00e0 dents souple ou medium et se brosser les dents apr\u00e8s chaque repas, ou au moins deux fois par jour pendant au moins 2 minutes.<br \/>\nPour adultes et enfants \u00e0 partir de 7 ans. Ne pas utiliser en cas d&rsquo;hypersensibilit\u00e9 \u00e0 l\u2019un des constituants de la solution.<br \/>\nGarder hors de port\u00e9e des enfants. En usage externe. Ne pas avaler<\/p>","protected":false},"excerpt":{"rendered":"<p>Le Dentifrice Bio Fresh Mint et Aloe Vera de GUM assure une hygi\u00e8ne bucco-dentaire au quotidien optimale. Il prot\u00e8ge et renforce les&hellip;<\/p>","protected":false},"featured_media":19461,"comment_status":"open","ping_status":"closed","template":"","meta":[],"product_cat":[88],"product_tag":[],"yith_product_brand":[215],"class_list":{"0":"post-19462","1":"product","2":"type-product","3":"status-publish","4":"has-post-thumbnail","6":"product_cat-soins-bucco-dentaires","7":"yith_product_brand-g-u-m","9":"first","10":"instock","11":"sale","12":"shipping-taxable","13":"purchasable","14":"product-type-simple"},"_links":{"self":[{"href":"https:\/\/parapharmacieenligne.ma\/en\/wp-json\/wp\/v2\/product\/19462","targetHints":{"allow":["GET"]}}],"collection":[{"href":"https:\/\/parapharmacieenligne.ma\/en\/wp-json\/wp\/v2\/product"}],"about":[{"href":"https:\/\/parapharmacieenligne.ma\/en\/wp-json\/wp\/v2\/types\/product"}],"replies":[{"embeddable":true,"href":"https:\/\/parapharmacieenligne.ma\/en\/wp-json\/wp\/v2\/comments?post=19462"}],"version-history":[{"count":1,"href":"https:\/\/parapharmacieenligne.ma\/en\/wp-json\/wp\/v2\/product\/19462\/revisions"}],"predecessor-version":[{"id":19463,"href":"https:\/\/parapharmacieenligne.ma\/en\/wp-json\/wp\/v2\/product\/19462\/revisions\/19463"}],"wp:featuredmedia":[{"embeddable":true,"href":"https:\/\/parapharmacieenligne.ma\/en\/wp-json\/wp\/v2\/media\/19461"}],"wp:attachment":[{"href":"https:\/\/parapharmacieenligne.ma\/en\/wp-json\/wp\/v2\/media?parent=19462"}],"wp:term":[{"taxonomy":"product_cat","embeddable":true,"href":"https:\/\/parapharmacieenligne.ma\/en\/wp-json\/wp\/v2\/product_cat?post=19462"},{"taxonomy":"product_tag","embeddable":true,"href":"https:\/\/parapharmacieenligne.ma\/en\/wp-json\/wp\/v2\/product_tag?post=19462"},{"taxonomy":"yith_product_brand","embeddable":true,"href":"https:\/\/parapharmacieenligne.ma\/en\/wp-json\/wp\/v2\/yith_product_brand?post=19462"}],"curies":[{"name":"wp","href":"https:\/\/api.w.org\/{rel}","templated":true}]}}