{"id":19465,"date":"2026-04-12T01:01:59","date_gmt":"2026-04-11T23:01:59","guid":{"rendered":"https:\/\/parapharmacieenligne.ma\/?post_type=product&#038;p=19465"},"modified":"2026-04-12T01:02:09","modified_gmt":"2026-04-11T23:02:09","slug":"gum-soft-pick-confort-flex-40-unites-menthole-ref-670","status":"publish","type":"product","link":"https:\/\/parapharmacieenligne.ma\/en\/product\/gum-soft-pick-confort-flex-40-unites-menthole-ref-670\/","title":{"rendered":"GUM SOFT PICK CONFORT FLEX 40 UNITES MENTHOLE REF 670"},"content":{"rendered":"<p>B\u00e2tonnet interdentaire en caoutchouc souple \u00e0 glisser entre les dents pour retirer en douceur plaque dentaire et d\u00e9bris alimentaires. Go\u00fbt menthe pour une agr\u00e9able sensation de fra\u00eecheur. Manche flexible et antid\u00e9rapant pour plus de confort et de contr\u00f4le. Ne contient ni bois, ni m\u00e9tal, ni latex. Ne pas forcer dans les espaces \u00e9troits. Contient un \u00e9tui de voyage pratique. Contient du menthol. GUM, l\u2019expert de l\u2019interdentaire.<\/p>","protected":false},"excerpt":{"rendered":"<p>B\u00e2tonnet interdentaire en caoutchouc souple \u00e0 glisser entre les dents pour retirer en douceur plaque dentaire et d\u00e9bris alimentaires. Go\u00fbt menthe pour&hellip;<\/p>","protected":false},"featured_media":19464,"comment_status":"open","ping_status":"closed","template":"","meta":[],"product_cat":[88],"product_tag":[],"yith_product_brand":[215],"class_list":{"0":"post-19465","1":"product","2":"type-product","3":"status-publish","4":"has-post-thumbnail","6":"product_cat-soins-bucco-dentaires","7":"yith_product_brand-g-u-m","9":"first","10":"instock","11":"sale","12":"shipping-taxable","13":"purchasable","14":"product-type-simple"},"_links":{"self":[{"href":"https:\/\/parapharmacieenligne.ma\/en\/wp-json\/wp\/v2\/product\/19465","targetHints":{"allow":["GET"]}}],"collection":[{"href":"https:\/\/parapharmacieenligne.ma\/en\/wp-json\/wp\/v2\/product"}],"about":[{"href":"https:\/\/parapharmacieenligne.ma\/en\/wp-json\/wp\/v2\/types\/product"}],"replies":[{"embeddable":true,"href":"https:\/\/parapharmacieenligne.ma\/en\/wp-json\/wp\/v2\/comments?post=19465"}],"version-history":[{"count":1,"href":"https:\/\/parapharmacieenligne.ma\/en\/wp-json\/wp\/v2\/product\/19465\/revisions"}],"predecessor-version":[{"id":19466,"href":"https:\/\/parapharmacieenligne.ma\/en\/wp-json\/wp\/v2\/product\/19465\/revisions\/19466"}],"wp:featuredmedia":[{"embeddable":true,"href":"https:\/\/parapharmacieenligne.ma\/en\/wp-json\/wp\/v2\/media\/19464"}],"wp:attachment":[{"href":"https:\/\/parapharmacieenligne.ma\/en\/wp-json\/wp\/v2\/media?parent=19465"}],"wp:term":[{"taxonomy":"product_cat","embeddable":true,"href":"https:\/\/parapharmacieenligne.ma\/en\/wp-json\/wp\/v2\/product_cat?post=19465"},{"taxonomy":"product_tag","embeddable":true,"href":"https:\/\/parapharmacieenligne.ma\/en\/wp-json\/wp\/v2\/product_tag?post=19465"},{"taxonomy":"yith_product_brand","embeddable":true,"href":"https:\/\/parapharmacieenligne.ma\/en\/wp-json\/wp\/v2\/yith_product_brand?post=19465"}],"curies":[{"name":"wp","href":"https:\/\/api.w.org\/{rel}","templated":true}]}}