{"id":19468,"date":"2026-04-12T01:02:17","date_gmt":"2026-04-11T23:02:17","guid":{"rendered":"https:\/\/parapharmacieenligne.ma\/?post_type=product&#038;p=19468"},"modified":"2026-04-12T01:02:24","modified_gmt":"2026-04-11T23:02:24","slug":"gum-brosse-a-dents-post-operation-delicate-ref-317","status":"publish","type":"product","link":"https:\/\/parapharmacieenligne.ma\/en\/product\/gum-brosse-a-dents-post-operation-delicate-ref-317\/","title":{"rendered":"GUM BROSSE A DENTS POST OPERATION DELICATE REF 317"},"content":{"rendered":"<p>GUM Post-Op\u00e9ration 317 est une brosse \u00e0 dents ultra souple id\u00e9ale pour :<\/p>\n<p>&#8211; Hygi\u00e8ne post-op\u00e9ratoire<\/p>\n<p>&#8211; Extractions<\/p>\n<p>&#8211; Pose d&rsquo;implants<\/p>\n<p>&#8211; Greffes<\/p>\n<p>&#8211; Probl\u00e8mes de gencives<\/p>\n<p>&#8211; Irritations et ulc\u00e9rations buccales.<\/p>\n<p>Brosse \u00e0 dents chirurgicale pour adulte , 4 rangs.<\/p>\n<p>T\u00eate plate : en cas de chirurgie, permet de nettoyer la zone op\u00e9r\u00e9e et d&rsquo;appliquer un gel \u00e0 base de chlorhexidine (par exemple GUM Paroex).<\/p>\n<p>Manche ergonomique : grip en caoutchouc pour une meilleure prise en main. Col long et effil\u00e9 pour un acc\u00e8s facilit\u00e9 au secteur post\u00e9rieur.<\/p>\n<p>Placer la brosse \u00e0 dents le long de la gencive de fa\u00e7on \u00e0 former un angle de 45\u00b0. Les brins s&rsquo;ins\u00e9reront dans le sillon gingivo-dentaire et pourront r\u00e9colter la plaque qui s&rsquo;y est form\u00e9e.<\/p>\n<p>Brosser doucement la face externe d&rsquo;un groupe de 2 ou 3 dents en effectuant un mouvement rotatif allant des gencives vers les dents. R\u00e9p\u00e9ter ce mouvement sur le groupe suivant de 2 ou 3 dents et ainsi de suite pour toutes les dents des arcades.<\/p>\n<p>Brosser les faces internes des dents de la m\u00eame mani\u00e8re que les faces externes en maintenant l&rsquo;angle de 45\u00b0 entre la brosse et le sillon gingivo-dentaire.<\/p>\n<p>Au niveau des incisives sup\u00e9rieures et inf\u00e9rieures, effectuer un mouvement de va-et-vient en utilisant l&rsquo;extr\u00e9mit\u00e9 de la t\u00eate de la brosse \u00e0 dents.<\/p>\n<p>En dernier lieu, brosser les faces occlusales &#8211; celles qui servent \u00e0 mastiquer &#8211; des molaires en un mouvement horizontal.<\/p>\n<p>Indication : Hygi\u00e8ne dentaire, plaque dentaire. Extraction dentaire, curetage, chirurgie parondontale, greffe gingivale, chirurgie implantaire, ulc\u00e9rations, postradioth\u00e9rapie de la sph\u00e8re ORL. Adulte.<\/p>","protected":false},"excerpt":{"rendered":"<p>GUM Post-Op\u00e9ration 317 est une brosse \u00e0 dents ultra souple id\u00e9ale pour : &#8211; Hygi\u00e8ne post-op\u00e9ratoire &#8211; Extractions &#8211; Pose d&rsquo;implants &#8211;&hellip;<\/p>","protected":false},"featured_media":19467,"comment_status":"open","ping_status":"closed","template":"","meta":[],"product_cat":[88],"product_tag":[],"yith_product_brand":[215],"class_list":{"0":"post-19468","1":"product","2":"type-product","3":"status-publish","4":"has-post-thumbnail","6":"product_cat-soins-bucco-dentaires","7":"yith_product_brand-g-u-m","9":"first","10":"instock","11":"sale","12":"shipping-taxable","13":"purchasable","14":"product-type-simple"},"_links":{"self":[{"href":"https:\/\/parapharmacieenligne.ma\/en\/wp-json\/wp\/v2\/product\/19468","targetHints":{"allow":["GET"]}}],"collection":[{"href":"https:\/\/parapharmacieenligne.ma\/en\/wp-json\/wp\/v2\/product"}],"about":[{"href":"https:\/\/parapharmacieenligne.ma\/en\/wp-json\/wp\/v2\/types\/product"}],"replies":[{"embeddable":true,"href":"https:\/\/parapharmacieenligne.ma\/en\/wp-json\/wp\/v2\/comments?post=19468"}],"version-history":[{"count":1,"href":"https:\/\/parapharmacieenligne.ma\/en\/wp-json\/wp\/v2\/product\/19468\/revisions"}],"predecessor-version":[{"id":19469,"href":"https:\/\/parapharmacieenligne.ma\/en\/wp-json\/wp\/v2\/product\/19468\/revisions\/19469"}],"wp:featuredmedia":[{"embeddable":true,"href":"https:\/\/parapharmacieenligne.ma\/en\/wp-json\/wp\/v2\/media\/19467"}],"wp:attachment":[{"href":"https:\/\/parapharmacieenligne.ma\/en\/wp-json\/wp\/v2\/media?parent=19468"}],"wp:term":[{"taxonomy":"product_cat","embeddable":true,"href":"https:\/\/parapharmacieenligne.ma\/en\/wp-json\/wp\/v2\/product_cat?post=19468"},{"taxonomy":"product_tag","embeddable":true,"href":"https:\/\/parapharmacieenligne.ma\/en\/wp-json\/wp\/v2\/product_tag?post=19468"},{"taxonomy":"yith_product_brand","embeddable":true,"href":"https:\/\/parapharmacieenligne.ma\/en\/wp-json\/wp\/v2\/yith_product_brand?post=19468"}],"curies":[{"name":"wp","href":"https:\/\/api.w.org\/{rel}","templated":true}]}}