{"id":19474,"date":"2026-04-12T01:02:47","date_gmt":"2026-04-11T23:02:47","guid":{"rendered":"https:\/\/parapharmacieenligne.ma\/?post_type=product&#038;p=19474"},"modified":"2026-04-12T01:02:52","modified_gmt":"2026-04-11T23:02:52","slug":"gum-brosse-a-dents-prothese-special-dentier-avec-2-tetes-ref-201","status":"publish","type":"product","link":"https:\/\/parapharmacieenligne.ma\/en\/product\/gum-brosse-a-dents-prothese-special-dentier-avec-2-tetes-ref-201\/","title":{"rendered":"GUM BROSSE A DENTS PROTHESE SPECIAL DENTIER AVEC 2 TETES REF 201"},"content":{"rendered":"<p>Cette brosse est sp\u00e9cialement \u00e9tudi\u00e9e pour faciliter le nettoyage gr\u00e2ce \u00e0 sa poign\u00e9e comportant un levier confortable pour les personnes ayant une dext\u00e9rit\u00e9 limit\u00e9e.<\/p>\n<p>Sa t\u00eate large simplifie et rend efficace le nettoyage en douceur de surfaces externes de la proth\u00e8se. Son manche ergonomique apporte une meilleure maniabilit\u00e9 afin de retirer les r\u00e9sidus alimentaires qui y sont coinc\u00e9s.<br \/>\nElle comprend deux t\u00eates de brosses de configuration diff\u00e9rente :<\/p>\n<p>Une t\u00eate \u00e0 poils plats pour les surfaces lisses<br \/>\nUne t\u00eate unique pour les zones difficiles \u00e0 atteindre.<\/p>","protected":false},"excerpt":{"rendered":"<p>Cette brosse est sp\u00e9cialement \u00e9tudi\u00e9e pour faciliter le nettoyage gr\u00e2ce \u00e0 sa poign\u00e9e comportant un levier confortable pour les personnes ayant une&hellip;<\/p>","protected":false},"featured_media":19473,"comment_status":"open","ping_status":"closed","template":"","meta":[],"product_cat":[88],"product_tag":[],"yith_product_brand":[215],"class_list":{"0":"post-19474","1":"product","2":"type-product","3":"status-publish","4":"has-post-thumbnail","6":"product_cat-soins-bucco-dentaires","7":"yith_product_brand-g-u-m","9":"first","10":"instock","11":"sale","12":"shipping-taxable","13":"purchasable","14":"product-type-simple"},"_links":{"self":[{"href":"https:\/\/parapharmacieenligne.ma\/en\/wp-json\/wp\/v2\/product\/19474","targetHints":{"allow":["GET"]}}],"collection":[{"href":"https:\/\/parapharmacieenligne.ma\/en\/wp-json\/wp\/v2\/product"}],"about":[{"href":"https:\/\/parapharmacieenligne.ma\/en\/wp-json\/wp\/v2\/types\/product"}],"replies":[{"embeddable":true,"href":"https:\/\/parapharmacieenligne.ma\/en\/wp-json\/wp\/v2\/comments?post=19474"}],"version-history":[{"count":1,"href":"https:\/\/parapharmacieenligne.ma\/en\/wp-json\/wp\/v2\/product\/19474\/revisions"}],"predecessor-version":[{"id":19475,"href":"https:\/\/parapharmacieenligne.ma\/en\/wp-json\/wp\/v2\/product\/19474\/revisions\/19475"}],"wp:featuredmedia":[{"embeddable":true,"href":"https:\/\/parapharmacieenligne.ma\/en\/wp-json\/wp\/v2\/media\/19473"}],"wp:attachment":[{"href":"https:\/\/parapharmacieenligne.ma\/en\/wp-json\/wp\/v2\/media?parent=19474"}],"wp:term":[{"taxonomy":"product_cat","embeddable":true,"href":"https:\/\/parapharmacieenligne.ma\/en\/wp-json\/wp\/v2\/product_cat?post=19474"},{"taxonomy":"product_tag","embeddable":true,"href":"https:\/\/parapharmacieenligne.ma\/en\/wp-json\/wp\/v2\/product_tag?post=19474"},{"taxonomy":"yith_product_brand","embeddable":true,"href":"https:\/\/parapharmacieenligne.ma\/en\/wp-json\/wp\/v2\/yith_product_brand?post=19474"}],"curies":[{"name":"wp","href":"https:\/\/api.w.org\/{rel}","templated":true}]}}