{"id":19486,"date":"2026-04-12T01:03:46","date_gmt":"2026-04-11T23:03:46","guid":{"rendered":"https:\/\/parapharmacieenligne.ma\/?post_type=product&#038;p=19486"},"modified":"2026-04-12T01:03:54","modified_gmt":"2026-04-11T23:03:54","slug":"gum-brosse-a-dents-sonic-sensivital-a-pile-brins-ultra-doux-ref-4101","status":"publish","type":"product","link":"https:\/\/parapharmacieenligne.ma\/en\/product\/gum-brosse-a-dents-sonic-sensivital-a-pile-brins-ultra-doux-ref-4101\/","title":{"rendered":"GUM BROSSE A DENTS SONIC SENSIVITAL A PILE BRINS ULTRA DOUX REF 4101"},"content":{"rendered":"<p>La brosse \u00e0 dents \u00e0 pile GUM SONIC SENSITIVE offre un nettoyage ultra doux et en profondeur pour les dents et les gencives sensibles. Elle nettoie efficacement les zones difficiles d\u2019acc\u00e8s et procure une sensation de brossage tr\u00e8s agr\u00e9able. Les vibrations soniques vous aident \u00e0 \u00e9liminer la plaque dentaire efficacement, et plus facilement. L\u00e9g\u00e8re, compacte et \u00e9l\u00e9gante, elle trouve parfaitement sa place dans votre salle de bain et est id\u00e9ale pour les voyages.<\/p>","protected":false},"excerpt":{"rendered":"<p>La brosse \u00e0 dents \u00e0 pile GUM SONIC SENSITIVE offre un nettoyage ultra doux et en profondeur pour les dents et les&hellip;<\/p>","protected":false},"featured_media":19485,"comment_status":"open","ping_status":"closed","template":"","meta":[],"product_cat":[88],"product_tag":[],"yith_product_brand":[215],"class_list":{"0":"post-19486","1":"product","2":"type-product","3":"status-publish","4":"has-post-thumbnail","6":"product_cat-soins-bucco-dentaires","7":"yith_product_brand-g-u-m","9":"first","10":"instock","11":"sale","12":"shipping-taxable","13":"purchasable","14":"product-type-simple"},"_links":{"self":[{"href":"https:\/\/parapharmacieenligne.ma\/en\/wp-json\/wp\/v2\/product\/19486","targetHints":{"allow":["GET"]}}],"collection":[{"href":"https:\/\/parapharmacieenligne.ma\/en\/wp-json\/wp\/v2\/product"}],"about":[{"href":"https:\/\/parapharmacieenligne.ma\/en\/wp-json\/wp\/v2\/types\/product"}],"replies":[{"embeddable":true,"href":"https:\/\/parapharmacieenligne.ma\/en\/wp-json\/wp\/v2\/comments?post=19486"}],"version-history":[{"count":1,"href":"https:\/\/parapharmacieenligne.ma\/en\/wp-json\/wp\/v2\/product\/19486\/revisions"}],"predecessor-version":[{"id":19487,"href":"https:\/\/parapharmacieenligne.ma\/en\/wp-json\/wp\/v2\/product\/19486\/revisions\/19487"}],"wp:featuredmedia":[{"embeddable":true,"href":"https:\/\/parapharmacieenligne.ma\/en\/wp-json\/wp\/v2\/media\/19485"}],"wp:attachment":[{"href":"https:\/\/parapharmacieenligne.ma\/en\/wp-json\/wp\/v2\/media?parent=19486"}],"wp:term":[{"taxonomy":"product_cat","embeddable":true,"href":"https:\/\/parapharmacieenligne.ma\/en\/wp-json\/wp\/v2\/product_cat?post=19486"},{"taxonomy":"product_tag","embeddable":true,"href":"https:\/\/parapharmacieenligne.ma\/en\/wp-json\/wp\/v2\/product_tag?post=19486"},{"taxonomy":"yith_product_brand","embeddable":true,"href":"https:\/\/parapharmacieenligne.ma\/en\/wp-json\/wp\/v2\/yith_product_brand?post=19486"}],"curies":[{"name":"wp","href":"https:\/\/api.w.org\/{rel}","templated":true}]}}