{"id":19489,"date":"2026-04-12T01:04:01","date_gmt":"2026-04-11T23:04:01","guid":{"rendered":"https:\/\/parapharmacieenligne.ma\/?post_type=product&#038;p=19489"},"modified":"2026-04-12T01:04:10","modified_gmt":"2026-04-11T23:04:10","slug":"gum-brosse-a-dents-end-tuft-souple-ref-308","status":"publish","type":"product","link":"https:\/\/parapharmacieenligne.ma\/en\/product\/gum-brosse-a-dents-end-tuft-souple-ref-308\/","title":{"rendered":"GUM BROSSE A DENTS END TUFT SOUPLE REF 308"},"content":{"rendered":"<p>La brosse \u00e0 dents GUM\u00ae End Tuft est cliniquement con\u00e7ue pour les zones difficiles \u00e0 atteindre ou simplement difficiles \u00e0 nettoyer o\u00f9 l\u2019accumulation de plaque dentaire deviendra nocive pour les dents ou les gencives.<\/p>","protected":false},"excerpt":{"rendered":"<p>La brosse \u00e0 dents GUM\u00ae End Tuft est cliniquement con\u00e7ue pour les zones difficiles \u00e0 atteindre ou simplement difficiles \u00e0 nettoyer o\u00f9&hellip;<\/p>","protected":false},"featured_media":19488,"comment_status":"open","ping_status":"closed","template":"","meta":[],"product_cat":[88],"product_tag":[],"yith_product_brand":[215],"class_list":{"0":"post-19489","1":"product","2":"type-product","3":"status-publish","4":"has-post-thumbnail","6":"product_cat-soins-bucco-dentaires","7":"yith_product_brand-g-u-m","9":"first","10":"instock","11":"sale","12":"shipping-taxable","13":"purchasable","14":"product-type-simple"},"_links":{"self":[{"href":"https:\/\/parapharmacieenligne.ma\/en\/wp-json\/wp\/v2\/product\/19489","targetHints":{"allow":["GET"]}}],"collection":[{"href":"https:\/\/parapharmacieenligne.ma\/en\/wp-json\/wp\/v2\/product"}],"about":[{"href":"https:\/\/parapharmacieenligne.ma\/en\/wp-json\/wp\/v2\/types\/product"}],"replies":[{"embeddable":true,"href":"https:\/\/parapharmacieenligne.ma\/en\/wp-json\/wp\/v2\/comments?post=19489"}],"version-history":[{"count":1,"href":"https:\/\/parapharmacieenligne.ma\/en\/wp-json\/wp\/v2\/product\/19489\/revisions"}],"predecessor-version":[{"id":19490,"href":"https:\/\/parapharmacieenligne.ma\/en\/wp-json\/wp\/v2\/product\/19489\/revisions\/19490"}],"wp:featuredmedia":[{"embeddable":true,"href":"https:\/\/parapharmacieenligne.ma\/en\/wp-json\/wp\/v2\/media\/19488"}],"wp:attachment":[{"href":"https:\/\/parapharmacieenligne.ma\/en\/wp-json\/wp\/v2\/media?parent=19489"}],"wp:term":[{"taxonomy":"product_cat","embeddable":true,"href":"https:\/\/parapharmacieenligne.ma\/en\/wp-json\/wp\/v2\/product_cat?post=19489"},{"taxonomy":"product_tag","embeddable":true,"href":"https:\/\/parapharmacieenligne.ma\/en\/wp-json\/wp\/v2\/product_tag?post=19489"},{"taxonomy":"yith_product_brand","embeddable":true,"href":"https:\/\/parapharmacieenligne.ma\/en\/wp-json\/wp\/v2\/yith_product_brand?post=19489"}],"curies":[{"name":"wp","href":"https:\/\/api.w.org\/{rel}","templated":true}]}}