{"id":19495,"date":"2026-04-12T01:04:31","date_gmt":"2026-04-11T23:04:31","guid":{"rendered":"https:\/\/parapharmacieenligne.ma\/?post_type=product&#038;p=19495"},"modified":"2026-04-12T01:04:39","modified_gmt":"2026-04-11T23:04:39","slug":"gum-manche-par-4-unites-avec-brossette-large-2-6mm-ref-1619","status":"publish","type":"product","link":"https:\/\/parapharmacieenligne.ma\/en\/product\/gum-manche-par-4-unites-avec-brossette-large-2-6mm-ref-1619\/","title":{"rendered":"GUM MANCHE PAR 4 UNITES AVEC BROSSETTE LARGE 2.6MM REF 1619"},"content":{"rendered":"<p>Les brossettes interdentaires Gum Trav-ler se pr\u00e9sentent sous 9 diam\u00e8tres de passage entre les dents diff\u00e9rents pour s&rsquo;adapter \u00e0 chaque dentition. Un code couleur permet d&rsquo;identifier chaque diam\u00e8tre de brossette<\/p>","protected":false},"excerpt":{"rendered":"<p>Les brossettes interdentaires Gum Trav-ler se pr\u00e9sentent sous 9 diam\u00e8tres de passage entre les dents diff\u00e9rents pour s&rsquo;adapter \u00e0 chaque dentition. Un&hellip;<\/p>","protected":false},"featured_media":19494,"comment_status":"open","ping_status":"closed","template":"","meta":[],"product_cat":[88],"product_tag":[],"yith_product_brand":[215],"class_list":{"0":"post-19495","1":"product","2":"type-product","3":"status-publish","4":"has-post-thumbnail","6":"product_cat-soins-bucco-dentaires","7":"yith_product_brand-g-u-m","9":"first","10":"instock","11":"sale","12":"shipping-taxable","13":"purchasable","14":"product-type-simple"},"_links":{"self":[{"href":"https:\/\/parapharmacieenligne.ma\/en\/wp-json\/wp\/v2\/product\/19495","targetHints":{"allow":["GET"]}}],"collection":[{"href":"https:\/\/parapharmacieenligne.ma\/en\/wp-json\/wp\/v2\/product"}],"about":[{"href":"https:\/\/parapharmacieenligne.ma\/en\/wp-json\/wp\/v2\/types\/product"}],"replies":[{"embeddable":true,"href":"https:\/\/parapharmacieenligne.ma\/en\/wp-json\/wp\/v2\/comments?post=19495"}],"version-history":[{"count":1,"href":"https:\/\/parapharmacieenligne.ma\/en\/wp-json\/wp\/v2\/product\/19495\/revisions"}],"predecessor-version":[{"id":19496,"href":"https:\/\/parapharmacieenligne.ma\/en\/wp-json\/wp\/v2\/product\/19495\/revisions\/19496"}],"wp:featuredmedia":[{"embeddable":true,"href":"https:\/\/parapharmacieenligne.ma\/en\/wp-json\/wp\/v2\/media\/19494"}],"wp:attachment":[{"href":"https:\/\/parapharmacieenligne.ma\/en\/wp-json\/wp\/v2\/media?parent=19495"}],"wp:term":[{"taxonomy":"product_cat","embeddable":true,"href":"https:\/\/parapharmacieenligne.ma\/en\/wp-json\/wp\/v2\/product_cat?post=19495"},{"taxonomy":"product_tag","embeddable":true,"href":"https:\/\/parapharmacieenligne.ma\/en\/wp-json\/wp\/v2\/product_tag?post=19495"},{"taxonomy":"yith_product_brand","embeddable":true,"href":"https:\/\/parapharmacieenligne.ma\/en\/wp-json\/wp\/v2\/yith_product_brand?post=19495"}],"curies":[{"name":"wp","href":"https:\/\/api.w.org\/{rel}","templated":true}]}}