{"id":19498,"date":"2026-04-12T01:04:48","date_gmt":"2026-04-11T23:04:48","guid":{"rendered":"https:\/\/parapharmacieenligne.ma\/?post_type=product&#038;p=19498"},"modified":"2026-04-12T01:04:53","modified_gmt":"2026-04-11T23:04:53","slug":"gum-manche-par-6-unites-avec-brosette-fine-1-2-mm-ref-2614","status":"publish","type":"product","link":"https:\/\/parapharmacieenligne.ma\/en\/product\/gum-manche-par-6-unites-avec-brosette-fine-1-2-mm-ref-2614\/","title":{"rendered":"GUM MANCHE PAR 6 UNITES AVEC BROSETTE FINE 1.2 MM REF 2614"},"content":{"rendered":"<p>Dot\u00e9es d&rsquo;une t\u00eate orientable jusqu&rsquo;\u00e0 90\u00b0, les brossettes interdentaires coniques Bi Direction 2614 nettoient les espaces interdentaires de 1,2 mm de diam\u00e8tre, Leur manche orientable permet une parfaite hygi\u00e8ne bucco-dentaire, Extr\u00e9mit\u00e9 arrondie sur hampe m\u00e9tallique torsad\u00e9e en mangan\u00e8se qui accro\u00eet la dur\u00e9e de vie de la brossette<\/p>","protected":false},"excerpt":{"rendered":"<p>Dot\u00e9es d&rsquo;une t\u00eate orientable jusqu&rsquo;\u00e0 90\u00b0, les brossettes interdentaires coniques Bi Direction 2614 nettoient les espaces interdentaires de 1,2 mm de diam\u00e8tre,&hellip;<\/p>","protected":false},"featured_media":19497,"comment_status":"open","ping_status":"closed","template":"","meta":[],"product_cat":[88],"product_tag":[],"yith_product_brand":[215],"class_list":{"0":"post-19498","1":"product","2":"type-product","3":"status-publish","4":"has-post-thumbnail","6":"product_cat-soins-bucco-dentaires","7":"yith_product_brand-g-u-m","9":"first","10":"instock","11":"sale","12":"shipping-taxable","13":"purchasable","14":"product-type-simple"},"_links":{"self":[{"href":"https:\/\/parapharmacieenligne.ma\/en\/wp-json\/wp\/v2\/product\/19498","targetHints":{"allow":["GET"]}}],"collection":[{"href":"https:\/\/parapharmacieenligne.ma\/en\/wp-json\/wp\/v2\/product"}],"about":[{"href":"https:\/\/parapharmacieenligne.ma\/en\/wp-json\/wp\/v2\/types\/product"}],"replies":[{"embeddable":true,"href":"https:\/\/parapharmacieenligne.ma\/en\/wp-json\/wp\/v2\/comments?post=19498"}],"version-history":[{"count":1,"href":"https:\/\/parapharmacieenligne.ma\/en\/wp-json\/wp\/v2\/product\/19498\/revisions"}],"predecessor-version":[{"id":19499,"href":"https:\/\/parapharmacieenligne.ma\/en\/wp-json\/wp\/v2\/product\/19498\/revisions\/19499"}],"wp:featuredmedia":[{"embeddable":true,"href":"https:\/\/parapharmacieenligne.ma\/en\/wp-json\/wp\/v2\/media\/19497"}],"wp:attachment":[{"href":"https:\/\/parapharmacieenligne.ma\/en\/wp-json\/wp\/v2\/media?parent=19498"}],"wp:term":[{"taxonomy":"product_cat","embeddable":true,"href":"https:\/\/parapharmacieenligne.ma\/en\/wp-json\/wp\/v2\/product_cat?post=19498"},{"taxonomy":"product_tag","embeddable":true,"href":"https:\/\/parapharmacieenligne.ma\/en\/wp-json\/wp\/v2\/product_tag?post=19498"},{"taxonomy":"yith_product_brand","embeddable":true,"href":"https:\/\/parapharmacieenligne.ma\/en\/wp-json\/wp\/v2\/yith_product_brand?post=19498"}],"curies":[{"name":"wp","href":"https:\/\/api.w.org\/{rel}","templated":true}]}}