{"id":19501,"date":"2026-04-12T01:05:00","date_gmt":"2026-04-11T23:05:00","guid":{"rendered":"https:\/\/parapharmacieenligne.ma\/?post_type=product&#038;p=19501"},"modified":"2026-04-12T01:05:09","modified_gmt":"2026-04-11T23:05:09","slug":"gum-manche-par-6-unites-avec-brosette-super-fine-1-4-mm-ref-2714","status":"publish","type":"product","link":"https:\/\/parapharmacieenligne.ma\/en\/product\/gum-manche-par-6-unites-avec-brosette-super-fine-1-4-mm-ref-2714\/","title":{"rendered":"GUM MANCHE PAR 6 UNITES AVEC BROSETTE SUPER FINE 1.4 MM REF 2714"},"content":{"rendered":"<p>La brossette interdentaire GUM BI-DIRECTION a un design intelligent lui permettant d\u2019\u00eatre orientable en deux positions (90\u00b0 ou 180\u00b0) en fonction des zones de la bouche \u00e0 nettoyer. Nous vous recommandons de l\u2019utiliser au moins une fois par jour, de pr\u00e9f\u00e9rence apr\u00e8s votre repas du soir.<\/p>","protected":false},"excerpt":{"rendered":"<p>La brossette interdentaire GUM BI-DIRECTION a un design intelligent lui permettant d\u2019\u00eatre orientable en deux positions (90\u00b0 ou 180\u00b0) en fonction des&hellip;<\/p>","protected":false},"featured_media":19500,"comment_status":"open","ping_status":"closed","template":"","meta":[],"product_cat":[88],"product_tag":[],"yith_product_brand":[215],"class_list":{"0":"post-19501","1":"product","2":"type-product","3":"status-publish","4":"has-post-thumbnail","6":"product_cat-soins-bucco-dentaires","7":"yith_product_brand-g-u-m","9":"first","10":"instock","11":"sale","12":"shipping-taxable","13":"purchasable","14":"product-type-simple"},"_links":{"self":[{"href":"https:\/\/parapharmacieenligne.ma\/en\/wp-json\/wp\/v2\/product\/19501","targetHints":{"allow":["GET"]}}],"collection":[{"href":"https:\/\/parapharmacieenligne.ma\/en\/wp-json\/wp\/v2\/product"}],"about":[{"href":"https:\/\/parapharmacieenligne.ma\/en\/wp-json\/wp\/v2\/types\/product"}],"replies":[{"embeddable":true,"href":"https:\/\/parapharmacieenligne.ma\/en\/wp-json\/wp\/v2\/comments?post=19501"}],"version-history":[{"count":1,"href":"https:\/\/parapharmacieenligne.ma\/en\/wp-json\/wp\/v2\/product\/19501\/revisions"}],"predecessor-version":[{"id":19502,"href":"https:\/\/parapharmacieenligne.ma\/en\/wp-json\/wp\/v2\/product\/19501\/revisions\/19502"}],"wp:featuredmedia":[{"embeddable":true,"href":"https:\/\/parapharmacieenligne.ma\/en\/wp-json\/wp\/v2\/media\/19500"}],"wp:attachment":[{"href":"https:\/\/parapharmacieenligne.ma\/en\/wp-json\/wp\/v2\/media?parent=19501"}],"wp:term":[{"taxonomy":"product_cat","embeddable":true,"href":"https:\/\/parapharmacieenligne.ma\/en\/wp-json\/wp\/v2\/product_cat?post=19501"},{"taxonomy":"product_tag","embeddable":true,"href":"https:\/\/parapharmacieenligne.ma\/en\/wp-json\/wp\/v2\/product_tag?post=19501"},{"taxonomy":"yith_product_brand","embeddable":true,"href":"https:\/\/parapharmacieenligne.ma\/en\/wp-json\/wp\/v2\/yith_product_brand?post=19501"}],"curies":[{"name":"wp","href":"https:\/\/api.w.org\/{rel}","templated":true}]}}